{"id":49413,"date":"2025-12-29T13:36:19","date_gmt":"2025-12-29T12:36:19","guid":{"rendered":"https:\/\/czk-cakovec.hr\/?page_id=49413"},"modified":"2025-12-29T13:37:21","modified_gmt":"2025-12-29T12:37:21","slug":"braca-istih-hlaca","status":"publish","type":"page","link":"https:\/\/czk-cakovec.hr\/saturn\/braca-istih-hlaca\/","title":{"rendered":"Bra\u0107a istih hla\u010da"},"content":{"rendered":"<div class=\"wpb-content-wrapper\">[vc_row equal_height=&#8221;yes&#8221; content_placement=&#8221;middle&#8221;][vc_column width=&#8221;1\/3&#8243;][vc_single_image image=&#8221;49289&#8243; img_size=&#8221;large&#8221; alignment=&#8221;center&#8221; css=&#8221;&#8221;][\/vc_column][vc_column width=&#8221;2\/3&#8243;][vc_custom_heading text=&#8221;Bra\u0107a istih hla\u010da&#8221; font_container=&#8221;tag:h1|text_align:left&#8221; css=&#8221;&#8221;][\/vc_column][\/vc_row][vc_row][vc_column][vc_column_text css=&#8221;&#8221;]<strong>Redatelj:<\/strong>\u00a0Davor Dokleja<br \/>\n<strong>Tekst:<\/strong>\u00a0Ivona Marciu\u0161<br \/>\n<strong>Likovno oblikovanje (lutke, scenografija i kostimi):<\/strong>\u00a0Kaja Resman<br \/>\n<strong>Glazba<\/strong>: Smokey Smoke<strong><br \/>\nOblikovanje rasvjete:<\/strong>\u00a0Mario Zelenbaba<br \/>\n<strong>Oblikovanje plakata:<\/strong>\u00a0Kaja Resman<\/p>\n<p>Igraju: Mara Barbi\u0107, Eva Marciu\u0161, Simon Varo\u0161anec, Franka Bene, Dora Sr\u0111enovi\u0107, Jakov Feher, Martin Zadravec i Vida Ha\u010dek<\/p>\n<p><strong>O predstavi:<br \/>\n<\/strong>Desetogodi\u0161njaci Marko i Tonka prire\u0111uju ro\u0111endansku proslavu na bazenu u dvori\u0161tu. Blizanke Lucija i Gabi su pozvane. Tonkina najbolja prijateljica Nina nije pozvana i zato odlu\u010duje upropastiti cijelu proslavu. Sabotira cijevi na bazenu pa bazen ostaje prazan. Jadni Marko i Tonka ve\u0107 odustaju od proslave i bazena, sve dok se na vratima ne pojave najbolji vodoinstalateri u gradu \u2013 Mario i Luigi!<\/p>\n<p>Pri\u010da o prijateljstvu koje se gradilo i gradi se kroz igru i zajedni\u010dke ro\u0111endane. O tome kako su trenutci provedeni zajedno u dru\u017eenju jo\u0161 uvijek bitniji od igrica na kompjuteru ili playstationu. O ro\u0111endanu koji je ove godine bio malo druga\u010diji od onih prija\u0161njih. O sva\u0111i i maloj spletki, ali i o mirenju koje na kraju dolazi od onih koji su iza\u0161li iz video igre kako bi spasili pravu igru. Petero prijatelja trebalo je podsjetiti da su s razlogom oduvijek zajedno puhali svje\u0107ice na torti.<\/p>\n<p><strong>Vrsta predstave:<\/strong>\u00a0igrana i lutkarska (kazali\u0161te sjena)<br \/>\n<strong>Trajanje<\/strong>:\u00a030 minuta<br \/>\n<strong>Uzrast<\/strong>:\u00a05+ (vrti\u0107i i ni\u017ei razredi osnovne \u0161kole)[\/vc_column_text][vc_gallery type=&#8221;image_grid&#8221; images=&#8221;49416&#8243; css=&#8221;&#8221;][\/vc_column][\/vc_row]\n<\/div>","protected":false},"excerpt":{"rendered":"<p>[vc_row equal_height=&#8221;yes&#8221; content_placement=&#8221;middle&#8221;][vc_column width=&#8221;1\/3&#8243;][vc_single_image image=&#8221;49289&#8243; img_size=&#8221;large&#8221; alignment=&#8221;center&#8221; css=&#8221;&#8221;][\/vc_column][vc_column width=&#8221;2\/3&#8243;][vc_custom_heading text=&#8221;Bra\u0107a istih hla\u010da&#8221; font_container=&#8221;tag:h1|text_align:left&#8221; css=&#8221;&#8221;][\/vc_column][\/vc_row][vc_row][vc_column][vc_column_text css=&#8221;&#8221;]Redatelj:\u00a0Davor Dokleja Tekst:\u00a0Ivona Marciu\u0161 Likovno oblikovanje (lutke, scenografija i kostimi):\u00a0Kaja Resman Glazba: Smokey Smoke Oblikovanje rasvjete:\u00a0Mario Zelenbaba Oblikovanje plakata:\u00a0Kaja Resman Igraju: Mara Barbi\u0107, Eva Marciu\u0161, Simon Varo\u0161anec, Franka Bene, Dora Sr\u0111enovi\u0107, Jakov Feher, Martin Zadravec i Vida Ha\u010dek O predstavi: Desetogodi\u0161njaci Marko i Tonka prire\u0111uju ro\u0111endansku [&hellip;]<\/p>\n","protected":false},"author":2,"featured_media":0,"parent":0,"menu_order":0,"comment_status":"closed","ping_status":"closed","template":"","meta":{"inline_featured_image":false,"footnotes":""},"class_list":["post-49413","page","type-page","status-publish","hentry"],"ulaznica_data":null,"_links":{"self":[{"href":"https:\/\/czk-cakovec.hr\/saturn\/wp-json\/wp\/v2\/pages\/49413","targetHints":{"allow":["GET"]}}],"collection":[{"href":"https:\/\/czk-cakovec.hr\/saturn\/wp-json\/wp\/v2\/pages"}],"about":[{"href":"https:\/\/czk-cakovec.hr\/saturn\/wp-json\/wp\/v2\/types\/page"}],"author":[{"embeddable":true,"href":"https:\/\/czk-cakovec.hr\/saturn\/wp-json\/wp\/v2\/users\/2"}],"replies":[{"embeddable":true,"href":"https:\/\/czk-cakovec.hr\/saturn\/wp-json\/wp\/v2\/comments?post=49413"}],"version-history":[{"count":3,"href":"https:\/\/czk-cakovec.hr\/saturn\/wp-json\/wp\/v2\/pages\/49413\/revisions"}],"predecessor-version":[{"id":49418,"href":"https:\/\/czk-cakovec.hr\/saturn\/wp-json\/wp\/v2\/pages\/49413\/revisions\/49418"}],"wp:attachment":[{"href":"https:\/\/czk-cakovec.hr\/saturn\/wp-json\/wp\/v2\/media?parent=49413"}],"curies":[{"name":"wp","href":"https:\/\/api.w.org\/{rel}","templated":true}]}}