{"id":49419,"date":"2025-12-29T13:40:21","date_gmt":"2025-12-29T12:40:21","guid":{"rendered":"https:\/\/czk-cakovec.hr\/?page_id=49419"},"modified":"2025-12-29T13:40:44","modified_gmt":"2025-12-29T12:40:44","slug":"dok-te-nije-bilo","status":"publish","type":"page","link":"https:\/\/czk-cakovec.hr\/saturn\/dok-te-nije-bilo\/","title":{"rendered":"Dok te nije bilo"},"content":{"rendered":"<div class=\"wpb-content-wrapper\">[vc_row equal_height=&#8221;yes&#8221; content_placement=&#8221;middle&#8221;][vc_column width=&#8221;1\/3&#8243;][vc_single_image image=&#8221;49290&#8243; img_size=&#8221;medium&#8221; alignment=&#8221;center&#8221; css=&#8221;&#8221;][\/vc_column][vc_column width=&#8221;2\/3&#8243;][vc_custom_heading text=&#8221;Dok te nije bilo &#8221; font_container=&#8221;tag:h1|text_align:left&#8221; css=&#8221;&#8221;][\/vc_column][\/vc_row][vc_row][vc_column][vc_column_text css=&#8221;&#8221;]Prema tekstu \u201eDok te nije bilo\u201c \u00a0(Elif Temu\u00e7in)<\/p>\n<p><strong>Re\u017eija i dramaturgija:<\/strong>\u00a0Davor Dokleja<br \/>\n<strong>Likovno oblikovanje (lutke, scenografija i kostimi):<\/strong>\u00a0Jelena Dokleja<br \/>\n<strong>Glazba<\/strong>:Igor Baksa<strong><br \/>\nOblikovanje rasvjete:<\/strong>\u00a0Mario Zelenbaba<br \/>\n<strong>Oblikovanje plakata:<\/strong>\u00a0Tomislav Brozovi\u0107<strong><br \/>\nIgraju<\/strong>: Asja Vidovi\u0107, Jakov Feher, Eva Marciu\u0161, Matej \u017derjav, Nika \u0160ari\u0107, David \u0160afari\u0107, \u00a0Mara Barbi\u0107, Helena \u017didov<\/p>\n<p><strong>O predstavi:<\/strong><\/p>\n<p>Jedne no\u0107i dje\u010dak ne mo\u017ee zaspati. Nedostaje mu otac koji je daleko. Dje\u010dak zamoli majku da ponovno ispri\u010da pri\u010du o danu kada su se mama i tata prvi put upoznali. Majka po\u010dinje pri\u010dati pri\u010du dok zajedno sa sinom posprema sobu i preko predmeta, koje nalazi u sobi, zajedno s njim polako gradi pri\u010du ne primje\u0107uju\u0107i da i ona tako\u0111er pro\u017eivljava nanovo taj poseban dan. Gdje je otac, tko je on i o kome je ovo zapravo pri\u010da? Tko zna\u2026<\/p>\n<p><strong>Vrsta predstave:<\/strong>\u00a0igrana i lutkarska (kazali\u0161te predmeta)<br \/>\n<strong>Trajanje<\/strong>:\u00a040 minuta<br \/>\n<strong>Uzrast<\/strong>:\u00a03+ (vrti\u0107i i ni\u017ei razredi osnovne \u0161kole)[\/vc_column_text][\/vc_column][\/vc_row][vc_row][vc_column][\/vc_column][\/vc_row]\n<\/div>","protected":false},"excerpt":{"rendered":"<p>[vc_row equal_height=&#8221;yes&#8221; content_placement=&#8221;middle&#8221;][vc_column width=&#8221;1\/3&#8243;][vc_single_image image=&#8221;49290&#8243; img_size=&#8221;medium&#8221; alignment=&#8221;center&#8221; css=&#8221;&#8221;][\/vc_column][vc_column width=&#8221;2\/3&#8243;][vc_custom_heading text=&#8221;Dok te nije bilo &#8221; font_container=&#8221;tag:h1|text_align:left&#8221; css=&#8221;&#8221;][\/vc_column][\/vc_row][vc_row][vc_column][vc_column_text css=&#8221;&#8221;]Prema tekstu \u201eDok te nije bilo\u201c \u00a0(Elif Temu\u00e7in) Re\u017eija i dramaturgija:\u00a0Davor Dokleja Likovno oblikovanje (lutke, scenografija i kostimi):\u00a0Jelena Dokleja Glazba:Igor Baksa Oblikovanje rasvjete:\u00a0Mario Zelenbaba Oblikovanje plakata:\u00a0Tomislav Brozovi\u0107 Igraju: Asja Vidovi\u0107, Jakov Feher, Eva Marciu\u0161, Matej \u017derjav, Nika \u0160ari\u0107, David \u0160afari\u0107, \u00a0Mara Barbi\u0107, Helena \u017didov [&hellip;]<\/p>\n","protected":false},"author":2,"featured_media":0,"parent":0,"menu_order":0,"comment_status":"closed","ping_status":"closed","template":"","meta":{"inline_featured_image":false,"footnotes":""},"class_list":["post-49419","page","type-page","status-publish","hentry"],"ulaznica_data":null,"_links":{"self":[{"href":"https:\/\/czk-cakovec.hr\/saturn\/wp-json\/wp\/v2\/pages\/49419","targetHints":{"allow":["GET"]}}],"collection":[{"href":"https:\/\/czk-cakovec.hr\/saturn\/wp-json\/wp\/v2\/pages"}],"about":[{"href":"https:\/\/czk-cakovec.hr\/saturn\/wp-json\/wp\/v2\/types\/page"}],"author":[{"embeddable":true,"href":"https:\/\/czk-cakovec.hr\/saturn\/wp-json\/wp\/v2\/users\/2"}],"replies":[{"embeddable":true,"href":"https:\/\/czk-cakovec.hr\/saturn\/wp-json\/wp\/v2\/comments?post=49419"}],"version-history":[{"count":3,"href":"https:\/\/czk-cakovec.hr\/saturn\/wp-json\/wp\/v2\/pages\/49419\/revisions"}],"predecessor-version":[{"id":49422,"href":"https:\/\/czk-cakovec.hr\/saturn\/wp-json\/wp\/v2\/pages\/49419\/revisions\/49422"}],"wp:attachment":[{"href":"https:\/\/czk-cakovec.hr\/saturn\/wp-json\/wp\/v2\/media?parent=49419"}],"curies":[{"name":"wp","href":"https:\/\/api.w.org\/{rel}","templated":true}]}}