{"id":49424,"date":"2025-12-29T13:57:40","date_gmt":"2025-12-29T12:57:40","guid":{"rendered":"https:\/\/czk-cakovec.hr\/?page_id=49424"},"modified":"2025-12-29T13:58:08","modified_gmt":"2025-12-29T12:58:08","slug":"kralj-lear","status":"publish","type":"page","link":"https:\/\/czk-cakovec.hr\/saturn\/kralj-lear\/","title":{"rendered":"Kralj Lear"},"content":{"rendered":"<div class=\"wpb-content-wrapper\">[vc_row equal_height=&#8221;yes&#8221; content_placement=&#8221;middle&#8221;][vc_column width=&#8221;1\/3&#8243;][vc_single_image image=&#8221;49291&#8243; img_size=&#8221;medium&#8221; alignment=&#8221;center&#8221; css=&#8221;&#8221;][\/vc_column][vc_column width=&#8221;2\/3&#8243;][vc_custom_heading text=&#8221;Kralj Lear&#8221; font_container=&#8221;tag:h1|text_align:left&#8221; css=&#8221;&#8221;][\/vc_column][\/vc_row][vc_row][vc_column][vc_column_text css=&#8221;&#8221;]<strong>KRALJ LEAR<br \/>\n<\/strong><em>(prema W. Shakespearu i Ulrichu Hubu)<\/em><br \/>\nPremijera 7. lipnja 2019. u Centru za kulturu \u010cakovec<\/p>\n<p><strong>Redatelj<\/strong>: Davor Dokleja<br \/>\n<strong>Glazba<\/strong>: Zagu\u0161ljivi Dim<br \/>\n<strong>Kostimi i scenografija<\/strong>: Bojana Vojvodi\u0107<br \/>\n<strong>Oblikovanje svjetla:<\/strong>\u00a0Mario Zelenbaba<br \/>\n<strong>Ilustracija za plakat:<\/strong>\u00a0Ivan Mun\u0111ar<br \/>\n<strong>Grafi\u010dko oblikovanje:<\/strong>\u00a0Bruno Kontrec<\/p>\n<p><strong>Igraju<\/strong>: Neven Mato\u0161a, Asja Vidovi\u0107, Vita Mikuli\u0107, Eva Marciu\u0161, Matej \u017derjav, Ivan Mun\u0111ar, Jakov Feher, Ivona Marciu\u0161, Mia Geren\u010der<\/p>\n<p><strong>O predstavi:<\/strong><br \/>\nPred vama je jedna od najjezivijih tragedija Williama Shakespearea. Pri\u010da je to o \u00a0kralju koji pod stare dane poludi.\u00a0 O plemi\u0107u kojem iskopaju o\u010di (u stilu serije Game of Thrones) i o tome kako \u0107e dvije tre\u0107ine djece poku\u0161ati ubiti vlastite roditelje samo za komad nasljedstva.<\/p>\n<p>No, Kralj Lear u interpretaciji Dramskog studija Dada ipak nije toliko mra\u010dan. Ulrich Hub poznati je njema\u010dki glumac i dramski pisac, a upravo smo njegovu obradu ove tragedije uzeli i njome se poigrali. Hub je \u0161iroj javnosti poznat po svojim interpretacijama Shakespearovih komada i njihovim prilagodbama za djecu i mlade. Pi\u0161u\u0107i novu verziju poznate drame istra\u017eio je\u00a0koja je vrijednost ljubavi?\u00a0Mo\u017ee li se ljubav podijeliti?\u00a0Ima li je dovoljno za sve?\u00a0Mo\u017ee li otac istovremeno voljeti sve \u00a0k\u0107eri?\u00a0Uzbudljivo i dirljivo, ali i smije\u0161no djelo o roditeljima, djeci i njihovim zajedni\u010dkim katastrofama.<\/p>\n<p>U ne\u0161to manje od sat vremena provest \u0107emo vas kroz tragediju i usput poku\u0161ati nau\u010diti jo\u0161 neke manje poznate \u010dinjenice vezane uz Williama Shakespearea.<\/p>\n<p><strong>Trajanje<\/strong>: 50 min.<br \/>\n<strong>Dob<\/strong>: 11 +[\/vc_column_text][\/vc_column][\/vc_row][vc_row][vc_column][vc_gallery type=&#8221;image_grid&#8221; images=&#8221;49426,49427,49428,49429,49430,49431,49432,49433,49434,49435,49436,49437,49438,49439,49440,49441&#8243; css=&#8221;&#8221;][\/vc_column][\/vc_row]\n<\/div>","protected":false},"excerpt":{"rendered":"<p>[vc_row equal_height=&#8221;yes&#8221; content_placement=&#8221;middle&#8221;][vc_column width=&#8221;1\/3&#8243;][vc_single_image image=&#8221;49291&#8243; img_size=&#8221;medium&#8221; alignment=&#8221;center&#8221; css=&#8221;&#8221;][\/vc_column][vc_column width=&#8221;2\/3&#8243;][vc_custom_heading text=&#8221;Kralj Lear&#8221; font_container=&#8221;tag:h1|text_align:left&#8221; css=&#8221;&#8221;][\/vc_column][\/vc_row][vc_row][vc_column][vc_column_text css=&#8221;&#8221;]KRALJ LEAR (prema W. Shakespearu i Ulrichu Hubu) Premijera 7. lipnja 2019. u Centru za kulturu \u010cakovec Redatelj: Davor Dokleja Glazba: Zagu\u0161ljivi Dim Kostimi i scenografija: Bojana Vojvodi\u0107 Oblikovanje svjetla:\u00a0Mario Zelenbaba Ilustracija za plakat:\u00a0Ivan Mun\u0111ar Grafi\u010dko oblikovanje:\u00a0Bruno Kontrec Igraju: Neven Mato\u0161a, Asja Vidovi\u0107, Vita Mikuli\u0107, Eva Marciu\u0161, [&hellip;]<\/p>\n","protected":false},"author":2,"featured_media":0,"parent":0,"menu_order":0,"comment_status":"closed","ping_status":"closed","template":"","meta":{"inline_featured_image":false,"footnotes":""},"class_list":["post-49424","page","type-page","status-publish","hentry"],"ulaznica_data":null,"_links":{"self":[{"href":"https:\/\/czk-cakovec.hr\/saturn\/wp-json\/wp\/v2\/pages\/49424","targetHints":{"allow":["GET"]}}],"collection":[{"href":"https:\/\/czk-cakovec.hr\/saturn\/wp-json\/wp\/v2\/pages"}],"about":[{"href":"https:\/\/czk-cakovec.hr\/saturn\/wp-json\/wp\/v2\/types\/page"}],"author":[{"embeddable":true,"href":"https:\/\/czk-cakovec.hr\/saturn\/wp-json\/wp\/v2\/users\/2"}],"replies":[{"embeddable":true,"href":"https:\/\/czk-cakovec.hr\/saturn\/wp-json\/wp\/v2\/comments?post=49424"}],"version-history":[{"count":3,"href":"https:\/\/czk-cakovec.hr\/saturn\/wp-json\/wp\/v2\/pages\/49424\/revisions"}],"predecessor-version":[{"id":49443,"href":"https:\/\/czk-cakovec.hr\/saturn\/wp-json\/wp\/v2\/pages\/49424\/revisions\/49443"}],"wp:attachment":[{"href":"https:\/\/czk-cakovec.hr\/saturn\/wp-json\/wp\/v2\/media?parent=49424"}],"curies":[{"name":"wp","href":"https:\/\/api.w.org\/{rel}","templated":true}]}}