{"id":49466,"date":"2025-12-29T14:06:46","date_gmt":"2025-12-29T13:06:46","guid":{"rendered":"https:\/\/czk-cakovec.hr\/?page_id=49466"},"modified":"2025-12-29T14:07:08","modified_gmt":"2025-12-29T13:07:08","slug":"snjeguljica","status":"publish","type":"page","link":"https:\/\/czk-cakovec.hr\/saturn\/snjeguljica\/","title":{"rendered":"Snjeguljica"},"content":{"rendered":"<div class=\"wpb-content-wrapper\">[vc_row equal_height=&#8221;yes&#8221; content_placement=&#8221;middle&#8221;][vc_column width=&#8221;1\/3&#8243;][vc_single_image image=&#8221;49300&#8243; img_size=&#8221;medium&#8221; alignment=&#8221;center&#8221; css=&#8221;&#8221;][\/vc_column][vc_column width=&#8221;2\/3&#8243;][vc_custom_heading text=&#8221;Snjeguljica&#8221; font_container=&#8221;tag:h1|text_align:left&#8221; css=&#8221;&#8221;][\/vc_column][\/vc_row][vc_row][vc_column][vc_column_text css=&#8221;&#8221;]<strong>SNJEGULJICA<\/strong><br \/>\n(inspirirano pri\u010dom Bra\u0107e Grimm)<br \/>\nPremijera 3. prosinca 2017. u Centru za kulturu \u010cakovec<br \/>\nDramsko lutkarska predstava<\/p>\n<div class=\"text_exposed_show\">\n<p><strong>Redatelj i dramaturg<\/strong>: Davor Dokleja<br \/>\n<strong>Glazba<\/strong>: Igor Baksa<br \/>\n<strong>Likovno oblikovanje<\/strong>: Jelena Dokleja<br \/>\n<strong>Oblikovanje svejtla<\/strong>: Mario Zelenbaba<br \/>\n<strong>Grafi\u010dko oblikovanje plakata<\/strong>: Ena Jagec<\/p>\n<p><strong>Igraju<\/strong>:<br \/>\nAsja Vidovi\u0107, Ena Jagec, Nina Bo\u010dkaj, Katarina Pintari\u0107, Neven Mato\u0161a, Aleksandar Filo<br \/>\nAlternacije: Vita Mikuli\u0107, Ivan Mun\u0111ar, Matej \u017derjav, Jakov Feher, Lana Ben\u010dik, Mihael Pristav, David Grabant, Dora Kli\u010dek<\/p>\n<p><strong>O predstavi<\/strong>:<br \/>\nPoznatu pri\u010du o \u201dSnjeguljici i sedam patuljaka\u201d ispri\u010dati \u0107emo na potpuno novi i svje\u017ei na\u010din. Koriste\u0107i se lutkarskom tehnikom, sve \u0107emo likove, osim Snjeguljice, o\u017eivjeti raznim lutkama na\u010dinjenim od \u0161alova, kapa, rukavica i kojekakvih zimskih odjevnih predmeta\u2026<\/p>\n<p><strong>Trajanje<\/strong>: 30 min.<br \/>\n<strong>Dob<\/strong>: 4 + (pred\u0161kolski uzrast i ni\u017ei razredi osnovne \u0161kole)<\/p>\n<p><strong>NAGRADE<\/strong><\/p>\n<p>Nagrada za najbolju glumicu (Asja Vidovi\u0107) \u2013 Festival KAM, Prelog (2019.)<\/p>\n<p>Grand Prix \u2013 Festival Stage, Cluj, Rumunjska (2018.)<\/p>\n<\/div>\n[\/vc_column_text][\/vc_column][\/vc_row][vc_row][vc_column][vc_gallery type=&#8221;image_grid&#8221; images=&#8221;49468,49469,49470,49471,49472,49473,49474,49475,49476,49477,49478,49479,49480,49481,49482,49483,49484,49485,49486,49487,49488,49489,49490,49491,49492,49493,49494,49495,49496&#8243; css=&#8221;&#8221;][\/vc_column][\/vc_row]\n<\/div>","protected":false},"excerpt":{"rendered":"<p>[vc_row equal_height=&#8221;yes&#8221; content_placement=&#8221;middle&#8221;][vc_column width=&#8221;1\/3&#8243;][vc_single_image image=&#8221;49300&#8243; img_size=&#8221;medium&#8221; alignment=&#8221;center&#8221; css=&#8221;&#8221;][\/vc_column][vc_column width=&#8221;2\/3&#8243;][vc_custom_heading text=&#8221;Snjeguljica&#8221; font_container=&#8221;tag:h1|text_align:left&#8221; css=&#8221;&#8221;][\/vc_column][\/vc_row][vc_row][vc_column][vc_column_text css=&#8221;&#8221;]SNJEGULJICA (inspirirano pri\u010dom Bra\u0107e Grimm) Premijera 3. prosinca 2017. u Centru za kulturu \u010cakovec Dramsko lutkarska predstava Redatelj i dramaturg: Davor Dokleja Glazba: Igor Baksa Likovno oblikovanje: Jelena Dokleja Oblikovanje svejtla: Mario Zelenbaba Grafi\u010dko oblikovanje plakata: Ena Jagec Igraju: Asja Vidovi\u0107, Ena Jagec, Nina Bo\u010dkaj, Katarina Pintari\u0107, Neven [&hellip;]<\/p>\n","protected":false},"author":2,"featured_media":0,"parent":0,"menu_order":0,"comment_status":"closed","ping_status":"closed","template":"","meta":{"inline_featured_image":false,"footnotes":""},"class_list":["post-49466","page","type-page","status-publish","hentry"],"ulaznica_data":null,"_links":{"self":[{"href":"https:\/\/czk-cakovec.hr\/saturn\/wp-json\/wp\/v2\/pages\/49466","targetHints":{"allow":["GET"]}}],"collection":[{"href":"https:\/\/czk-cakovec.hr\/saturn\/wp-json\/wp\/v2\/pages"}],"about":[{"href":"https:\/\/czk-cakovec.hr\/saturn\/wp-json\/wp\/v2\/types\/page"}],"author":[{"embeddable":true,"href":"https:\/\/czk-cakovec.hr\/saturn\/wp-json\/wp\/v2\/users\/2"}],"replies":[{"embeddable":true,"href":"https:\/\/czk-cakovec.hr\/saturn\/wp-json\/wp\/v2\/comments?post=49466"}],"version-history":[{"count":3,"href":"https:\/\/czk-cakovec.hr\/saturn\/wp-json\/wp\/v2\/pages\/49466\/revisions"}],"predecessor-version":[{"id":49501,"href":"https:\/\/czk-cakovec.hr\/saturn\/wp-json\/wp\/v2\/pages\/49466\/revisions\/49501"}],"wp:attachment":[{"href":"https:\/\/czk-cakovec.hr\/saturn\/wp-json\/wp\/v2\/media?parent=49466"}],"curies":[{"name":"wp","href":"https:\/\/api.w.org\/{rel}","templated":true}]}}