{"id":49502,"date":"2025-12-29T14:10:18","date_gmt":"2025-12-29T13:10:18","guid":{"rendered":"https:\/\/czk-cakovec.hr\/?page_id=49502"},"modified":"2025-12-29T14:10:33","modified_gmt":"2025-12-29T13:10:33","slug":"the-wall","status":"publish","type":"page","link":"https:\/\/czk-cakovec.hr\/saturn\/the-wall\/","title":{"rendered":"The wall"},"content":{"rendered":"<div class=\"wpb-content-wrapper\">[vc_row equal_height=&#8221;yes&#8221; content_placement=&#8221;middle&#8221;][vc_column width=&#8221;1\/3&#8243;][vc_single_image image=&#8221;49301&#8243; img_size=&#8221;medium&#8221; alignment=&#8221;center&#8221; css=&#8221;&#8221;][\/vc_column][vc_column width=&#8221;2\/3&#8243;][vc_custom_heading text=&#8221;The wall&#8221; font_container=&#8221;tag:h1|text_align:left&#8221; css=&#8221;&#8221;][\/vc_column][\/vc_row][vc_row][vc_column][vc_column_text css=&#8221;&#8221;]<strong>DRAMSKI STUDIO DADA KAZALI\u0160NE DRU\u017dINE PINKLEC i CENTAR ZA MLADE \u010cAKOVEC<\/strong><\/p>\n<p><strong>\u2018\u2019THE WALL\u2019\u2019<\/strong><\/p>\n<p><strong>Kristina \u0160tebih<\/strong><\/p>\n<p><em>Premijera: 18.5. 2017. u 20:00 u Centru za kulturu \u010cakovec<br \/>\n2. premijera 24.5. 2017. u 20:00 u Centru za kulturu \u010cakovec<\/em><\/p>\n<p><strong>IGRAJU:<\/strong><\/p>\n<p><strong>Marija:\u00a0<\/strong>Antonija Mrla<br \/>\n<strong>F:<\/strong>\u00a0Neven Mato\u0161a<br \/>\n<strong>Pajdo<\/strong>: Matej \u017derjav<br \/>\n<strong>Buraz<\/strong>: Marko Zidari\u0107<br \/>\n<strong>Sla\u0111ana<\/strong>: Asja Vidovi\u0107<br \/>\n<strong>Nina<\/strong>: Tina \u010catlai\u0107<strong><br \/>\nKor<\/strong>: Ena Jagec, Hana Marciu\u0161, Nina Bo\u010dkaj, Katarina Pintari\u0107, Aleksandar Filo, Hana Tisaj, Ivan Mun\u0111ar<br \/>\n<strong>Domar Valent:<\/strong>\u00a0Alen Barbi\u0107<\/p>\n<p><strong>Redatelj:<\/strong>\u00a0Davor Dokleja<br \/>\n<strong>Dramaturgija:<\/strong>\u00a0Kristina \u0160tebih i Davor Dokleja<br \/>\n<strong>Video projekcije:\u00a0<\/strong>Marin Miklo\u0161i\u0107<br \/>\n<strong>Kostimografija:<\/strong>\u00a0Rusa Trajkova<br \/>\n<strong>Autor elektronske glazbe:<\/strong>\u00a0Filip Vargek<br \/>\n<strong>Punk-rock-rap glazbu izvode:<\/strong>\u00a0Aleksandar Filo (bubanj, vokal) i Ivan Mun\u0111ar (el. gitara, vokal)<br \/>\n<strong>Autorica poezije u predstavi:<\/strong>\u00a0Tina \u010catlai\u0107<br \/>\n<strong>Oblikovanje rasvjete:<\/strong>\u00a0Neven Taradi<br \/>\n<strong>Majstor tona:<\/strong>\u00a0Mario Zelenbaba<br \/>\n<strong>Grafi\u010dki dizajn:<\/strong>\u00a0Ena Jagec<br \/>\n<em>Specijalna zahvala Vinku Mohari\u0107u na tekstu za hip-hop pjesmu \u201dSumnjivi lik\u201d<\/em><\/p>\n<p><strong>O predstavi:<\/strong><br \/>\nMe\u0111uvr\u0161nja\u010dko nasilje ne doga\u0111a se nekome drugome, nego ba\u0161 va\u0161oj djeci. Prema statisti\u010dkim podacima, svako \u010detvrto dijete izlo\u017eeno je nekom obliku me\u0111uvr\u0161nja\u010dkog nasilja, nasilnici su sve mla\u0111i, a nasilje se \u010desto ne prijavljuje. Predstava The Wall govori upravo o ovom problemu koji, po uzoru na svjetske trendove, sve vi\u0161e maha uzima i u na\u0161oj zemlji. The Wall, odnosno zid, u ovom slu\u010daju je vi\u0161e od samog scenskog sredi\u0161ta, on predstavlja sve vanjske, ali i unutarnje prepreke s kojima se suo\u010davaju mladi na pragu svog sazrijevanja i prvih velikih \u017eivotnih odluka. Predstava je zajedni\u010dki projekt Dramskog studija Dada KD Pinklec, Centra za mlade \u2013 CeZaM \u010cakovec i Koordinacijskog odbora akcije Grad \u010cakovec \u2013 prijatelj djece.<\/p>\n<p><strong>Dob:<\/strong>\u00a012+ (vi\u0161i razredi osnovne \u0161kole i srednjo\u0161kolci)<strong><br \/>\nTrajanje:<\/strong>\u00a050 min.<\/p>\n<p><strong>NAGRADE:\u00a0<\/strong><\/p>\n<p>20. SUSRET PROFESIONALNO VO\u0110ENIH KAZALI\u0160TA ZA DJECU I MLADE HC ASSITEJ, BJELOVAR (2018.) \u2013\u00a0<strong>Nagrada za najbolju predstavu<\/strong>\u00a0\u201dTHE WALL\u201c<\/p>\n<p>FESTIVAL KAM, PRELOG (2018.) \u2013\u00a0<strong>Nagrada za najbolju \u017eensku ulogu \u2013 Asja Vidovi\u0107<\/strong>\u00a0za predstavu\u00a0\u201dTHE WALL\u201c[\/vc_column_text][\/vc_column][\/vc_row][vc_row][vc_column][vc_gallery type=&#8221;image_grid&#8221; images=&#8221;49504,49505,49506&#8243; css=&#8221;&#8221;][\/vc_column][\/vc_row]\n<\/div>","protected":false},"excerpt":{"rendered":"<p>[vc_row equal_height=&#8221;yes&#8221; content_placement=&#8221;middle&#8221;][vc_column width=&#8221;1\/3&#8243;][vc_single_image image=&#8221;49301&#8243; img_size=&#8221;medium&#8221; alignment=&#8221;center&#8221; css=&#8221;&#8221;][\/vc_column][vc_column width=&#8221;2\/3&#8243;][vc_custom_heading text=&#8221;The wall&#8221; font_container=&#8221;tag:h1|text_align:left&#8221; css=&#8221;&#8221;][\/vc_column][\/vc_row][vc_row][vc_column][vc_column_text css=&#8221;&#8221;]DRAMSKI STUDIO DADA KAZALI\u0160NE DRU\u017dINE PINKLEC i CENTAR ZA MLADE \u010cAKOVEC \u2018\u2019THE WALL\u2019\u2019 Kristina \u0160tebih Premijera: 18.5. 2017. u 20:00 u Centru za kulturu \u010cakovec 2. premijera 24.5. 2017. u 20:00 u Centru za kulturu \u010cakovec IGRAJU: Marija:\u00a0Antonija Mrla F:\u00a0Neven Mato\u0161a Pajdo: Matej \u017derjav Buraz: Marko Zidari\u0107 [&hellip;]<\/p>\n","protected":false},"author":2,"featured_media":0,"parent":0,"menu_order":0,"comment_status":"closed","ping_status":"closed","template":"","meta":{"inline_featured_image":false,"footnotes":""},"class_list":["post-49502","page","type-page","status-publish","hentry"],"ulaznica_data":null,"_links":{"self":[{"href":"https:\/\/czk-cakovec.hr\/saturn\/wp-json\/wp\/v2\/pages\/49502","targetHints":{"allow":["GET"]}}],"collection":[{"href":"https:\/\/czk-cakovec.hr\/saturn\/wp-json\/wp\/v2\/pages"}],"about":[{"href":"https:\/\/czk-cakovec.hr\/saturn\/wp-json\/wp\/v2\/types\/page"}],"author":[{"embeddable":true,"href":"https:\/\/czk-cakovec.hr\/saturn\/wp-json\/wp\/v2\/users\/2"}],"replies":[{"embeddable":true,"href":"https:\/\/czk-cakovec.hr\/saturn\/wp-json\/wp\/v2\/comments?post=49502"}],"version-history":[{"count":3,"href":"https:\/\/czk-cakovec.hr\/saturn\/wp-json\/wp\/v2\/pages\/49502\/revisions"}],"predecessor-version":[{"id":49508,"href":"https:\/\/czk-cakovec.hr\/saturn\/wp-json\/wp\/v2\/pages\/49502\/revisions\/49508"}],"wp:attachment":[{"href":"https:\/\/czk-cakovec.hr\/saturn\/wp-json\/wp\/v2\/media?parent=49502"}],"curies":[{"name":"wp","href":"https:\/\/api.w.org\/{rel}","templated":true}]}}