{"id":49509,"date":"2025-12-29T14:13:26","date_gmt":"2025-12-29T13:13:26","guid":{"rendered":"https:\/\/czk-cakovec.hr\/?page_id=49509"},"modified":"2025-12-29T14:14:15","modified_gmt":"2025-12-29T13:14:15","slug":"ivica-i-marica-pseca-prica","status":"publish","type":"page","link":"https:\/\/czk-cakovec.hr\/saturn\/ivica-i-marica-pseca-prica\/","title":{"rendered":"Ivica i Marica, pse\u0107a pri\u010da"},"content":{"rendered":"<div class=\"wpb-content-wrapper\">[vc_row equal_height=&#8221;yes&#8221; content_placement=&#8221;middle&#8221;][vc_column width=&#8221;1\/3&#8243;][vc_single_image image=&#8221;49302&#8243; img_size=&#8221;medium&#8221; alignment=&#8221;center&#8221; css=&#8221;&#8221;][\/vc_column][vc_column width=&#8221;2\/3&#8243;][vc_custom_heading text=&#8221;Ivica i Marica, pse\u0107a pri\u010da&#8221; font_container=&#8221;tag:h1|text_align:left&#8221; css=&#8221;&#8221;][\/vc_column][\/vc_row][vc_row][vc_column][vc_column_text css=&#8221;&#8221;]<strong>DRAMSKI STUDIO DADA KD PINKLEC<br \/>\n<\/strong><strong>IVICA I MARICA<br \/>\n<\/strong><strong><em>pse\u0107a pri\u010da<\/em><\/strong><br \/>\n<em>(inspirirano pri\u010dom Bra\u0107e Grimm)<\/em><br \/>\nPremijera 4. prosinca 2016. u Centru za kulturu \u010cakovec<br \/>\nDramska predstava<\/p>\n<p><strong>Redatelj<\/strong>: Davor Dokleja<br \/>\n<strong>Glazba<\/strong>: Ladislav Varga<br \/>\n<strong>Scenografija<\/strong>: Jelena Dokleja<br \/>\n<strong>Kostimografija<\/strong>: Patrik Dolenc<\/p>\n<p><strong>Igraju<\/strong>:<br \/>\nEna Jagec, Matej \u017derjav, Antonija Mrla, Hana Marciu\u0161, Neven Mato\u0161a, Asja Vidovi\u0107, Marko Zidari\u0107, Nina Bo\u010dkaj, Katarina Pintari\u0107, Adrian Berki\u0107, Hana Tisaj<\/p>\n<p><strong>O predstavi:<\/strong>\u00a0Pas koji nema gospodara nije pravi pas, a \u010dovjek koji nema psa ne zna \u0161to je prava sre\u0107a. Dada\u010di, inspirirani bajkom bra\u0107e Grimm Ivica i Marica, odlu\u010dili su napisati vlastitu bajku. Bajku o psima lutalicama \u010dija je najve\u0107a \u017eelja prona\u0107i svoga gospodara. Jedne hladne ve\u010deri dva psi\u0107a sklup\u010daju se pred vratima tro\u0161ne ku\u0107ice u kojoj \u017eive siroma\u0161ni mu\u017e i njegova draga \u017eena. \u017dena psi\u0107e primi s velikim odu\u0161evljenjem, ali mu\u017eu se to ne svidje. Siroma\u0161ni su i nemaju hrane za sebe, a kamoli za malene psi\u0107e. Zato ih mu\u017e odlu\u010di ostaviti pred \u0161umom. U \u0161umi psi\u0107i nabasaju na ku\u0107icu u kojoj \u017eivi zla starica. Starica ih namami u ku\u0107u svojim \u010darolijama i odlu\u010di ih pojesti. Sli\u010dno kao u Grimmovoj i na\u0161a bajka zavr\u0161ava sretno. No, poruka na\u0161e bajke malo je druga\u010dija\u2026 Ovom predstavom \u017eelimo skrenuti pozornost na \u010dovjekovog najboljeg prijatelja i na skloni\u0161ta i azile u kojima oni nestrpljivo \u010dekaju svog novog najboljeg prijatelja.<\/p>\n<p><strong>Trajanje<\/strong>: 30 min.<br \/>\n<strong>Dob<\/strong>: 4 + (pred\u0161kolski uzrast i ni\u017ei razredi osnovne \u0161kole)<\/p>\n<p><em>400 dlakavih prijatelja \u010deka vas u Skloni\u0161tu za \u017eivotinje Prijatelji u \u010cakovcu. Do\u0111ite i uljep\u0161ajte \u017eivot jednom od njih. Udomite.<br \/>\n<\/em><em><a href=\"http:\/\/www.prijatelji-zivotinja.org\/\" target=\"_blank\" rel=\"noopener\">http:\/\/www.prijatelji-zivotinja.org\/<\/a><\/em>[\/vc_column_text][\/vc_column][\/vc_row]\n<\/div>","protected":false},"excerpt":{"rendered":"<p>[vc_row equal_height=&#8221;yes&#8221; content_placement=&#8221;middle&#8221;][vc_column width=&#8221;1\/3&#8243;][vc_single_image image=&#8221;49302&#8243; img_size=&#8221;medium&#8221; alignment=&#8221;center&#8221; css=&#8221;&#8221;][\/vc_column][vc_column width=&#8221;2\/3&#8243;][vc_custom_heading text=&#8221;Ivica i Marica, pse\u0107a pri\u010da&#8221; font_container=&#8221;tag:h1|text_align:left&#8221; css=&#8221;&#8221;][\/vc_column][\/vc_row][vc_row][vc_column][vc_column_text css=&#8221;&#8221;]DRAMSKI STUDIO DADA KD PINKLEC IVICA I MARICA pse\u0107a pri\u010da (inspirirano pri\u010dom Bra\u0107e Grimm) Premijera 4. prosinca 2016. u Centru za kulturu \u010cakovec Dramska predstava Redatelj: Davor Dokleja Glazba: Ladislav Varga Scenografija: Jelena Dokleja Kostimografija: Patrik Dolenc Igraju: Ena Jagec, Matej \u017derjav, Antonija Mrla, [&hellip;]<\/p>\n","protected":false},"author":2,"featured_media":0,"parent":0,"menu_order":0,"comment_status":"closed","ping_status":"closed","template":"","meta":{"inline_featured_image":false,"footnotes":""},"class_list":["post-49509","page","type-page","status-publish","hentry"],"ulaznica_data":null,"_links":{"self":[{"href":"https:\/\/czk-cakovec.hr\/saturn\/wp-json\/wp\/v2\/pages\/49509","targetHints":{"allow":["GET"]}}],"collection":[{"href":"https:\/\/czk-cakovec.hr\/saturn\/wp-json\/wp\/v2\/pages"}],"about":[{"href":"https:\/\/czk-cakovec.hr\/saturn\/wp-json\/wp\/v2\/types\/page"}],"author":[{"embeddable":true,"href":"https:\/\/czk-cakovec.hr\/saturn\/wp-json\/wp\/v2\/users\/2"}],"replies":[{"embeddable":true,"href":"https:\/\/czk-cakovec.hr\/saturn\/wp-json\/wp\/v2\/comments?post=49509"}],"version-history":[{"count":3,"href":"https:\/\/czk-cakovec.hr\/saturn\/wp-json\/wp\/v2\/pages\/49509\/revisions"}],"predecessor-version":[{"id":49512,"href":"https:\/\/czk-cakovec.hr\/saturn\/wp-json\/wp\/v2\/pages\/49509\/revisions\/49512"}],"wp:attachment":[{"href":"https:\/\/czk-cakovec.hr\/saturn\/wp-json\/wp\/v2\/media?parent=49509"}],"curies":[{"name":"wp","href":"https:\/\/api.w.org\/{rel}","templated":true}]}}