{"id":49519,"date":"2025-12-29T14:21:51","date_gmt":"2025-12-29T13:21:51","guid":{"rendered":"https:\/\/czk-cakovec.hr\/?page_id=49519"},"modified":"2025-12-29T14:22:44","modified_gmt":"2025-12-29T13:22:44","slug":"djecak-vuk-i-tri-prasice","status":"publish","type":"page","link":"https:\/\/czk-cakovec.hr\/saturn\/djecak-vuk-i-tri-prasice\/","title":{"rendered":"Dje\u010dak vuk i tri prasice"},"content":{"rendered":"<div class=\"wpb-content-wrapper\">[vc_row equal_height=&#8221;yes&#8221; content_placement=&#8221;middle&#8221;][vc_column width=&#8221;1\/3&#8243;][vc_single_image image=&#8221;49304&#8243; img_size=&#8221;medium&#8221; alignment=&#8221;center&#8221; css=&#8221;&#8221;][\/vc_column][vc_column width=&#8221;2\/3&#8243;][vc_custom_heading text=&#8221;Dje\u010dak vuk i tri prasice&#8221; font_container=&#8221;tag:h1|text_align:left&#8221; css=&#8221;&#8221;][\/vc_column][\/vc_row][vc_row][vc_column][vc_column_text css=&#8221;&#8221;]<strong>DRAMSKI STUDIO DADA KD PINKLEC<\/strong><br \/>\n<strong>DJE\u010cAK VUK I TRI PRASICE<\/strong><strong>O predstavi:<\/strong><br \/>\nPoznata bajka o stra\u0161nom Vuku i tri pra\u0161\u010di\u0107a koji su ga nadmudrili Dramskom studiju Dada polazna je to\u010dka u radu na ovoj predstavi. Bajku smo uzeli, rastavili i na kraju sastavili u na\u0161u pri\u010du. Pri\u010du o Dje\u010daku Vuku koji je u po\u010detku bio zlo\u010dest i cijelo je ljeto djevoj\u010dicama Jadranki, Mireli i Vesni ru\u0161io njihove ku\u0107ice i igra\u010dke koje su one na igrali\u0161tu gradile. Za\u0161to je Vuk takav u pri\u010di B. Grimm dobro je poznato. No, na\u0161 Dje\u010dak Vuk ima svoje razloge. Djetinjstvo, iako najljep\u0161e i najbezbri\u017enije doba, nije uvijek najsretnije. Obi\u010dna igra na igrali\u0161tu donosi mnoge spoznaje. Djeca se sukobljavaju, zaljubljuju, ljute i vesele. Nekoga prihva\u0107am<span class=\"text_exposed_hide\">\u2026<\/span><span class=\"text_exposed_show\">o odmah takvog kakav jest, a drugi nam nije drag\u2026 Pravo na igru jedno je od dje\u010djih prava, ali tko \u0107e se s kime igrati na igrali\u0161tu vrlo \u010desto odlu\u010duju upravo djeca.<\/span><strong>Igraju:<\/strong><\/p>\n<p>&nbsp;<\/p>\n<p><strong>Dje\u010dak Darko Vuk<\/strong>\u00a0\u2013 Neven Mato\u0161a, Marko Erli\u0107<br \/>\n<strong>Prasica Jadranka<\/strong>\u00a0\u2013 Hana Marciu\u0161, Dorotea Marciu\u0161, Melita Obranovi\u0107<br \/>\n<strong>Prasica Mirela<\/strong>\u00a0\u2013 Ena Jagec, Katarina Pintari\u0107, Hana Tisaj<br \/>\n<strong>Prasica Vesna<\/strong>\u00a0\u2013 Nina Bo\u010dkaj, Antonija Mrla<br \/>\n<strong>Dje\u010dak Tomi<\/strong>\u00a0\u2013 Vinko Mohari\u0107, Aleksandar Filo<\/p>\n<p><strong>Glazba<\/strong>\u00a0\u2013 Vinko Mohari\u0107 i Aleksandar Filo<br \/>\n<strong>Scenografija<\/strong>\u00a0\u2013 Davor Dokleja<br \/>\n<strong>Kostimi<\/strong>\u00a0\u2013 ansambl predstave<br \/>\n<strong>Redatelj<\/strong>\u00a0\u2013 Davor Dokleja<br \/>\n<strong>Trajanje<\/strong>: 30 min<br \/>\n<strong>Dob<\/strong>: 4+ (pred\u0161kolska i ni\u017ei razredi osnovne \u0161kole)[\/vc_column_text][\/vc_column][\/vc_row]\n<\/div>","protected":false},"excerpt":{"rendered":"<p>[vc_row equal_height=&#8221;yes&#8221; content_placement=&#8221;middle&#8221;][vc_column width=&#8221;1\/3&#8243;][vc_single_image image=&#8221;49304&#8243; img_size=&#8221;medium&#8221; alignment=&#8221;center&#8221; css=&#8221;&#8221;][\/vc_column][vc_column width=&#8221;2\/3&#8243;][vc_custom_heading text=&#8221;Dje\u010dak vuk i tri prasice&#8221; font_container=&#8221;tag:h1|text_align:left&#8221; css=&#8221;&#8221;][\/vc_column][\/vc_row][vc_row][vc_column][vc_column_text css=&#8221;&#8221;]DRAMSKI STUDIO DADA KD PINKLEC DJE\u010cAK VUK I TRI PRASICEO predstavi: Poznata bajka o stra\u0161nom Vuku i tri pra\u0161\u010di\u0107a koji su ga nadmudrili Dramskom studiju Dada polazna je to\u010dka u radu na ovoj predstavi. Bajku smo uzeli, rastavili i na kraju sastavili u na\u0161u [&hellip;]<\/p>\n","protected":false},"author":2,"featured_media":0,"parent":0,"menu_order":0,"comment_status":"closed","ping_status":"closed","template":"","meta":{"inline_featured_image":false,"footnotes":""},"class_list":["post-49519","page","type-page","status-publish","hentry"],"ulaznica_data":null,"_links":{"self":[{"href":"https:\/\/czk-cakovec.hr\/saturn\/wp-json\/wp\/v2\/pages\/49519","targetHints":{"allow":["GET"]}}],"collection":[{"href":"https:\/\/czk-cakovec.hr\/saturn\/wp-json\/wp\/v2\/pages"}],"about":[{"href":"https:\/\/czk-cakovec.hr\/saturn\/wp-json\/wp\/v2\/types\/page"}],"author":[{"embeddable":true,"href":"https:\/\/czk-cakovec.hr\/saturn\/wp-json\/wp\/v2\/users\/2"}],"replies":[{"embeddable":true,"href":"https:\/\/czk-cakovec.hr\/saturn\/wp-json\/wp\/v2\/comments?post=49519"}],"version-history":[{"count":3,"href":"https:\/\/czk-cakovec.hr\/saturn\/wp-json\/wp\/v2\/pages\/49519\/revisions"}],"predecessor-version":[{"id":49522,"href":"https:\/\/czk-cakovec.hr\/saturn\/wp-json\/wp\/v2\/pages\/49519\/revisions\/49522"}],"wp:attachment":[{"href":"https:\/\/czk-cakovec.hr\/saturn\/wp-json\/wp\/v2\/media?parent=49519"}],"curies":[{"name":"wp","href":"https:\/\/api.w.org\/{rel}","templated":true}]}}