{"id":49547,"date":"2025-12-29T14:35:01","date_gmt":"2025-12-29T13:35:01","guid":{"rendered":"https:\/\/czk-cakovec.hr\/?page_id=49547"},"modified":"2025-12-29T14:35:25","modified_gmt":"2025-12-29T13:35:25","slug":"general-kiro-mis","status":"publish","type":"page","link":"https:\/\/czk-cakovec.hr\/saturn\/general-kiro-mis\/","title":{"rendered":"General Kiro mi\u0161"},"content":{"rendered":"<div class=\"wpb-content-wrapper\">[vc_row equal_height=&#8221;yes&#8221; content_placement=&#8221;middle&#8221;][vc_column width=&#8221;1\/3&#8243;][vc_single_image image=&#8221;49306&#8243; img_size=&#8221;medium&#8221; alignment=&#8221;center&#8221; css=&#8221;&#8221;][\/vc_column][vc_column width=&#8221;2\/3&#8243;][vc_custom_heading text=&#8221;General Kiro mi\u0161&#8221; font_container=&#8221;tag:h1|text_align:left&#8221; css=&#8221;&#8221;][\/vc_column][\/vc_row][vc_row][vc_column][vc_column_text css=&#8221;&#8221;]<strong>DRAMSKI STUDIO DADA KAZALI\u0160NE DRU\u017dINE PINKLEC<\/strong><\/p>\n<p><strong>\u2018\u2019GENERAL KIRO MI\u0160\u2019\u2019<br \/>\n<\/strong>(igrokaz za djecu prema H. Kova\u010devi\u0107u)<br \/>\n<em>Premijera: 7.12. 2014. u 16:00 u Centru za kulturu \u010cakovec<\/em><\/p>\n<p><strong>IGRAJU:<\/strong>\u00a0Tina \u010catlai\u0107, Antonija Mrla, Ena Jagec, Hana Marciu\u0161, Ivana \u017duli\u0107, Vilim Ha\u010dek, Karlo \u017dganec, Nina Bo\u010dkaj, Hana Janu\u0161i\u0107, Marko Erli\u0107, Vinko Mohari\u0107, Neven Mato\u0161a, Danka Brumen, Dorotea Marciu\u0161, Magdalena Ma\u010dek, Tin Ili\u0107<\/p>\n<p><strong>Redatelj:<\/strong>\u00a0Davor Dokleja<br \/>\n<strong>Scenografija:<\/strong>\u00a0Marija Vugrinec<br \/>\n<strong>Oblikovanje i izrada lutaka:<\/strong>\u00a0Jelena Dokleja<br \/>\n<strong>Autor glazbe:<\/strong>\u00a0Igor Baksa<br \/>\n<strong>Glazbu izvode:<\/strong>\u00a0Nina Bo\u010dkaj(klavir), Neven Mato\u0161a(bas) i Hana Janu\u0161i\u0107(saksofon)<br \/>\n<strong>Kostimografija:<\/strong>\u00a0Ines Vugrinec<br \/>\n<strong>Oblikovanje rasvjete:<\/strong>\u00a0Neven Taradi<br \/>\n<strong>Majstor tona:<\/strong>\u00a0Mario Zelenbaba<br \/>\n<strong>Izrada scenografije<\/strong>: Davor Tkalec<\/p>\n<p><strong>O predstavi:<\/strong><\/p>\n<p>Stari postolar Benedikt izvrgnut je ruglu jer ponekad radi besplatno i k tome ima i mi\u0161a za prijatelja. Svi dobro znaju da mi\u0161evi samo nanose \u0161tetu, ali ono \u0161to ne znaju je da je Kiro jedan sasvim poseban mi\u0161. Iako mi\u0161 voli postolara jednako tako bi volio i vidjeti svijeta pa jedne ve\u010deri odlu\u010duje oti\u0107i.<br \/>\nJedva je izvukao \u017eivu glavu, pobjegav\u0161i na brod, kada je naletio na gladne ma\u010dke. Na brodu pak su bili \u0161takori koji nisu bili ljubazni prema njemu. Uskoro su \u0161takori uvidjeli da brod ide prema santi leda i svi su poskakali u more, a Kiro, poseban kakav jest, po\u0161ao je na palubu upozoriti kralja i posadu na opasnost. Zgrabio je kockicu leda, a mladi kraljevi\u0107 je shvatio.<br \/>\nKralj je zatra\u017eio od kapetana da promjeni kurs i brod i svi na njemu uspjeli su se spasiti. Hrabrom i odva\u017enom malom mi\u0161u kralj je dodijelio \u010din generala kao zahvalu, a starog Benedikta proglasio je kraljevskim postolarom.<br \/>\nGluma\u010dke kreacije, lutke, ples pa \u010dak i sviranje i pjevanje u\u017eivo sredstva su kojima \u0107e se glumci poslu\u017eiti kako bi vam pri\u010du ispri\u010dali \u0161to vjernije i \u017eivahnije.<\/p>\n<p><strong>Dob:<\/strong>4+ (vrti\u0107i i ni\u017ei razredi osnovne \u0161kole)<br \/>\n<strong>Trajanje:<\/strong>\u00a035 min.[\/vc_column_text][\/vc_column][\/vc_row]\n<\/div>","protected":false},"excerpt":{"rendered":"<p>[vc_row equal_height=&#8221;yes&#8221; content_placement=&#8221;middle&#8221;][vc_column width=&#8221;1\/3&#8243;][vc_single_image image=&#8221;49306&#8243; img_size=&#8221;medium&#8221; alignment=&#8221;center&#8221; css=&#8221;&#8221;][\/vc_column][vc_column width=&#8221;2\/3&#8243;][vc_custom_heading text=&#8221;General Kiro mi\u0161&#8221; font_container=&#8221;tag:h1|text_align:left&#8221; css=&#8221;&#8221;][\/vc_column][\/vc_row][vc_row][vc_column][vc_column_text css=&#8221;&#8221;]DRAMSKI STUDIO DADA KAZALI\u0160NE DRU\u017dINE PINKLEC \u2018\u2019GENERAL KIRO MI\u0160\u2019\u2019 (igrokaz za djecu prema H. Kova\u010devi\u0107u) Premijera: 7.12. 2014. u 16:00 u Centru za kulturu \u010cakovec IGRAJU:\u00a0Tina \u010catlai\u0107, Antonija Mrla, Ena Jagec, Hana Marciu\u0161, Ivana \u017duli\u0107, Vilim Ha\u010dek, Karlo \u017dganec, Nina Bo\u010dkaj, Hana Janu\u0161i\u0107, Marko Erli\u0107, Vinko [&hellip;]<\/p>\n","protected":false},"author":2,"featured_media":0,"parent":0,"menu_order":0,"comment_status":"closed","ping_status":"closed","template":"","meta":{"inline_featured_image":false,"footnotes":""},"class_list":["post-49547","page","type-page","status-publish","hentry"],"ulaznica_data":null,"_links":{"self":[{"href":"https:\/\/czk-cakovec.hr\/saturn\/wp-json\/wp\/v2\/pages\/49547","targetHints":{"allow":["GET"]}}],"collection":[{"href":"https:\/\/czk-cakovec.hr\/saturn\/wp-json\/wp\/v2\/pages"}],"about":[{"href":"https:\/\/czk-cakovec.hr\/saturn\/wp-json\/wp\/v2\/types\/page"}],"author":[{"embeddable":true,"href":"https:\/\/czk-cakovec.hr\/saturn\/wp-json\/wp\/v2\/users\/2"}],"replies":[{"embeddable":true,"href":"https:\/\/czk-cakovec.hr\/saturn\/wp-json\/wp\/v2\/comments?post=49547"}],"version-history":[{"count":3,"href":"https:\/\/czk-cakovec.hr\/saturn\/wp-json\/wp\/v2\/pages\/49547\/revisions"}],"predecessor-version":[{"id":49550,"href":"https:\/\/czk-cakovec.hr\/saturn\/wp-json\/wp\/v2\/pages\/49547\/revisions\/49550"}],"wp:attachment":[{"href":"https:\/\/czk-cakovec.hr\/saturn\/wp-json\/wp\/v2\/media?parent=49547"}],"curies":[{"name":"wp","href":"https:\/\/api.w.org\/{rel}","templated":true}]}}