{"id":49551,"date":"2025-12-29T14:39:32","date_gmt":"2025-12-29T13:39:32","guid":{"rendered":"https:\/\/czk-cakovec.hr\/?page_id=49551"},"modified":"2025-12-29T14:39:59","modified_gmt":"2025-12-29T13:39:59","slug":"sta","status":"publish","type":"page","link":"https:\/\/czk-cakovec.hr\/saturn\/sta\/","title":{"rendered":"\u0160ta?"},"content":{"rendered":"<div class=\"wpb-content-wrapper\">[vc_row equal_height=&#8221;yes&#8221; content_placement=&#8221;middle&#8221;][vc_column width=&#8221;1\/3&#8243;][vc_single_image image=&#8221;49307&#8243; img_size=&#8221;medium&#8221; alignment=&#8221;center&#8221; css=&#8221;&#8221;][\/vc_column][vc_column width=&#8221;2\/3&#8243;][vc_custom_heading text=&#8221;\u0160TA?&#8221; font_container=&#8221;tag:h1|text_align:left&#8221; css=&#8221;&#8221;][\/vc_column][\/vc_row][vc_row][vc_column][vc_column_text css=&#8221;&#8221;]DRAMSKI STUDIO DADA KAZALI\u0160NE DRU\u017dINE PINKLEC<br \/>\n<strong>\u201d\u0160TA?\u201d<\/strong><\/p>\n<p>Premijera 06.06.2012.<br \/>\nObnova 25.01.2014.<\/p>\n<p><strong>Redatelj:<\/strong>\u00a0Davor Dokleja<br \/>\n<strong>Tekst:<\/strong>\u00a0Ivan Turkovi\u0107 Krnjak<br \/>\n<strong>Dramatizacija:<\/strong>\u00a0Davor Dokleja<br \/>\n<strong>Glazba:<\/strong>\u00a0Borna \u017dganec<br \/>\n<strong>Kostimi:<\/strong>\u00a0Ines Pala\u0161ek &amp; Humana Nova<br \/>\n<strong>Scenografija:<\/strong>\u00a0Davor Dokleja<br \/>\n<strong>Grafi\u010dki oblikovao:<\/strong>\u00a0Mario Jak\u0161i\u0107<\/p>\n<p><strong>Igraju:<br \/>\n1. Postava<\/strong><br \/>\nDanka Brumen \u2013<em>\u00a0Fanta, \u017eenka<\/em><br \/>\nNeven Mato\u0161a \u2013\u00a0<em>Pipi, mu\u017ejak<\/em><br \/>\nBorna \u017dganec \u2013<em>\u00a0Bomb-Bo, izrod njihov<\/em><br \/>\nVilim Ha\u010dek \u2013\u00a0<em>Hurk, stari Pipijev<\/em><br \/>\nKre\u0161imir Kelin \u2013\u00a0<em>Zomp, sretnik<\/em><br \/>\nIvan Modri\u0107 \u2013\u00a0<em>Sfis, travar<\/em><br \/>\nEma \u0160tefi\u0107 \u2013\u00a0<em>Izroda Sfisova<\/em><\/p>\n<p>Klara Bili\u0107, Eneja Zadravec, Rea \u0160telcer,<br \/>\nAnja Kuhanec, Zvonka Kati\u0107 i Karlo \u017dganec \u2013\u00a0<em>Razni sporedni mu\u017ejaci, \u017eenke i izrodi<\/em><\/p>\n<p><strong>2. Postava<\/strong><em><br \/>\n<\/em>Eneja Zadravec\u2013<em>\u00a0Fanta, \u017eenka<\/em><br \/>\nNeven Mato\u0161a \u2013\u00a0<em>Pipi, mu\u017ejak<\/em><br \/>\nTin Ili\u0107\u2013<em>\u00a0Bomb-Bo, izrod njihov<\/em><br \/>\nVilim Ha\u010dek \u2013\u00a0<em>Hurk, stari Pipijev<\/em><br \/>\nKarlo \u017dganec\u00a0 \u2013\u00a0<em>Zomp, sretnik<\/em><br \/>\nTin Kocijan\u2013\u00a0<em>Sfis, travar<\/em><br \/>\nHana Marciu\u0161 \u2013\u00a0<em>Izroda Sfisova<\/em><\/p>\n<p>Antonija Mrla, Nina Bo\u010dkaj, Ena Jagec, Rahela Domini\u0107, Tina \u010catklai\u0107,<br \/>\nDorotea Marciu\u0161, Ivana \u017duli\u0107, Hana Janu\u0161i\u0107,<br \/>\nKlara Dobrani\u0107 i Magdalena Ma\u010dek \u2013\u00a0<em>Razni sporedni mu\u017ejaci, \u017eenke i izrodi<\/em><\/p>\n<p><strong>O predstavi:<\/strong><br \/>\nDramski tekst \u201d\u0160ta?\u201d\u00a0 govori o sudbonosnim trenucima jedne malo poznate civilizacije koju je, u i\u0161\u010dekivanju najve\u0107e radosti, zadesila najgnusnija katastrofa. No, drama Ivana Turkovi\u0107a Krnjaka, mladog Zagreba\u010dkog dramaturga, govori i ukazuje na puno dublje dru\u0161tvene probleme. Dramski studio Dada Kazali\u0161ne dru\u017eine Pinklec u toj je drami prona\u0161ao polazi\u0161nu to\u010dku progovaranja o problemima gladi, siroma\u0161tva, nasilja, konzumerizma, te o borbi protiv \u201dbaba roge\u201d koju politi\u010dari vole zvati, kapitalizam ili \u010dak neoliberalni kapitalizam, dok je u predstavi ona vrlo jednostavno nazvana \u2013 Sto\u0111avo. Mladi su glumci ovog studija hrabro krenuli u postavljanje ove naoko ozbiljne, ali istovremeno i zabavne predstave. Izgleda nespojivo? Pa i nije ba\u0161. U kazali\u0161tu sve se mo\u017ee. Kako? Do\u0111ite i vidjet \u0107ete.<\/p>\n<p><strong>NAGRADE:<br \/>\n<\/strong>ME\u0110UNARODNI FESTIVAL AMATERSKOG TEATRA, LAKTA\u0160I (2014.) \u2013\u00a0<strong>Nagrada za najbolju kostimografiju (Ines Vugrinec)<\/strong>\u00a0za predstavu\u00a0\u201c\u0160TA\u201d[\/vc_column_text][\/vc_column][\/vc_row]\n<\/div>","protected":false},"excerpt":{"rendered":"<p>[vc_row equal_height=&#8221;yes&#8221; content_placement=&#8221;middle&#8221;][vc_column width=&#8221;1\/3&#8243;][vc_single_image image=&#8221;49307&#8243; img_size=&#8221;medium&#8221; alignment=&#8221;center&#8221; css=&#8221;&#8221;][\/vc_column][vc_column width=&#8221;2\/3&#8243;][vc_custom_heading text=&#8221;\u0160TA?&#8221; font_container=&#8221;tag:h1|text_align:left&#8221; css=&#8221;&#8221;][\/vc_column][\/vc_row][vc_row][vc_column][vc_column_text css=&#8221;&#8221;]DRAMSKI STUDIO DADA KAZALI\u0160NE DRU\u017dINE PINKLEC \u201d\u0160TA?\u201d Premijera 06.06.2012. Obnova 25.01.2014. Redatelj:\u00a0Davor Dokleja Tekst:\u00a0Ivan Turkovi\u0107 Krnjak Dramatizacija:\u00a0Davor Dokleja Glazba:\u00a0Borna \u017dganec Kostimi:\u00a0Ines Pala\u0161ek &amp; Humana Nova Scenografija:\u00a0Davor Dokleja Grafi\u010dki oblikovao:\u00a0Mario Jak\u0161i\u0107 Igraju: 1. Postava Danka Brumen \u2013\u00a0Fanta, \u017eenka Neven Mato\u0161a \u2013\u00a0Pipi, mu\u017ejak Borna \u017dganec \u2013\u00a0Bomb-Bo, izrod njihov Vilim Ha\u010dek [&hellip;]<\/p>\n","protected":false},"author":2,"featured_media":0,"parent":0,"menu_order":0,"comment_status":"closed","ping_status":"closed","template":"","meta":{"inline_featured_image":false,"footnotes":""},"class_list":["post-49551","page","type-page","status-publish","hentry"],"ulaznica_data":null,"_links":{"self":[{"href":"https:\/\/czk-cakovec.hr\/saturn\/wp-json\/wp\/v2\/pages\/49551","targetHints":{"allow":["GET"]}}],"collection":[{"href":"https:\/\/czk-cakovec.hr\/saturn\/wp-json\/wp\/v2\/pages"}],"about":[{"href":"https:\/\/czk-cakovec.hr\/saturn\/wp-json\/wp\/v2\/types\/page"}],"author":[{"embeddable":true,"href":"https:\/\/czk-cakovec.hr\/saturn\/wp-json\/wp\/v2\/users\/2"}],"replies":[{"embeddable":true,"href":"https:\/\/czk-cakovec.hr\/saturn\/wp-json\/wp\/v2\/comments?post=49551"}],"version-history":[{"count":3,"href":"https:\/\/czk-cakovec.hr\/saturn\/wp-json\/wp\/v2\/pages\/49551\/revisions"}],"predecessor-version":[{"id":49554,"href":"https:\/\/czk-cakovec.hr\/saturn\/wp-json\/wp\/v2\/pages\/49551\/revisions\/49554"}],"wp:attachment":[{"href":"https:\/\/czk-cakovec.hr\/saturn\/wp-json\/wp\/v2\/media?parent=49551"}],"curies":[{"name":"wp","href":"https:\/\/api.w.org\/{rel}","templated":true}]}}