{"id":49555,"date":"2025-12-29T14:43:20","date_gmt":"2025-12-29T13:43:20","guid":{"rendered":"https:\/\/czk-cakovec.hr\/?page_id=49555"},"modified":"2025-12-29T14:43:40","modified_gmt":"2025-12-29T13:43:40","slug":"vjetropljus","status":"publish","type":"page","link":"https:\/\/czk-cakovec.hr\/saturn\/vjetropljus\/","title":{"rendered":"Vjetropljus"},"content":{"rendered":"<div class=\"wpb-content-wrapper\">[vc_row equal_height=&#8221;yes&#8221; content_placement=&#8221;middle&#8221;][vc_column width=&#8221;1\/3&#8243;][vc_single_image image=&#8221;49308&#8243; img_size=&#8221;medium&#8221; alignment=&#8221;center&#8221; css=&#8221;&#8221;][\/vc_column][vc_column width=&#8221;2\/3&#8243;][vc_custom_heading text=&#8221;Vjetropljus&#8221; font_container=&#8221;tag:h1|text_align:left&#8221; css=&#8221;&#8221;][\/vc_column][\/vc_row][vc_row][vc_column][vc_column_text css=&#8221;&#8221;]\n<p align=\"center\">DRAMSKI STUDIO DADA KAZALI\u0160NE DRU\u017dINE PINKLEC<\/p>\n<p><strong>\u201dVJETROPLJUS\u201d<\/strong><em><br \/>\nPremijera 02.12.2012. u 16h, Centar za kulturu \u010cakovec<br \/>\n<\/em><\/p>\n<p><strong>Redatelj:<\/strong>\u00a0Davor Dokleja<strong><br \/>\nAutor teksta:<\/strong>\u00a0Albert Wendt<strong><br \/>\nDramatizacija:<\/strong>\u00a0Davor Dokleja<strong><br \/>\nGlazba:<\/strong>\u00a0Ladislav Varga<strong><br \/>\nKostimi:<\/strong>\u00a0Ines Pala\u0161ek &amp; Humana Nova<strong><br \/>\nScenografija:<\/strong>\u00a0Davor Dokleja<strong>,\u00a0<\/strong>\u00a0Davor Tkalec<strong><br \/>\nOblikovanje rasvjete:<\/strong>\u00a0Neven Taradi, Mario Zelenbaba<br \/>\n<strong>Dizajn plakata:<\/strong>\u00a0Mario Jak\u0161i\u0107<\/p>\n<p><strong>Igraju:<\/strong><\/p>\n<p><strong>Olujno pasji Vjetropljus<\/strong>\u00a0\u2013 Ivan Modri\u0107<strong><br \/>\nHerman, \u0161kolarac<\/strong>\u00a0\u2013 Vilim Ha\u010dek<strong><br \/>\nGospodin pl. Praskalo, bicikl<\/strong>\u00a0\u2013 Neven Mato\u0161a<strong><br \/>\nG\u0111a Nikl, razrednica<\/strong>\u00a0\u2013 Danka Brumen<strong><br \/>\nRavnatelj<\/strong>\u00a0\u2013 Karlo \u017dganec<strong><br \/>\nDobra U\u010diteljica<\/strong>\u00a0\u2013 Antonija Mrla, Karla Kati\u0107<strong><br \/>\nSmije\u0161ni U\u010ditelj<\/strong>\u00a0\u2013 Ivan Modri\u0107<strong><br \/>\nDoktorica<\/strong>\u00a0\u2013 Mateja Posedi<strong>,<\/strong>\u00a0Hana Marciu\u0161<strong><br \/>\nSmrtno ozbiljna savjest<\/strong>\u00a0\u2013 Neven Mato\u0161a<strong><br \/>\nProljetni povjetarac<\/strong>\u00a0\u2013 Eneja Zadravec, Ena Jagec<\/p>\n<p><strong>O predstavi:<\/strong><br \/>\nHerman je jedan obi\u010dan \u0161kolarac, iz sela sa tri ku\u0107e u koje ne zalazi \u010dak ni \u0161kolski autobus. No, Hermana to ne smeta. On \u017eeli i\u0107i u \u0161kolu. On voli i\u0107i u \u0161kolu. I zato svakoga jutra\u00a0 bez obzira na vremenske neprilike duga\u010dak put do \u0161kole prevaljuje na le\u0111ima svog metalnog prijatelja Gospodina pl. Praskala. Jednoga jutra, osobito jak vjetar, zvani Olujno pasji Vjetropljus svom je silom odlu\u010dio zaustaviti malenog Hermana na putu do \u0161kole. Ho\u0107e li Herman uspjeti do\u0107i do \u0161kole ili \u0107e ga Vjetropljus zaustaviti i \u0161to \u0107e se na kraju ipak dogoditi pogledajte u novoj predstavi Dramskog studija Dada.<\/p>\n<p><strong>Trajanje:<\/strong>\u00a035 minuta<strong><br \/>\nUzrast:<\/strong>\u00a05+ (pred\u0161kolski uzrast i ni\u017ei razredi osnovne \u0161kole)<\/p>\n<p><strong>Nagrade:<\/strong><br \/>\n15. Susret profesionalno vo\u0111enih kazali\u0161ta za djecu i mlade ASSITEJ, Bjelovar 2013.\u00a0 \u2013\u00a0 Nagrada za najbolju predstavu u cjelini[\/vc_column_text][\/vc_column][\/vc_row]\n<\/div>","protected":false},"excerpt":{"rendered":"<p>[vc_row equal_height=&#8221;yes&#8221; content_placement=&#8221;middle&#8221;][vc_column width=&#8221;1\/3&#8243;][vc_single_image image=&#8221;49308&#8243; img_size=&#8221;medium&#8221; alignment=&#8221;center&#8221; css=&#8221;&#8221;][\/vc_column][vc_column width=&#8221;2\/3&#8243;][vc_custom_heading text=&#8221;Vjetropljus&#8221; font_container=&#8221;tag:h1|text_align:left&#8221; css=&#8221;&#8221;][\/vc_column][\/vc_row][vc_row][vc_column][vc_column_text css=&#8221;&#8221;] DRAMSKI STUDIO DADA KAZALI\u0160NE DRU\u017dINE PINKLEC \u201dVJETROPLJUS\u201d Premijera 02.12.2012. u 16h, Centar za kulturu \u010cakovec Redatelj:\u00a0Davor Dokleja Autor teksta:\u00a0Albert Wendt Dramatizacija:\u00a0Davor Dokleja Glazba:\u00a0Ladislav Varga Kostimi:\u00a0Ines Pala\u0161ek &amp; Humana Nova Scenografija:\u00a0Davor Dokleja,\u00a0\u00a0Davor Tkalec Oblikovanje rasvjete:\u00a0Neven Taradi, Mario Zelenbaba Dizajn plakata:\u00a0Mario Jak\u0161i\u0107 Igraju: Olujno pasji Vjetropljus\u00a0\u2013 Ivan Modri\u0107 Herman, [&hellip;]<\/p>\n","protected":false},"author":2,"featured_media":0,"parent":0,"menu_order":0,"comment_status":"closed","ping_status":"closed","template":"","meta":{"inline_featured_image":false,"footnotes":""},"class_list":["post-49555","page","type-page","status-publish","hentry"],"ulaznica_data":null,"_links":{"self":[{"href":"https:\/\/czk-cakovec.hr\/saturn\/wp-json\/wp\/v2\/pages\/49555","targetHints":{"allow":["GET"]}}],"collection":[{"href":"https:\/\/czk-cakovec.hr\/saturn\/wp-json\/wp\/v2\/pages"}],"about":[{"href":"https:\/\/czk-cakovec.hr\/saturn\/wp-json\/wp\/v2\/types\/page"}],"author":[{"embeddable":true,"href":"https:\/\/czk-cakovec.hr\/saturn\/wp-json\/wp\/v2\/users\/2"}],"replies":[{"embeddable":true,"href":"https:\/\/czk-cakovec.hr\/saturn\/wp-json\/wp\/v2\/comments?post=49555"}],"version-history":[{"count":3,"href":"https:\/\/czk-cakovec.hr\/saturn\/wp-json\/wp\/v2\/pages\/49555\/revisions"}],"predecessor-version":[{"id":49558,"href":"https:\/\/czk-cakovec.hr\/saturn\/wp-json\/wp\/v2\/pages\/49555\/revisions\/49558"}],"wp:attachment":[{"href":"https:\/\/czk-cakovec.hr\/saturn\/wp-json\/wp\/v2\/media?parent=49555"}],"curies":[{"name":"wp","href":"https:\/\/api.w.org\/{rel}","templated":true}]}}