{"id":49563,"date":"2025-12-29T14:50:37","date_gmt":"2025-12-29T13:50:37","guid":{"rendered":"https:\/\/czk-cakovec.hr\/?page_id=49563"},"modified":"2025-12-29T14:51:09","modified_gmt":"2025-12-29T13:51:09","slug":"dada-premijere","status":"publish","type":"page","link":"https:\/\/czk-cakovec.hr\/saturn\/dada-premijere\/","title":{"rendered":"Premijere dramskog studija Dada"},"content":{"rendered":"<div class=\"wpb-content-wrapper\">[vc_row][vc_column][vc_custom_heading text=&#8221;Premijere dramskog studija Dada&#8221; font_container=&#8221;tag:h1|text_align:center&#8221; css=&#8221;&#8221;][\/vc_column][\/vc_row][vc_row][vc_column][vc_column_text css=&#8221;&#8221;]<strong><u>PREMIJERE:<\/u><\/strong><\/p>\n<p><strong>30. 2.12. 2018.<\/strong>\u00a0BIJELI KLAUN \u2013 D. Milo\u0161, CZK\u00a0\u010cakovec<\/p>\n<p><strong><u>29. 3.12. 2017.<\/u><\/strong>\u00a0SNJEGULJICA\u2013 Grim brothers, CZK\u00a0\u010cakovec<\/p>\n<p><strong><u>28. 18.5. 2017.<\/u><\/strong>\u00a0THE WALL \u2013 Kristina \u0160tebih, CZK\u00a0\u010cakovec<\/p>\n<p><strong><u>27. 4.12. 2016.<\/u><\/strong>\u00a0IVICA I MARICA\u2013 Grimm brothers, CZK\u00a0\u010cakovec<\/p>\n<p><strong><u>26. 6.12. 2015.<\/u><\/strong>\u00a0DJE\u010cAK VUK I TRI PRASICE \u2013 Davor Dokleja, CZK\u00a0\u010cakovec<\/p>\n<p><strong><u>25. 28.05. 2015.<\/u><\/strong>\u00a0ZOO! \u2013 Sa\u0161ka Rakef, CZK\u00a0\u010cakovec<\/p>\n<p><strong><u>24. 7.12. 2014.<\/u><\/strong>\u00a0GENERAL KIRO MI\u0160\u2013 Hrvoje Kova\u010devi\u0107, CZK\u00a0\u010cakovec<\/p>\n<p><strong><u>23. 10.06. 2014.<\/u><\/strong>\u00a0TINA \u017dVA\u010cAK \u2013 Davor Dokleja, CZK\u00a0\u010cakovec<\/p>\n<p><strong><u>22. 21.02. 2013.<\/u><\/strong>\u00a0\u2013 KAKO JE JE\u0160KO POBIJEDIO PREHLADU \u2013 S. Pal, CZK\u00a0\u010cakovec<\/p>\n<p><strong><u>21. 02.12. 2012.<\/u><\/strong>\u00a0\u2013 VJETROPLJUS \u2013 A. Wendt, CZK\u00a0\u010cakovec<\/p>\n<p><strong><u>20. 06.06. 2012.<\/u><\/strong>\u00a0\u2013 \u0160TA? \u2013 I. Turkovi\u0107-Krnjak, CZK\u00a0\u010cakovec<\/p>\n<p><strong><u>19. 12.09. 2011.<\/u><\/strong>\u00a0\u2013 CRVENKAPICA \u2013 B. Grimm, KLUB PROSTOR<\/p>\n<p><strong><u>18. 12.03. 2011.<\/u><\/strong>\u00a0\u2013 MI SE \u010cESI ZIME NE BOJIME \u2013 Sverak\/Smolak, CZK\u00a0\u010cakovec<\/p>\n<p><strong><u>17. 20.12. 2009.<\/u><\/strong>\u00a0\u2013 \u017dDERAVKO- prema Norve\u0161koj narodnoj, CZK\u00a0\u010cakovec<\/p>\n<p><strong><u>16. 11.06. 2009.<\/u><\/strong>\u00a0\u2013 VE\u010cERAS SE IMPROVIZIRA- L.Pirandello, CZK\u00a0\u010cakovec<\/p>\n<p><strong><u>15. 31.01. 2009<\/u>.\u00a0<\/strong>\u2013 DADAIZIRANJE \u2013 Daniil Harms, KLUB PROSTOR<\/p>\n<p><strong><u>14. 14.12. 2008.<\/u><\/strong>\u2013 PINOKIO \u2013 C. Collodi, KLUB PROSTOR<\/p>\n<p><strong><u>13. 13.04. 2008.\u00a0<\/u><\/strong>\u2013 BRATAC JAGLENAC I SESTRICA RUTVICA \u2013 I.B. Ma\u017eurani\u0107, CZK\u00a0\u010cakovec<\/p>\n<p><strong><u>12. 17.06. 2007.<\/u><\/strong>\u00a0<strong>\u2013\u00a0<\/strong>KRIVA KOZA \u2013 B. Grimm, CZK\u00a0\u010cakovec<\/p>\n<p><strong><u>11. 17.02. 2007.<\/u><\/strong>\u00a0\u2013 LEGENDA O POZOJU \u2013 performans, Franjeva\u010dki trg<\/p>\n<p><strong><u>10. 09.12. 2006.<\/u><\/strong>\u00a0\u2013 VOR\u017dI\u0160EK \u2013 K. \u010capek, CZK\u00a0\u010cakovec<\/p>\n<p><strong><u>9. 04.06. 2006.<\/u><\/strong>\u00a0\u2013 MAJMUN I BIT \u2013 A. Huxley, CZK\u00a0\u010cakovec<\/p>\n<p><strong><u>8. 10.12. 2005.<\/u><\/strong>\u00a0\u2013 \u010cAPALINKE \u2013 D. Dokleja, CZK\u00a0\u010cakovec<\/p>\n<p><strong><u>7. 24.07. 2005.<\/u><\/strong>\u00a0\u2013 CITY OF CHUCK \u2013 performans, Ponta Delgada<\/p>\n<p><strong><u>6. 24.05. 2005.<\/u><\/strong>\u00a0\u2013 ANTISLU\u010cAJ TAJ I TAJ \u2013 D. Harms, CZK\u00a0\u010cakovec<\/p>\n<p><strong><u>5. 18.12. 2004.<\/u><\/strong>\u00a0\u2013 PRI\u010cA O VANJI \u2013 D. Harms \u2013 Katoli\u010dki dom<\/p>\n<p><strong><u>4. 19.06. 2004.<\/u><\/strong>\u00a0\u2013 JEDAN DAN U \u017dIVOTU SANDOKANA OR\u0160U\u0160A \u2013 Forum kazali\u0161te, Stari Hrast<\/p>\n<p><strong><u>3. 28.05. 2004.<\/u><\/strong>\u00a0\u2013 MONTA\u017dENA \u2013 performans, CZK \u010cakovec<\/p>\n<p><strong><u>2. 28.01. 2004<\/u><\/strong>.\u00a0\u00a0 \u2013 NIKA U RALJAMA DRU\u0160TVA \u2013 Forum kazali\u0161te, Stari Hrast<\/p>\n<p><strong><u>1. 28.01. 2004.<\/u><\/strong>\u00a0\u2013 TKO SAM JA? \u2013 Forum kazali\u0161te, Stari Hrast[\/vc_column_text][\/vc_column][\/vc_row]\n<\/div>","protected":false},"excerpt":{"rendered":"<p>[vc_row][vc_column][vc_custom_heading text=&#8221;Premijere dramskog studija Dada&#8221; font_container=&#8221;tag:h1|text_align:center&#8221; css=&#8221;&#8221;][\/vc_column][\/vc_row][vc_row][vc_column][vc_column_text css=&#8221;&#8221;]PREMIJERE: 30. 2.12. 2018.\u00a0BIJELI KLAUN \u2013 D. Milo\u0161, CZK\u00a0\u010cakovec 29. 3.12. 2017.\u00a0SNJEGULJICA\u2013 Grim brothers, CZK\u00a0\u010cakovec 28. 18.5. 2017.\u00a0THE WALL \u2013 Kristina \u0160tebih, CZK\u00a0\u010cakovec 27. 4.12. 2016.\u00a0IVICA I MARICA\u2013 Grimm brothers, CZK\u00a0\u010cakovec 26. 6.12. 2015.\u00a0DJE\u010cAK VUK I TRI PRASICE \u2013 Davor Dokleja, CZK\u00a0\u010cakovec 25. 28.05. 2015.\u00a0ZOO! \u2013 Sa\u0161ka Rakef, CZK\u00a0\u010cakovec 24. 7.12. 2014.\u00a0GENERAL KIRO [&hellip;]<\/p>\n","protected":false},"author":2,"featured_media":0,"parent":0,"menu_order":0,"comment_status":"closed","ping_status":"closed","template":"","meta":{"inline_featured_image":false,"footnotes":""},"class_list":["post-49563","page","type-page","status-publish","hentry"],"ulaznica_data":null,"_links":{"self":[{"href":"https:\/\/czk-cakovec.hr\/saturn\/wp-json\/wp\/v2\/pages\/49563","targetHints":{"allow":["GET"]}}],"collection":[{"href":"https:\/\/czk-cakovec.hr\/saturn\/wp-json\/wp\/v2\/pages"}],"about":[{"href":"https:\/\/czk-cakovec.hr\/saturn\/wp-json\/wp\/v2\/types\/page"}],"author":[{"embeddable":true,"href":"https:\/\/czk-cakovec.hr\/saturn\/wp-json\/wp\/v2\/users\/2"}],"replies":[{"embeddable":true,"href":"https:\/\/czk-cakovec.hr\/saturn\/wp-json\/wp\/v2\/comments?post=49563"}],"version-history":[{"count":3,"href":"https:\/\/czk-cakovec.hr\/saturn\/wp-json\/wp\/v2\/pages\/49563\/revisions"}],"predecessor-version":[{"id":49566,"href":"https:\/\/czk-cakovec.hr\/saturn\/wp-json\/wp\/v2\/pages\/49563\/revisions\/49566"}],"wp:attachment":[{"href":"https:\/\/czk-cakovec.hr\/saturn\/wp-json\/wp\/v2\/media?parent=49563"}],"curies":[{"name":"wp","href":"https:\/\/api.w.org\/{rel}","templated":true}]}}