{"id":49580,"date":"2025-12-30T07:29:36","date_gmt":"2025-12-30T06:29:36","guid":{"rendered":"https:\/\/czk-cakovec.hr\/?page_id=49580"},"modified":"2025-12-30T07:32:07","modified_gmt":"2025-12-30T06:32:07","slug":"pinkleci-o-nama","status":"publish","type":"page","link":"https:\/\/czk-cakovec.hr\/saturn\/pinkleci-o-nama\/","title":{"rendered":"Pinkleci-o nama"},"content":{"rendered":"<div class=\"wpb-content-wrapper\">[vc_row][vc_column][vc_custom_heading text=&#8221;O nama&#8221; font_container=&#8221;tag:h1|text_align:left&#8221; google_fonts=&#8221;font_family:Abril%20Fatface%3Aregular&#8221; css=&#8221;&#8221;][vc_single_image image=&#8221;49582&#8243; img_size=&#8221;large&#8221; alignment=&#8221;center&#8221; css=&#8221;&#8221;][vc_column_text css=&#8221;&#8221;]\n<p dir=\"ltr\"><strong>Kazali\u0161na dru\u017eina Pinklec<\/strong>\u00a0profesionalno je kazali\u0161te za djecu i mlade, koje od 1987. godine djeluje pri\u00a0<strong>Centru za kulturu \u010cakovec.<\/strong>\u00a0Osniva\u010d i umjetni\u010dki ravnatelj kazali\u0161ta je\u00a0<strong>Romano Bogdan<\/strong>.<\/p>\n<p dir=\"ltr\">Kazali\u0161na dru\u017eina Pinklec kreira predstave namijenjene djeci i mladima do 18 godina, koje\u00a0 govore o svakodnevnim \u017eivotnim temama i o bajkovitom mitolo\u0161kom svijetu koji je djeci u dana\u0161njem dru\u0161tvu nasu\u0161no potreban. Time im omogu\u0107avamo da u slojevitoj, edukativnoj i ma\u0161tovitoj kazali\u0161noj estetici prona\u0111u mirni kutak djetinjstva, da razvijaju kreativnost, ma\u0161tu, kulturu javnog nastupa i komuniciranja, te da stje\u010du kulturne navike.<\/p>\n<p dir=\"ltr\">Odabiremo hrvatske i svjetske \u00a0autore koji u svojim djelima progovaraju iskreno i hrabro o problemima djece i mladih, a izvrsno\u0161\u0107u redateljskih postavki pazimo na umjetni\u010dke kriterije koji su neobi\u010dno va\u017eni za mladu publiku. Imamo na umu da kazali\u0161te odgaja svojom estetikom.<\/p>\n<p dir=\"ltr\">Predstavama \u017eelimo pobuditi potrebu dru\u0161tva za kazali\u0161tem, onako kao \u0161to djeca imaju potrebu za toplinom, nje\u017eno\u0161\u0107u, prihva\u0107anjem i komunikacijom. Nastojimo da u svakom djetetu u budu\u0107nosti ostane sje\u0107anje na neku kazali\u0161nu pri\u010du koja doprinosi oblikovanju njegove estetike na putu odrastanja.<\/p>\n<p dir=\"ltr\">Kazali\u0161na dru\u017eina Pinklec okuplja stotinjak djece i mladih u\u00a0<strong>Dramskom studiju \u201dDada\u201d<\/strong>\u00a0te kroz nekoliko skupina unutar studija educira i odgaja djecu i mlade.<\/p>\n<p dir=\"ltr\">Kazali\u0161na dru\u017eina Pinklec \u010dlanica je strukovnih udruga profesionalnih kazali\u0161ta:\u00a0<strong>UNIMA-e<\/strong>\u00a0(Svjetskog udru\u017eenja lutkara i lutkarskih kazali\u0161ta) i\u00a0<strong>ASSITEJ-a<\/strong>\u00a0(Svjetskog udru\u017eenja profesionalnih kazali\u0161ta za djecu i mlade).<\/p>\n<p>Kazali\u0161na dru\u017eina Pinklec dobila je status profesionalne kazali\u0161ne dru\u017eine\u00a0<strong>24. 12. 2006. godine<\/strong>\u00a0i kao takva upisana je u O\u010devidnik profesionalnih kazali\u0161ta pri Ministarstvu kulture Republike Hrvatske.[\/vc_column_text][vc_video link=&#8221;https:\/\/youtu.be\/Jwxpquk3h04&#8243; el_width=&#8221;50&#8243; align=&#8221;center&#8221; css=&#8221;&#8221;][\/vc_column][\/vc_row]\n<\/div>","protected":false},"excerpt":{"rendered":"<p>[vc_row][vc_column][vc_custom_heading text=&#8221;O nama&#8221; font_container=&#8221;tag:h1|text_align:left&#8221; google_fonts=&#8221;font_family:Abril%20Fatface%3Aregular&#8221; css=&#8221;&#8221;][vc_single_image image=&#8221;49582&#8243; img_size=&#8221;large&#8221; alignment=&#8221;center&#8221; css=&#8221;&#8221;][vc_column_text css=&#8221;&#8221;] Kazali\u0161na dru\u017eina Pinklec\u00a0profesionalno je kazali\u0161te za djecu i mlade, koje od 1987. godine djeluje pri\u00a0Centru za kulturu \u010cakovec.\u00a0Osniva\u010d i umjetni\u010dki ravnatelj kazali\u0161ta je\u00a0Romano Bogdan. Kazali\u0161na dru\u017eina Pinklec kreira predstave namijenjene djeci i mladima do 18 godina, koje\u00a0 govore o svakodnevnim \u017eivotnim temama i o bajkovitom mitolo\u0161kom svijetu koji je [&hellip;]<\/p>\n","protected":false},"author":2,"featured_media":0,"parent":0,"menu_order":0,"comment_status":"closed","ping_status":"closed","template":"","meta":{"inline_featured_image":false,"footnotes":""},"class_list":["post-49580","page","type-page","status-publish","hentry"],"ulaznica_data":null,"_links":{"self":[{"href":"https:\/\/czk-cakovec.hr\/saturn\/wp-json\/wp\/v2\/pages\/49580","targetHints":{"allow":["GET"]}}],"collection":[{"href":"https:\/\/czk-cakovec.hr\/saturn\/wp-json\/wp\/v2\/pages"}],"about":[{"href":"https:\/\/czk-cakovec.hr\/saturn\/wp-json\/wp\/v2\/types\/page"}],"author":[{"embeddable":true,"href":"https:\/\/czk-cakovec.hr\/saturn\/wp-json\/wp\/v2\/users\/2"}],"replies":[{"embeddable":true,"href":"https:\/\/czk-cakovec.hr\/saturn\/wp-json\/wp\/v2\/comments?post=49580"}],"version-history":[{"count":3,"href":"https:\/\/czk-cakovec.hr\/saturn\/wp-json\/wp\/v2\/pages\/49580\/revisions"}],"predecessor-version":[{"id":49585,"href":"https:\/\/czk-cakovec.hr\/saturn\/wp-json\/wp\/v2\/pages\/49580\/revisions\/49585"}],"wp:attachment":[{"href":"https:\/\/czk-cakovec.hr\/saturn\/wp-json\/wp\/v2\/media?parent=49580"}],"curies":[{"name":"wp","href":"https:\/\/api.w.org\/{rel}","templated":true}]}}