{"id":49586,"date":"2025-12-30T08:30:16","date_gmt":"2025-12-30T07:30:16","guid":{"rendered":"https:\/\/czk-cakovec.hr\/?page_id=49586"},"modified":"2025-12-30T08:30:48","modified_gmt":"2025-12-30T07:30:48","slug":"dada-o-nama","status":"publish","type":"page","link":"https:\/\/czk-cakovec.hr\/saturn\/dada-o-nama\/","title":{"rendered":"Dada &#8211; o nama"},"content":{"rendered":"<div class=\"wpb-content-wrapper\">[vc_row][vc_column][vc_custom_heading text=&#8221;Dramski studio Dada Kazali\u0161ne dru\u017eine Pinklec&#8221; css=&#8221;&#8221;][\/vc_column][\/vc_row][vc_row][vc_column][vc_column_text css=&#8221;&#8221;]<strong>\u201cDada\u201d<\/strong>\u00a0je osnovana 28.01.2004. kao kazali\u0161na grupa unutar Centra za mlade, CeZaM \u010cakovec i od svog samog po\u010detka okuplja starije osnovno\u0161kolce, srednjo\u0161kolce i studente \u017eeljne pronalska i prou\u010davanja kazali\u0161ne umjetnosti. Svoj naziv preuzela je iz Dadaizma anti-umjetni\u010dkog pokreta s po\u010detka pro\u0161log stolje\u0107a.[\/vc_column_text][vc_video link=&#8221;https:\/\/youtu.be\/2sx01FdjD7U&#8221; el_width=&#8221;50&#8243; align=&#8221;center&#8221; css=&#8221;&#8221;][vc_column_text css=&#8221;&#8221;]Od osnutka do danas\u00a0Dada je napravila tridesetak kazali\u0161nih predstava i uli\u010dnih performansa. Tekstove koji su poslu\u017eili kao predlo\u0161ci za predstave uzimali su od autora: Daniil Harms, Aldous Huxley, Karel \u010capek, I.B. Ma\u017eurani\u0107, Vinko Lisjak, B. Grimm, C. Collodi, L. Pirandello, A. Wendt, W. Shakespeare, a za neke su dje\u010dje predstave sami\u00a0 napisali scenarij.<\/p>\n<p>Od po\u010detka 2011. godine ovaj studio prelazi iz udruge Centar za mlade u Centar za kulturu \u010cakovec i postaje Dramski studio Dada Kazali\u0161ne Dru\u017eine Pinklec te time zapo\u010dinje novu eru stvarala\u0161tva. Trenutno u Dramskom studiju \u201cDada\u201d djeluje 9 razli\u010ditih grupa sa preko 100-tinjak polaznika u dobi od 6 do 26 godina, a posebnost od nedavno je i grupa za odrasle koju \u010dine nastavnici i odgajatelji. Dramski pedagozi koji vode grupe u studiju su dugogodi\u0161nji glumci KD Pinklec Jelena Dokleja, Tasjenka \u017dnidar, Bruno Kontrec, Alen Barbi\u0107,\u00a0Neven Mato\u0161a\u00a0i Davor Dokleja. Umjetni\u010dki voditelj i redatelj od osnutka studija je Davor Dokleja.<\/p>\n<p>Dada se mo\u017ee pohvaliti sa 22 razli\u010dite nagrade koje je \u00a0do sada osvojila u Hrvatskoj i inozemstvu. \u00a0Od bitnijih nagrada valja izdvojiti da su 2017. dobili Godi\u0161nju nagradu Grada \u010cakovca za iznimno djelovanje u podru\u010dju umjetnosti i kulture. Trostruki su dobitnici Nagrade za najbolju predstavu u cjelini na Susretu Assitej u Bjelovaru za predstave Vjetropljus (prema A. Wendtu), The Wall (prema teksu Kristine \u0160tebih) i U.Z.O.P. (autorski rad dru\u017eine) te dvostruki dobitnici nagrade \u201cZvjezdana Ladika\u201d za najbolje dramsko pedago\u0161ko vodstvo (Neven Mato\u0161a za U.Z.O.P. i Davor Dokleja za ZOO!). Tako\u0111er, predstava ZOO! dobila je i Nagradu za najbolju predstavu na 56. Festivalu hrvatskih\u00a0kazali\u0161nih amatera u Vodicama,\u00a0Grand prix na festivalu Juventafest u Sarajevu, Nagradu za najbolju\u00a0kolektivnu igru na Festivalu festivala u Trebinju dok je predstava Snjeguljica osvojila Grand prix na festivalu STAGE u Cluju, (Rumunjska). Predstava Snjeguljica selektirana je za 11. Toyama World Festival of Children\u2019s Theatre u Japanu (2020.) gdje \u0107e uz 20 predstava iz cijelog svijeta predstavljati Hrvatsku.[\/vc_column_text][\/vc_column][\/vc_row][vc_row][vc_column][vc_column_text css=&#8221;&#8221;]<strong>NAGRADE:<\/strong><\/p>\n<ol class=\"wp-block-list\">\n<li>FESTIVAL KAM, PRELOG (2008.) \u2013 Nagrada za najbolju re\u017eiju(Davor Dokleja) za predstavu\u00a0<strong>\u201cVOR\u017dI\u0160EK\u201d<\/strong><\/li>\n<li>FESTIVAL KAM, PRELOG (2010.) \u2013 Nagrada za najbolju re\u017eiju(Davor Dokleja) za predstavu\u00a0<strong>\u201cPINOKIO\u201d<\/strong><\/li>\n<li>15. SUSRET PROFESIONALNO VO\u0110ENIH KAZALI\u0160TA ZA DJECU I MLADE HC ASSITEJ, BJELOVAR (2013.) \u2013 Nagrada za najbolju predstavu\u00a0<strong>\u201cVJETROPLJUS\u201d<\/strong><\/li>\n<li>ME\u0110UNARODNI FESTIVAL AMATERSKOG TEATRA, LAKTA\u0160I (2014.) \u2013 Nagrada za najbolju kostimografiju (Ines Vugrinec) za predstavu\u00a0<strong>\u201c\u0160TA\u201d<\/strong><\/li>\n<li>DR\u017dAVNI FESTIVAL HRVATSKIH KAZALI\u0160NIH AMATERA, VODICE (2016.) \u2013 Nagrada za najbolju predstavu\u00a0<strong>\u201cZOO!\u201d<\/strong><\/li>\n<li>18. SUSRET PROFESIONALNO VO\u0110ENIH KAZALI\u0160TA ZA DJECU I MLADE HC ASSITEJ, BJELOVAR (2016.) \u2013 Nagrada \u201cZvjezdana Ladika\u201d za najbolje dramsko-pedago\u0161ko vodstvo (Davor Dokleja) za predstavu\u00a0<strong>\u201cZOO!\u201d<\/strong><\/li>\n<li>FESTIVAL FESTIVALA, TREBINJE (2016.) \u2013 Nagrada za najbolju glumicu \u2013 Ena Jagec, za predstavu\u00a0<strong>\u201cZOO!\u201d<\/strong><\/li>\n<li>FESTIVAL FESTIVALA, TREBINJE (2016.) \u2013 Nagrada za kolektivnu igru za predstavu\u00a0<strong>\u201cZOO!\u201d<\/strong><\/li>\n<li>JUVENTAFEST, SARAJEVO (2016.) \u2013 Grand Prix za predstavu\u00a0<strong>\u201cZOO!<\/strong>\u201c<\/li>\n<li><strong>\u201dGROZDANIN KIKOT\u201d,\u00a0<\/strong>Mostar (2017.)\u00a0Me\u0111unarodna nagrada za doprinos razvoju dramskog odgoja\u00a0za 2016. godinu (Davor Dokleja)<\/li>\n<li><strong>GODI\u0160NJA NAGRADA GRADA \u010cAKOVCA ZA IZNIMNO DJELOVANJE U PODRU\u010cJU UMJETNOSTI I KULTURE, \u010cAKOVEC (2017.<\/strong>)<\/li>\n<li>FESTIVAL STUDENTSKOG POZORI\u0160TA, BANJA LUKA (2017.) \u2013 Nagrada za najbolju re\u017eiju (Davor Dokleja) za predstavu\u00a0<strong>\u201cZOO!<\/strong>\u201c<\/li>\n<li>FESTIVAL STUDENTSKOG POZORI\u0160TA, BANJA LUKA (2017.) \u2013 Nagrada za najbolju kolektivnu igru za predstavu\u00a0<strong>\u201cZOO!<\/strong>\u201c<\/li>\n<li>20. SUSRET PROFESIONALNO VO\u0110ENIH KAZALI\u0160TA ZA DJECU I MLADE HC ASSITEJ, BJELOVAR (2018.) \u2013 Nagrada za najbolju predstavu<strong>\u00a0\u201dTHE WALL<\/strong>\u201c<\/li>\n<li>FESTIVAL KAM, PRELOG (2018.) \u2013 Nagrada za najbolju \u017eensku ulogu \u2013 Asja Vidovi\u0107 za predstavu\u00a0<strong>\u201dTHE WALL<\/strong>\u201c<\/li>\n<li>ME\u0110UNARODNI FESTIVAL DJE\u010cJIH KAZALI\u0160TA MASLA\u010cAK, SISAK (2018.) \u2013 Nagrada za najbolju \u017eensku ulogu (kolektivna) za predstavu<strong>\u00a0\u201dZOO!<\/strong>\u201c<\/li>\n<li>ME\u0110UNARODNI FESTIVAL DJE\u010cJIH KAZALI\u0160TA MASLA\u010cAK, SISAK (2018.) \u2013 Nagrada za najbolju mu\u0161ku ulogu (kolektivna) za predstavu<strong>\u00a0\u201dZOO!\u2019<\/strong><\/li>\n<li>ME\u0110UNARODNI FESTIVAL DJE\u010cJIH KAZALI\u0160TA MASLA\u010cAK, SISAK (2018.) \u2013 Nagrada za inovaciju u kazali\u0161tu za predstavu<strong>\u00a0\u201dZOO!\u201d<\/strong><\/li>\n<li>ME\u0110UNARODNI FESTIVAL KAZALI\u0160TA MLADIH STAGE, CLUJ RUMUNJSKA(2018.) \u2013 Grand Prix za predstavu\u00a0<strong>\u201cSNJEGULJICA\u201d<\/strong><\/li>\n<li>21. SUSRET PROFESIONALNO VO\u0110ENIH KAZALI\u0160TA ZA DJECU I MLADE HC ASSITEJ, BJELOVAR (2019.) \u2013 Nagrada \u201cZvjezdana Ladika\u201d za najbolje dramsko-pedago\u0161ko vodstvo (Neven Mato\u0161a) za predstavu\u00a0<strong>\u201cU.Z.O.P.\u201d<\/strong><\/li>\n<li>21. SUSRET PROFESIONALNO VO\u0110ENIH KAZALI\u0160TA ZA DJECU I MLADE HC ASSITEJ, BJELOVAR (2019.) \u2013 Nagrada za najbolju predstavu<strong>\u00a0\u201dU.Z.O.P.\u201d<\/strong><\/li>\n<li>FESTIVAL KAM, PRELOG (2019.) \u2013 Nagrada za najbolju \u017eensku ulogu \u2013 Asja Vidovi\u0107 za predstavu\u00a0<strong>\u201cSNJEGULJICA\u201d<\/strong><\/li>\n<li>DR\u017dAVNI FESTIVAL HRVATSKIH KAZALI\u0160NIH AMATERA, VODICE (2020.) \u2013 Posebna pohvala povjerenstva za vizualni identitet\u00a0<strong>\u201cKRALJ LEAR\u201d<\/strong><\/li>\n<li>23. SUSRET PROFESIONALNO VO\u0110ENIH KAZALI\u0160TA ZA DJECU I MLADE HC ASSITEJ, RIJEKA (2021.) \u2013 Nagrada za najbolju predstavu<strong>\u00a0\u201dKRALJ LEAR\u201d<\/strong><\/li>\n<li>25. FESTIVAL KAM, PRELOG (2022.) \u2013 Nagrada za najbolju predstavu\u00a0<strong>\u201cMALA SEOSKA PRIREDBA\u201d<\/strong>(u koprodukciji s KD \u0160tolcer)<\/li>\n<li>25. FESTIVAL KAM, PRELOG (2022.) \u2013 Nagrada za najbolju sporednu \u017eensku ulogu \u2013 Jelena Dokleja za predstavu\u00a0<strong>\u201cMALA SEOSKA PRIREDBA\u201d<\/strong>(u koprodukciji s KD \u0160tolcer)<\/li>\n<li>25. FESTIVAL KAM, PRELOG (2022.) \u2013 Nagrada za najbolju sporednu mu\u0161ku ulogu \u2013 Neven Mato\u0161a za predstavu\u00a0<strong>\u201cMALA SEOSKA PRIREDBA\u201d<\/strong>(u koprodukciji s KD \u0160tolcer)<\/li>\n<li>62. FESTIVAL HRVATSKIH KAZALI\u0160NIH AMATERA, VODICE (2022.) \u2013 Nagrada za najbolju sporednu \u017eensku ulogu \u2013 Dijana Kiri\u0107 za predstavu\u00a0<strong>\u201cMALA SEOSKA PRIREDBA\u201d<\/strong>(u koprodukciji s KD \u0160tolcer)<\/li>\n<li>11. KOMEDIJA FEST, BJELOVAR (2022.) \u2013 Nagrada za najbolju scenografiju \u2013 Rusa Trajkova i Davor Dokleja za predstavu\u00a0<strong>\u201cMALA SEOSKA PRIREDBA\u201d<\/strong>(u koprodukciji s KD \u0160tolcer)<\/li>\n<\/ol>\n[\/vc_column_text][\/vc_column][\/vc_row]\n<\/div>","protected":false},"excerpt":{"rendered":"<p>[vc_row][vc_column][vc_custom_heading text=&#8221;Dramski studio Dada Kazali\u0161ne dru\u017eine Pinklec&#8221; css=&#8221;&#8221;][\/vc_column][\/vc_row][vc_row][vc_column][vc_column_text css=&#8221;&#8221;]\u201cDada\u201d\u00a0je osnovana 28.01.2004. kao kazali\u0161na grupa unutar Centra za mlade, CeZaM \u010cakovec i od svog samog po\u010detka okuplja starije osnovno\u0161kolce, srednjo\u0161kolce i studente \u017eeljne pronalska i prou\u010davanja kazali\u0161ne umjetnosti. Svoj naziv preuzela je iz Dadaizma anti-umjetni\u010dkog pokreta s po\u010detka pro\u0161log stolje\u0107a.[\/vc_column_text][vc_video link=&#8221;https:\/\/youtu.be\/2sx01FdjD7U&#8221; el_width=&#8221;50&#8243; align=&#8221;center&#8221; css=&#8221;&#8221;][vc_column_text css=&#8221;&#8221;]Od osnutka do danas\u00a0Dada je napravila tridesetak [&hellip;]<\/p>\n","protected":false},"author":2,"featured_media":0,"parent":0,"menu_order":0,"comment_status":"closed","ping_status":"closed","template":"","meta":{"inline_featured_image":false,"footnotes":""},"class_list":["post-49586","page","type-page","status-publish","hentry"],"ulaznica_data":null,"_links":{"self":[{"href":"https:\/\/czk-cakovec.hr\/saturn\/wp-json\/wp\/v2\/pages\/49586","targetHints":{"allow":["GET"]}}],"collection":[{"href":"https:\/\/czk-cakovec.hr\/saturn\/wp-json\/wp\/v2\/pages"}],"about":[{"href":"https:\/\/czk-cakovec.hr\/saturn\/wp-json\/wp\/v2\/types\/page"}],"author":[{"embeddable":true,"href":"https:\/\/czk-cakovec.hr\/saturn\/wp-json\/wp\/v2\/users\/2"}],"replies":[{"embeddable":true,"href":"https:\/\/czk-cakovec.hr\/saturn\/wp-json\/wp\/v2\/comments?post=49586"}],"version-history":[{"count":3,"href":"https:\/\/czk-cakovec.hr\/saturn\/wp-json\/wp\/v2\/pages\/49586\/revisions"}],"predecessor-version":[{"id":49590,"href":"https:\/\/czk-cakovec.hr\/saturn\/wp-json\/wp\/v2\/pages\/49586\/revisions\/49590"}],"wp:attachment":[{"href":"https:\/\/czk-cakovec.hr\/saturn\/wp-json\/wp\/v2\/media?parent=49586"}],"curies":[{"name":"wp","href":"https:\/\/api.w.org\/{rel}","templated":true}]}}