{"id":7957,"date":"2011-11-03T19:55:30","date_gmt":"2011-11-03T18:55:30","guid":{"rendered":"http:\/\/czk-cakovec.hr\/?page_id=265"},"modified":"2024-12-09T09:14:11","modified_gmt":"2024-12-09T08:14:11","slug":"kucni-red","status":"publish","type":"page","link":"https:\/\/czk-cakovec.hr\/saturn\/kucni-red\/","title":{"rendered":"Ku\u0107ni red"},"content":{"rendered":"\n<ul class=\"wp-block-list\">\n<li><strong>RADNO VRIJEME BLAGAJNE&nbsp;&nbsp;<\/strong><\/li>\n\n\n\n<li><strong>ponedjeljak \/&nbsp; 10.00 &#8211; 12.00 i 17.00 &#8211;&nbsp; 20.00 sati<\/strong><\/li>\n\n\n\n<li><strong>utorak&nbsp; \/ BLAGAJNA NE RADI<\/strong><\/li>\n\n\n\n<li><strong>srijeda \/ 10.00 &#8211; 12.00 i 18.00 &#8211; 20.00 sati<\/strong><\/li>\n\n\n\n<li><strong>\u010detvrtak 10.00 &#8211; 12.00 i 18.00 &#8211; 20.00 sati<\/strong><\/li>\n\n\n\n<li><strong>petak \/ 10.00 &#8211; 12.00 i 17.00 -20.00 sati<\/strong><\/li>\n\n\n\n<li><strong>subota \/ 15.00 \u2013 20.00 sati<\/strong><\/li>\n\n\n\n<li><strong>nedjelja \/ 15.00 &#8211; 20.00 sati<\/strong><\/li>\n\n\n\n<li><strong>ili prilago\u0111eno programu<\/strong> (1 sat prije po\u010detka programa).<\/li>\n\n\n\n<li>Blagdanom blagajna ne radi<\/li>\n<\/ul>\n\n\n\n<ul class=\"wp-block-list\">\n<li>Kako \u0107ete se \u010desto na\u0107i u ve\u0107oj grupi na\u0161ih posjetitelja obratite pa\u017enju na sljede\u0107e:<\/li>\n\n\n\n<li><strong>Molimo da na vrijeme nabavite svoje ulaznice<\/strong> kako bi izbjegli nepotrebne gu\u017eve na blagajni \u010dija je posljedica ka\u0161njenje programa.<\/li>\n\n\n\n<li><strong>Ulaznice <\/strong>su uvijek dostupne najkasnije&nbsp; tjedan dana prije odr\u017eavanja programa i <strong>ONLINE<\/strong> za redovne programe Centra za kulturu.<\/li>\n\n\n\n<li><strong>Molimo da ne kasnite <\/strong>&#8211; nakon po\u010detka predstave vi\u0161e ne\u0107e biti mogu\u0107e u\u0107i u dvoranu niti vratiti kupljene ulaznice.<\/li>\n\n\n\n<li><strong>U slu\u010daju sprije\u010denosti dolaska<\/strong>, kupljene ulaznice mo\u017eete vratiti na blagajnu Centra najkasnije do po\u010detka programa.<\/li>\n\n\n\n<li><strong>Povrat ulaznica za otkazani program<\/strong> mogu\u0107e je izvr\u0161iti u roku 30 dana od otkazivanja programa na blagajni Centra.<\/li>\n\n\n\n<li><strong>Povrat novca za online kupljene ulaznice<\/strong> vr\u0161i se putem aplikacije samo u slu\u010daju otkazivanja programa.<\/li>\n\n\n\n<li><strong>Molimo roditelje da djecu ne dovode na programe neprimjerene njihovom uzrastu.<\/strong><\/li>\n\n\n\n<li><strong>Rezervacije NE primamo !<\/strong><\/li>\n<\/ul>\n\n\n\n<p><strong>Blagajna Centra za kulturu \u010cakovec<\/strong><\/p>\n\n\n\n<p>Kontakt: 040 323 100<\/p>\n\n\n\n<p><a href=\"mailto:blagajna@czk-cakovec.hr\">blagajna@czk-cakovec.hr<\/a><\/p>\n\n\n\n<p>&nbsp;<\/p>\n\n\n\n<p><strong>&nbsp;<\/strong><strong>IZMJENA PROGRAMA<\/strong><\/p>\n\n\n\n<p><strong>Centar za kulturu zadr\u017eava pravo izmjene programa<\/strong> zbog neplaniranih novonastalih okolnosti. U slu\u010daju izmjene ili odgode programa ulaznice se mogu vratiti na blagajnu Centra.<\/p>\n\n\n\n<p>&nbsp;<\/p>\n","protected":false},"excerpt":{"rendered":"<p>Blagajna Centra za kulturu \u010cakovec Kontakt: 040 323 100 blagajna@czk-cakovec.hr &nbsp; &nbsp;IZMJENA PROGRAMA Centar za kulturu zadr\u017eava pravo izmjene programa zbog neplaniranih novonastalih okolnosti. U slu\u010daju izmjene ili odgode programa ulaznice se mogu vratiti na blagajnu Centra. &nbsp;<\/p>\n","protected":false},"author":1,"featured_media":0,"parent":0,"menu_order":0,"comment_status":"closed","ping_status":"closed","template":"","meta":{"inline_featured_image":false,"footnotes":""},"class_list":["post-7957","page","type-page","status-publish","hentry"],"ulaznica_data":null,"_links":{"self":[{"href":"https:\/\/czk-cakovec.hr\/saturn\/wp-json\/wp\/v2\/pages\/7957","targetHints":{"allow":["GET"]}}],"collection":[{"href":"https:\/\/czk-cakovec.hr\/saturn\/wp-json\/wp\/v2\/pages"}],"about":[{"href":"https:\/\/czk-cakovec.hr\/saturn\/wp-json\/wp\/v2\/types\/page"}],"author":[{"embeddable":true,"href":"https:\/\/czk-cakovec.hr\/saturn\/wp-json\/wp\/v2\/users\/1"}],"replies":[{"embeddable":true,"href":"https:\/\/czk-cakovec.hr\/saturn\/wp-json\/wp\/v2\/comments?post=7957"}],"version-history":[{"count":4,"href":"https:\/\/czk-cakovec.hr\/saturn\/wp-json\/wp\/v2\/pages\/7957\/revisions"}],"predecessor-version":[{"id":46083,"href":"https:\/\/czk-cakovec.hr\/saturn\/wp-json\/wp\/v2\/pages\/7957\/revisions\/46083"}],"wp:attachment":[{"href":"https:\/\/czk-cakovec.hr\/saturn\/wp-json\/wp\/v2\/media?parent=7957"}],"curies":[{"name":"wp","href":"https:\/\/api.w.org\/{rel}","templated":true}]}}