{"id":15227,"date":"2016-01-27T08:07:40","date_gmt":"2016-01-27T07:07:40","guid":{"rendered":"http:\/\/czk-cakovec.hr\/?page_id=15227"},"modified":"2024-07-22T12:00:12","modified_gmt":"2024-07-22T10:00:12","slug":"zaposlenja","status":"publish","type":"page","link":"https:\/\/czk-cakovec.hr\/stara\/arhiva\/zaposlenja\/","title":{"rendered":"Zaposlenja"},"content":{"rendered":"<p><a href=\"https:\/\/czk-cakovec.hr\/wp-content\/uploads\/2024\/07\/Odluka-o-izboru-kandidata-za-radno-mjesto-cistac-biljeter.pdf\">Odluka o izboru kandidata za radno mjesto \u010dista\u010d biljeter<\/a><\/p>\n<p><a href=\"https:\/\/czk-cakovec.hr\/wp-content\/uploads\/2024\/07\/Javni-natjecaj-za-cistaca-biljetera.pdf\">Javni natje\u010daj za \u010dista\u010da &#8211; biljetera<\/a><\/p>\n<p><a href=\"https:\/\/czk-cakovec.hr\/wp-content\/uploads\/2024\/07\/Odluka-o-nacinu-provodenja-postupka-natjecaja-za-cistaca-biljetera.pdf\">Odluka o na\u010dinu provo\u0111enja postupka natje\u010daja za \u010dista\u010da biljetera<\/a><\/p>\n<p><a href=\"https:\/\/czk-cakovec.hr\/wp-content\/uploads\/2024\/03\/Odluka-o-izboru-kandidata-za-radno-mjesto-voditelj-marketinga.pdf\">Odluk<\/a><a href=\"https:\/\/czk-cakovec.hr\/wp-content\/uploads\/2024\/03\/Odluka-o-izboru-kandidata-za-radno-mjesto-voditelj-marketinga.pdf\">a o izboru kandidata za radno mjesto voditelj marketinga<\/a><\/p>\n<p><a href=\"https:\/\/czk-cakovec.hr\/wp-content\/uploads\/2024\/02\/Javni-natjecaj-za-voditelja-marketinga.pdf\">Javni natje\u010daj za voditelja marketinga<\/a><\/p>\n<p><a href=\"https:\/\/czk-cakovec.hr\/wp-content\/uploads\/2024\/02\/Odluka-o-nacinu-provodenja-postupka-javnog-natjecaja.pdf\">Odluka o na\u010dinu provo\u0111enja postupka javnog natje\u010daja<\/a><\/p>\n<p><a href=\"https:\/\/czk-cakovec.hr\/wp-content\/uploads\/2023\/11\/Odluka-o-izboru-kandidata-za-radno-mjesto-knjigovoda.pdf\">Odluka o izboru kandidata za radno mjesto knjigovo\u0111a<\/a><\/p>\n<p><a href=\"https:\/\/czk-cakovec.hr\/wp-content\/uploads\/2023\/10\/Javni-natjecaj-za-knjigovodu.docx\">Javni natje\u010daj za knjigovo\u0111u<\/a><\/p>\n<p><a href=\"https:\/\/czk-cakovec.hr\/wp-content\/uploads\/2023\/10\/Odluka-o-izboru-kandidata-za-scenskog-radnika-reklamera.pdf\">Odluka o izboru kandidata za scenskog radnika, reklamera<\/a><\/p>\n<p><a href=\"https:\/\/czk-cakovec.hr\/wp-content\/uploads\/2023\/09\/Javni-natjecaj-za-scenskog-radnika-reklamera.docx\">Javni natje\u010daj za scenskog radnika, reklamera<\/a><\/p>\n<p><a href=\"https:\/\/czk-cakovec.hr\/wp-content\/uploads\/2023\/08\/Odluka-o-ponistenju-natjecaja-za-scenskog-radnika-reklamera.pdf\">Odluka o poni\u0161tenju natje\u010daja za scenskog radnika, reklamera<\/a><\/p>\n<p><a href=\"https:\/\/czk-cakovec.hr\/wp-content\/uploads\/2023\/08\/Odluka-o-ponistenju-natjecaja-za-knjigovodu.pdf\">Odluka o poni\u0161tenju natje\u010daja za knjigovo\u0111u<\/a><\/p>\n<p><a href=\"https:\/\/czk-cakovec.hr\/wp-content\/uploads\/2023\/08\/Javni-natjecaj-za-knjigovodu.docx\">Javni natje\u010daj za knjigovo\u0111u<\/a><\/p>\n<p><a href=\"https:\/\/czk-cakovec.hr\/wp-content\/uploads\/2023\/08\/Javni-natjecaj-za-scenskog-radnika-reklamera.docx\">Javni natje\u010daj za scenskog radnika, reklamera<\/a><\/p>\n<p><a href=\"https:\/\/czk-cakovec.hr\/wp-content\/uploads\/2023\/05\/Odluka-o-izboru-kandidata-za-sefa-racunovodstva.pdf\">Odluka o izboru kandidata za \u0161efa ra\u010dunovodstva<\/a><\/p>\n<p><a href=\"https:\/\/czk-cakovec.hr\/wp-content\/uploads\/2023\/04\/Javni-natjecaj-za-sefa-racunovodstva.docx\">Javni natje\u010daj za \u0161efa ra\u010dunovodstva<\/a><\/p>\n<p><a href=\"https:\/\/czk-cakovec.hr\/wp-content\/uploads\/2023\/01\/Obavijest-kandidatima-o-izboru-ravnatelja.pdf\">Obavijest kandidatima o izboru ravnatelja<\/a><\/p>\n<p><a href=\"https:\/\/czk-cakovec.hr\/wp-content\/uploads\/2023\/01\/Odluka-o-imenovanju-ravnateljice-Centra-za-kulturu.pdf\">Odluka o imenovanju ravnateljice Centra za kulturu<\/a><\/p>\n<p><a href=\"https:\/\/czk-cakovec.hr\/wp-content\/uploads\/2022\/11\/Javni-natjecaj-za-imenovanje-ravnatelja-Centra-za-kulturu.pdf\">Javni natje\u010daj za imenovanje ravnatelja Centra za kulturu<\/a><\/p>\n<p><a href=\"https:\/\/czk-cakovec.hr\/wp-content\/uploads\/2022\/09\/Odluka-o-izboru-kandidata-za-radno-mjesto-Voditelj-glazbene-djelatnosti.pdf\">Odluka o izboru kandidata za radno mjesto Voditelj glazbene djelatnosti<\/a><\/p>\n<p><a href=\"https:\/\/czk-cakovec.hr\/wp-content\/uploads\/2022\/08\/Natjecaj-voditelj-glazbene-djelatnosti.pdf\">Natje\u010daj &#8211; voditelj glazbene djelatnosti<\/a><\/p>\n<p><a href=\"https:\/\/czk-cakovec.hr\/wp-content\/uploads\/2022\/06\/Odluka-o-ponistenju-Odluke-o-zasnivanju-radnog-odnosa-i-Odluka-o-ponistenju-natjecaja-za-radno-mjesto-voditelj-glazbene-djelatnosti.pdf\">Odluka o poni\u0161tenju Odluke o zasnivanju radnog odnosa i Odluka o poni\u0161tenju natje\u010daja za radno mjesto voditelj glazbene djelatnosti<\/a><\/p>\n<p>&nbsp;<\/p>\n<p><a href=\"https:\/\/czk-cakovec.hr\/wp-content\/uploads\/2022\/06\/Odluka-o-izboru-kandidata-Voditelj-glazbene-djelatnosti.pdf\">Odluka o izboru kandidata Voditelj glazbene djelatnosti<\/a><\/p>\n<p>&nbsp;<\/p>\n<p>Temeljem \u010dlanka 16. Statuta Centra za kulturu \u010cakovec Upravno vije\u0107e Centra\u00a0 raspisuje<\/p>\n<p>NATJE\u010cAJ<\/p>\n<p>za radno mjesto <strong>VODITELJ GLAZBENE DJELATNOSTI<\/strong><\/p>\n<p>&nbsp;<\/p>\n<p>&#8211; 1 izvr\u0161itelj \u00a0na <strong>odre\u0111eno vrijeme<\/strong> od godinu dana s probnim rokom od 6 mjeseci\u00a0 <strong>uz mogu\u0107nost stalnog zaposlenja \u2013\u00a0 puno<\/strong> <strong>radno vrijeme.<\/strong><strong>\u00a0<\/strong><\/p>\n<p>Rok prijave: od 2.5. do 9.5.2022.<\/p>\n<p>Po\u010detak rada: 1.7.2022.<\/p>\n<p>Uvjeti:<\/p>\n<ul>\n<li>magistar struke ili VSS umjetni\u010dkog ili dru\u0161tveno humanisti\u010dkog smjera<\/li>\n<li>poznavanje jednog stranog jezika<\/li>\n<li>radno iskustvo od godinu dana<\/li>\n<\/ul>\n<p>Opis poslova:<\/p>\n<ul>\n<li>organizacija koncerta za Majski muzi\u010dki memorijal \u201eJ. \u0160. Slavenski\u201c, Festival komorne glazbe, Jazz fair, koncerte na tribini \u201e\u010cakovec \u010detvrtkom\u201c, na tribini Hrvatske glazbene mlade\u017ei, tribini Mladi glazbenici Me\u0111imurja<\/li>\n<li>pronalazi i prijavljuje programe na natje\u010daje i projekte dostupne u HR i projekte i natje\u010daje dostupne u EU<\/li>\n<\/ul>\n<p>Uz prijavu kandidati su du\u017eni prilo\u017eiti:<\/p>\n<ul>\n<li>\u017eivotopis<\/li>\n<li>dokaz o ste\u010denoj stru\u010dnoj spremi (preslika diplome)<\/li>\n<li>dokaz o radnom iskustvu (ispis elektroni\u010dkog zapisa podataka HZMO-a ili potvrda o podacima evidentiranim u mati\u010dnoj evidenciji HZMO-a)<\/li>\n<\/ul>\n<p>&nbsp;<\/p>\n<p>Prijavu na natje\u010daj mogu dostaviti osobe oba spola (\u010dl. 13. Zakona o ravnopravnosti spolova NN RH 82\/08, 69\/17).<\/p>\n<p>Prijava na natje\u010daj mora biti potpisana.<\/p>\n<p>Kandidati koji ostvaruju pravo prednosti pri zapo\u0161ljavanju dokazuju to rje\u0161enjem ili potvrdom o priznatom statusu i potvrdom o nezaposlenosti Hrvatskog zavoda za zapo\u0161ljavanje izdanom za vrijeme javnog natje\u010daja te dokaz iz kojeg je vidljivo na koji na\u010din je prestao radni odnos kod posljednjeg poslodavca (ugovor, rje\u0161enje, odluka i sl.).<\/p>\n<p>Kandidat koji se poziva na pravo prednosti pri zapo\u0161ljavanju na temelju \u010dlanka 102. Zakona o hrvatskim braniteljima iz Domovinskog rata i \u010dlanovima njihovih obitelji (Narodne novine broj 121\/17, 98\/19 i 84\/21) uz prijavu na javni natje\u010daj du\u017ean je, osim dokaza o ispunjavanju tra\u017eenih uvjeta, prilo\u017eiti sve potrebne dokaze za ostvarivanje prava prednosti pri zapo\u0161ljavanju \u00a0dostupne na poveznici.<\/p>\n<p><u><a href=\"https:\/\/www.zakon.hr\/z\/973\/Zakon-o-hrvatskim-braniteljima-iz-Domovinskog-rata-i-%C4%8Dlanovima-njihovih-obitelji\">https:\/\/www.zakon.hr\/z\/973\/Zakon-o-hrvatskim-braniteljima-iz-Domovinskog-rata-i-%C4%8Dlanovima-njihovih-obitelji<\/a><\/u><\/p>\n<p>Kandidat koji se poziva na pravo prednosti pri zapo\u0161ljavanju u skladu s \u010dlankom 9. Zakona o profesionalnoj rehabilitaciji i zapo\u0161ljavanju osoba s invaliditetom (NN RH 157\/13, 152\/14, 39\/18 i 32\/20), uz prijavu na javni natje\u010daj du\u017ean je, osim dokaza o ispunjavanju tra\u017eenih uvjeta, prilo\u017eiti i dokaz o utvr\u0111enom statusu osobe s invaliditetom.<\/p>\n<p>Rije\u010di i pojmovi kori\u0161teni u javnom natje\u010daju, koji imaju rodno zna\u010denje, odnose se jednako na mu\u0161ki i \u017eenski rod, bez obzira na to jesu li kori\u0161teni u mu\u0161kom ili \u017eenskom rodu.<\/p>\n<p>Prijavom na natje\u010daj kandidati su izri\u010dito suglasni da Centar za kulturu \u010cakovec, mo\u017ee prikupljati, koristiti i obra\u0111ivati njihove podatke u svrhu provedbe natje\u010dajnog postupka, a sukladno propisima koji ure\u0111uju podru\u010dje za\u0161tite podataka.<\/p>\n<p><strong>Prijave na natje\u010daj dostavljaju se na adresu:\u00a0 <\/strong><\/p>\n<p><strong>Centar za kulturu \u010cakovec, Trg Republike 3, 40000 \u010cakovec <\/strong><strong>s naznakom \u201eza natje\u010daj \u2013 za radno mjesto voditelj glazbene djelatnosti\u201c<\/strong><\/p>\n<p>Nepotpune i nepravovremene prijave na natje\u010daj ne\u0107e se razmatrati.<\/p>\n<p>O rezultatima izbora kandidati \u0107e biti pisano obavije\u0161teni u roku od 45 dana od dana isteka roka za podno\u0161enje prijava.<\/p>\n<p>Centar za kulturu zadr\u017eava pravo da ne prihvati ni jednu od pristiglih ponuda ili da poni\u0161ti natje\u010daj.<\/p>\n<p>Natje\u010dajna dokumentacija se ne vra\u0107a.<\/p>\n<p>__________________________________________________________________________________________________________<\/p>\n<p>NATJE\u010cAJ &#8211; ZATVOREN<\/p>\n<p>Temeljem \u010dlanka 16. Statuta Centra za kulturu \u010cakovec Upravno vije\u0107e Centra\u00a0 raspisuje<\/p>\n<p>&nbsp;<\/p>\n<p style=\"text-align: center;\"><strong>NATJE\u010cAJ<\/strong><\/p>\n<p style=\"text-align: center;\"><strong>\u00a0\u00a0za radno mjesto PRODAVA\u010c ULAZNICA<\/strong><\/p>\n<p>&nbsp;<\/p>\n<p>Raspisuje se natje\u010daj na <strong>odre\u0111eno vrijeme<\/strong> od godinu dana za radno mjesto prodava\u010d ulaznica s probnim rokom od 2 mjeseca \u00a0\u00a0<strong>uz mogu\u0107nost stalnog zaposlenja \u2013 nepuno<\/strong> <strong>radno vrijeme.<\/strong><\/p>\n<p>Rok prijave: od 22. do 29.3.2022.<\/p>\n<p>Uvjeti:<\/p>\n<ul>\n<li>srednja stru\u010dna sprema<\/li>\n<li>poznavanje rada na ra\u010dunalu u okviru poslova radnog mjesta<\/li>\n<li>komunikativnost te sklonost timskom radu<\/li>\n<\/ul>\n<p>Opis poslova:<\/p>\n<ul>\n<li>prodaja ulaznica za sve programe u Centru za kulturu<\/li>\n<li>izrada izvje\u0161taja o prodanim ulaznicama<\/li>\n<li>polog novca u no\u0107ni trezor<\/li>\n<\/ul>\n<p>Potrebno prilo\u017eiti:<\/p>\n<ul>\n<li>zamolbu<\/li>\n<li>\u017eivotopis<\/li>\n<li>dokaz o ste\u010denoj stru\u010dnoj spremi<\/li>\n<\/ul>\n<p>Javni natje\u010daj objavljuje se na mre\u017enim stranicama Centra za kulturu \u010cakovec i Zavodu za zapo\u0161ljavanje.<\/p>\n<p>Prijave se \u0161alju na adresu:\u00a0 Centar za kulturu \u010cakovec, Trg Republike 3, \u010cakovec ili <a href=\"mailto:propaganda@czk-cakovec.hr\">propaganda@czk-cakovec.hr<\/a> u roku od 8 dana po\u010dev\u0161i od dana objave\u00a0 natje\u010daja.<\/p>\n<p>O rezultatima izbora kandidati \u0107e biti pisano obavije\u0161teni u roku od 45 (\u010detrdesetpet) dana od dana isteka roka za podno\u0161enje prijava.<\/p>\n<p>Kandidati koji ostvaruju pravo prednosti pri zapo\u0161ljavanju dokazuju to rje\u0161enjem ili potvrdom o priznatom statusu i potvrdom o nezaposlenosti Hrvatskog zavoda za zapo\u0161ljavanje izdanom za vrijeme javnog natje\u010daja te dokaz iz kojeg je vidljivo na koji na\u010din je prestao radni odnos kod posljednjeg poslodavca (ugovor, rje\u0161enje, odluka i sl.).<\/p>\n<p>Kandidat koji ostvaruje pravo prednosti pri zapo\u0161ljavanju prema \u010dlanku 102. Zakona o hrvatskim braniteljima iz Domovinskog rata i \u010dlanovima njihovih obitelji (NN RH 121\/17, 98\/19 i 84\/21) te \u010dlanku 9. Zakona o profesionalnoj rehabilitaciji i zapo\u0161ljavanju osoba s invaliditetom (Narodne novine broj 157\/13, 152\/14, 39\/18 i 32\/20), du\u017ean se u prijavi na javni natje\u010daj pozvati na to pravo te ima prednost u odnosu na ostale kandidate samo pod jednakim uvjetima.<\/p>\n<p>Kandidat koji se poziva na pravo prednosti pri zapo\u0161ljavanju na temelju \u010dlanka 102., 103. i 104. Zakona o hrvatskim braniteljima iz Domovinskog rata i \u010dlanovima njihovih obitelji (Narodne novine broj 121\/17, 98\/19 i 84\/21) uz prijavu na javni natje\u010daj du\u017ean je, osim dokaza o ispunjavanju tra\u017eenih uvjeta, prilo\u017eiti dokaze potrebne za ostvarivanje prava prednosti pri zapo\u0161ljavanju iz \u010dlanka 103. citiranog zakona.<\/p>\n<p><a href=\"https:\/\/www.zakon.hr\/z\/973\/Zakon-o-hrvatskim-braniteljima-iz-Domovinskog-rata-i-%C4%8Dlanovima-njihovih-obitelji\">https:\/\/www.zakon.hr\/z\/973\/Zakon-o-hrvatskim-braniteljima-iz-Domovinskog-rata-i-%C4%8Dlanovima-njihovih-obitelji<\/a><\/p>\n<p>Dokazi potrebni za ostvarivanje prava prednosti prilikom zapo\u0161ljavanja objavljeni su na internetskoj stranici Ministarstva hrvatskih branitelja Republike Hrvatske:<\/p>\n<p><a href=\"https:\/\/branitelji.gov.hr\/UserDocsImages\/dokumenti\/Nikola\/popis%20dokaza%20za%20ostvarivanje%20prava%20prednosti%20pri%20zapo%C5%A1ljavanju-%20ZOHBDR%202021.pdf\">https:\/\/branitelji.gov.hr\/UserDocsImages\/dokumenti\/Nikola\/popis%20dokaza%20za%20ostvarivanje%20prava%20prednosti%20pri%20zapo%C5%A1ljavanju-%20ZOHBDR%202021.pdf<\/a><\/p>\n<p>Kandidat koji se poziva na pravo prednosti pri zapo\u0161ljavanju u skladu s \u010dlankom 9. Zakona o profesionalnoj rehabilitaciji i zapo\u0161ljavanju osoba s invaliditetom (NN RH 157\/13, 152\/14, 39\/18 i 32\/20), uz prijavu na javni natje\u010daj du\u017ean je, osim dokaza o ispunjavanju tra\u017eenih uvjeta, prilo\u017eiti i dokaz o utvr\u0111enom statusu osobe s invaliditetom.<\/p>\n<p>Prijavu na natje\u010daj mogu dostaviti osobe oba spola (\u010dl. 13. Zakona o ravnopravnosti spolova NN RH 82\/08, 69\/17).<\/p>\n<p>Rije\u010di i pojmovi kori\u0161teni u javnom natje\u010daju, koji imaju rodno zna\u010denje, odnose se jednako na mu\u0161ki i \u017eenski rod, bez obzira na to jesu li kori\u0161teni u mu\u0161kom ili \u017eenskom rodu.<\/p>\n<p>Prijavom na natje\u010daj kandidati su izri\u010dito suglasni da Centar za kulturu \u010cakovec, mo\u017ee prikupljati, koristiti i obra\u0111ivati njihove podatke u svrhu provedbe natje\u010dajnog postupka, a sukladno propisima koji ure\u0111uju podru\u010dje za\u0161tite podataka.<\/p>\n<p>Nepotpune i nepravovremene prijave na natje\u010daj ne\u0107e se razmatrati.<\/p>\n<p>Upravno vije\u0107e zadr\u017eava pravo da ne prihvati ni jednu od pristiglih ponuda ili da poni\u0161ti natje\u010daj.<\/p>\n<p>Natje\u010dajna dokumentacija se ne vra\u0107a.<\/p>\n<p>&nbsp;<\/p>\n<p>KLASA: 112-01\/22-02\/02<\/p>\n<p>URBROJ: 2109-103-05-22-01<\/p>\n<p>\u010cakovec, 18.3.2022.<\/p>\n<p>&nbsp;<\/p>\n<p>&nbsp;<\/p>\n<p>&nbsp;<\/p>\n<p>&nbsp;<\/p>\n<p>&nbsp;<\/p>\n<p><a href=\"https:\/\/czk-cakovec.hr\/wp-content\/uploads\/2022\/02\/Odluka-o-ponistenju-natjecaja.jpg\"><img loading=\"lazy\" class=\"alignnone wp-image-34890\" src=\"https:\/\/czk-cakovec.hr\/wp-content\/uploads\/2022\/02\/Odluka-o-ponistenju-natjecaja-745x1024.jpg\" alt=\"\" width=\"667\" height=\"917\" srcset=\"https:\/\/czk-cakovec.hr\/stara\/wp-content\/uploads\/2022\/02\/Odluka-o-ponistenju-natjecaja-745x1024.jpg 745w, https:\/\/czk-cakovec.hr\/stara\/wp-content\/uploads\/2022\/02\/Odluka-o-ponistenju-natjecaja-218x300.jpg 218w, https:\/\/czk-cakovec.hr\/stara\/wp-content\/uploads\/2022\/02\/Odluka-o-ponistenju-natjecaja-768x1055.jpg 768w, https:\/\/czk-cakovec.hr\/stara\/wp-content\/uploads\/2022\/02\/Odluka-o-ponistenju-natjecaja-1118x1536.jpg 1118w, https:\/\/czk-cakovec.hr\/stara\/wp-content\/uploads\/2022\/02\/Odluka-o-ponistenju-natjecaja-655x900.jpg 655w, https:\/\/czk-cakovec.hr\/stara\/wp-content\/uploads\/2022\/02\/Odluka-o-ponistenju-natjecaja-582x800.jpg 582w, https:\/\/czk-cakovec.hr\/stara\/wp-content\/uploads\/2022\/02\/Odluka-o-ponistenju-natjecaja-437x600.jpg 437w, https:\/\/czk-cakovec.hr\/stara\/wp-content\/uploads\/2022\/02\/Odluka-o-ponistenju-natjecaja-291x400.jpg 291w, https:\/\/czk-cakovec.hr\/stara\/wp-content\/uploads\/2022\/02\/Odluka-o-ponistenju-natjecaja.jpg 1275w\" sizes=\"(max-width: 667px) 100vw, 667px\" \/><\/a><\/p>\n<p>Temeljem \u010dlanka 16. Statuta Centra za kulturu \u010cakovec Upravno vije\u0107e Centra\u00a0 raspisuje<\/p>\n<p><strong>NATJE\u010cAJ<\/strong><\/p>\n<p><strong>za radno mjesto PRODAVA\u010c ULAZNICA<\/strong><\/p>\n<p>&nbsp;<\/p>\n<p>Raspisuje se natje\u010daj na odre\u0111eno vrijeme od godinu dana za radno mjesto prodava\u010d ulaznica s probnim rokom od mjesec dana uz mogu\u0107nost stalnog zaposlenja<strong> \u2013 <\/strong>puno radno vrijeme.<\/p>\n<p>Rok prijave: do 31.1.2022.<\/p>\n<p>Po\u010detak rada 1.3.2022.<\/p>\n<p>Uvjeti: &#8211; srednja stru\u010dna sprema<\/p>\n<ul>\n<li>poznavanje rada na kompjutoru<\/li>\n<li>komunikativnost te sklonost timskom radu<\/li>\n<\/ul>\n<p>Opis poslova:<\/p>\n<ul>\n<li>prodaja ulaznica za sve programe u Centru za kulturu<\/li>\n<li>izrada izvje\u0161taja o prodanim ulaznicama<\/li>\n<li>polog novca u no\u0107ni trezor<\/li>\n<\/ul>\n<p>Potrebno prilo\u017eiti:<\/p>\n<ul>\n<li>zamolbu uz kratki \u017eivotopis<\/li>\n<li>dokaz o ste\u010denoj stru\u010dnoj spremi<\/li>\n<\/ul>\n<p>Molbe dostaviti na adresu:\u00a0 Centar za kulturu \u010cakovec, Trg Republike 3, \u010cakovec ili <a href=\"mailto:propaganda@czk-cakovec.hr\">propaganda@czk-cakovec.hr<\/a> u roku od 8 dana po\u010dev\u0161i od dana objave\u00a0 natje\u010daja.<\/p>\n<p>&nbsp;<\/p>\n<p>KLASA: 112-02\/22-02\/01<\/p>\n<p>URBROJ: 2109-103-05-22-01<\/p>\n<p>\u010cakovec, 21.1.2022.<\/p>\n<p>&nbsp;<\/p>\n<p>____________________________________________________________________________________________________<\/p>\n<p>Temeljem \u010dlanka 16. Statuta Centra za kulturu \u010cakovec Upravno vije\u0107e Centra\u00a0 raspisuje<\/p>\n<p>&nbsp;<\/p>\n<p>&nbsp;<\/p>\n<p>NATJE\u010cAJ<\/p>\n<p>za radno mjesto biljeter \u2013 \u010dista\u010d<\/p>\n<p>&nbsp;<\/p>\n<p>Raspisuje se natje\u010daj na odre\u0111eno vrijeme od godinu dana za radno mjesto biljeter \u2013 \u010dista\u010d s probnim rokom od mjesec dana uz mogu\u0107nost stalnog zaposlenja.<\/p>\n<p>Uvjeti: &#8211; zavr\u0161ena osnovna \u0161kola<\/p>\n<ul>\n<li>3 godine radnog iskustva<\/li>\n<li>komunikativnost te sklonost timskom radu<\/li>\n<\/ul>\n<p>&nbsp;<\/p>\n<p>Molbe sa \u017eivotopisom primaju se na adresu:\u00a0 Centar za kulturu \u010cakovec, Trg Republike 3, \u010cakovec ili <a href=\"mailto:propaganda@czk-cakovec.hr\">propaganda@czk-cakovec.hr<\/a> u roku od 8 dana po\u010dev\u0161i od dana objave\u00a0 natje\u010daja.<\/p>\n<p>&nbsp;<\/p>\n<p>\u010cakovec, 17.9.2021.<\/p>\n","protected":false},"excerpt":{"rendered":"<p>Odluka o izboru kandidata za radno mjesto \u010dista\u010d biljeter Javni natje\u010daj za \u010dista\u010da &#8211; biljetera Odluka o na\u010dinu provo\u0111enja postupka natje\u010daja za \u010dista\u010da biljetera Odluka o izboru kandidata za radno mjesto voditelj marketinga Javni natje\u010daj za voditelja marketinga Odluka o na\u010dinu provo\u0111enja postupka javnog natje\u010daja Odluka o izboru kandidata za radno mjesto knjigovo\u0111a Javni natje\u010daj [&hellip;]<\/p>\n","protected":false},"author":1,"featured_media":0,"parent":753,"menu_order":0,"comment_status":"closed","ping_status":"closed","template":"","meta":[],"_links":{"self":[{"href":"https:\/\/czk-cakovec.hr\/stara\/wp-json\/wp\/v2\/pages\/15227"}],"collection":[{"href":"https:\/\/czk-cakovec.hr\/stara\/wp-json\/wp\/v2\/pages"}],"about":[{"href":"https:\/\/czk-cakovec.hr\/stara\/wp-json\/wp\/v2\/types\/page"}],"author":[{"embeddable":true,"href":"https:\/\/czk-cakovec.hr\/stara\/wp-json\/wp\/v2\/users\/1"}],"replies":[{"embeddable":true,"href":"https:\/\/czk-cakovec.hr\/stara\/wp-json\/wp\/v2\/comments?post=15227"}],"version-history":[{"count":41,"href":"https:\/\/czk-cakovec.hr\/stara\/wp-json\/wp\/v2\/pages\/15227\/revisions"}],"predecessor-version":[{"id":43497,"href":"https:\/\/czk-cakovec.hr\/stara\/wp-json\/wp\/v2\/pages\/15227\/revisions\/43497"}],"up":[{"embeddable":true,"href":"https:\/\/czk-cakovec.hr\/stara\/wp-json\/wp\/v2\/pages\/753"}],"wp:attachment":[{"href":"https:\/\/czk-cakovec.hr\/stara\/wp-json\/wp\/v2\/media?parent=15227"}],"curies":[{"name":"wp","href":"https:\/\/api.w.org\/{rel}","templated":true}]}}