{"id":15346,"date":"2016-01-31T18:27:09","date_gmt":"2016-01-31T17:27:09","guid":{"rendered":"http:\/\/czk-cakovec.hr\/?page_id=15346"},"modified":"2024-06-04T12:01:56","modified_gmt":"2024-06-04T10:01:56","slug":"upravno-vijece","status":"publish","type":"page","link":"https:\/\/czk-cakovec.hr\/stara\/upravno-vijece\/","title":{"rendered":"Upravno vije\u0107e"},"content":{"rendered":"<h3>\u010clanovi Upravnog vije\u0107a<\/h3>\n<ul>\n<li><b>Sandra Breka &#8211; Ov\u010dar, prof. &#8211; <\/b>predsjednica<\/li>\n<li><strong>Neven Taradi<\/strong>,<strong> dipl. ing. &#8211; <\/strong>zamjenik predsjednice<\/li>\n<li><b>Marina Dr\u017eani\u0107, bacc. oec.<\/b><\/li>\n<li><b>Marko \u017derjav, prof.<\/b><\/li>\n<li><strong>Tasjenka \u017dnidar, mag.prim.educ.<\/strong><\/li>\n<\/ul>\n<p>______________________________________________________________________<\/p>\n<h3>2024. godina<\/h3>\n<ul>\n<li><a href=\"https:\/\/czk-cakovec.hr\/wp-content\/uploads\/2024\/05\/Odluka-o-usvajanju-I.-izmjene-i-dopune-Plana-nabave-za-2024..pdf\">Odluka o usvajanju I. izmjene i dopune Plana nabave za 2024.<\/a><\/li>\n<li><a href=\"https:\/\/czk-cakovec.hr\/wp-content\/uploads\/2024\/05\/Prethodno-misljenje-o-donosenju-Pravilika-o-unutarnjem-ustrojsvu-nacinu-rada-i-sistematizaciji-radnih-mjesta.pdf\">Prethodno mi\u0161ljenje o dono\u0161enju Pravilnika o unutarnjem ustrojstvu, na\u010dinu rada i sistematizaciji radnih mjesta<\/a><\/li>\n<li><a href=\"https:\/\/czk-cakovec.hr\/wp-content\/uploads\/2024\/05\/Odluka-o-usvajanju-Pravilnika-o-obradi-i-zastiti-osobnih-podataka.pdf\">Odluka o usvajanju Pravilnika o obradi i za\u0161titi osobnih podataka<\/a><\/li>\n<li><a href=\"https:\/\/czk-cakovec.hr\/wp-content\/uploads\/2024\/05\/Odluka-o-usvajanju-Pravilnika-o-radu-CZK.pdf\">Odluka o usvajanju Pravilnika o radu CZK<\/a><\/li>\n<li><a href=\"https:\/\/czk-cakovec.hr\/wp-content\/uploads\/2024\/05\/Izvod-iz-zapisnika-sa-8.-sjednice-UV-16.4.2024..pdf\">Izvod iz zapisnika sa 8. sjednice UV 16.4.2024.<\/a><\/li>\n<li><a href=\"https:\/\/czk-cakovec.hr\/wp-content\/uploads\/2024\/04\/Odluka-o-usvanjanju-I.-Izmjene-i-dopune-Financijskog-plana-Centra-za-2024.-godinu.pdf\">Odluka o usvajanju I. Izmjene i dopune Financijskog plana Centra za 2024. godinu<\/a><\/li>\n<li><a href=\"https:\/\/czk-cakovec.hr\/wp-content\/uploads\/2024\/04\/Odluka-o-raspodjeli-rezultata-poslovanja-za-2023.-godinu.pdf\">Odluka o raspodjeli rezultata poslovanja za 2023. godinu<\/a><\/li>\n<li><a href=\"https:\/\/czk-cakovec.hr\/wp-content\/uploads\/2024\/04\/Izvod-iz-zapisnika-7.-sjednice-UV-5.3.2024..pdf\">Izvod iz zapisnika 7. sjednice UV 5.3.2024.<\/a><\/li>\n<li><a href=\"https:\/\/czk-cakovec.hr\/wp-content\/uploads\/2024\/04\/Odluka-o-visini-koeficijenta-ravnatelja.pdf\">Odluka o visini koeficijenta ravnatelja<\/a><\/li>\n<li><a href=\"https:\/\/czk-cakovec.hr\/wp-content\/uploads\/2024\/03\/Izvod-iz-zapisnika-sa-6.-sjednice-UV-5.2.2024..pdf\">Izvod iz zapisnika sa 6. sjednice UV 5.2.2024.<\/a><\/li>\n<\/ul>\n<h3>2023. godina<\/h3>\n<div>\n<ul>\n<li><a href=\"https:\/\/czk-cakovec.hr\/wp-content\/uploads\/2024\/02\/Izvod-iz-zapisnika-sa-5.-sjednice-UV-29.12.2023..pdf\">Izvod iz zapisnika sa 5. sjednice UV 29.12.2023.<\/a><\/li>\n<li><a href=\"https:\/\/czk-cakovec.hr\/wp-content\/uploads\/2024\/01\/Odluka-o-usvajanju-Plana-nabave-za-2024..pdf\">Odluka o usvajanju Plana nabave za 2024.<\/a><\/li>\n<li><a href=\"https:\/\/czk-cakovec.hr\/wp-content\/uploads\/2024\/01\/Odluka-o-usvajanju-III.-izmjene-i-dopune-Financijskog-plana-CZK-za-2023..pdf\">Odluka o usvajanju III. izmjene i dopune Financijskog plana CZK za 2023.<\/a><\/li>\n<li><a href=\"https:\/\/czk-cakovec.hr\/wp-content\/uploads\/2024\/01\/Izvod-iz-zapisnika-sa-4.-sjednice-UV-15.12.2023..pdf\">Izvod iz zapisnika sa 4. sjednice UV 15.12.2023.<\/a><\/li>\n<li><a href=\"https:\/\/czk-cakovec.hr\/wp-content\/uploads\/2024\/01\/Odluka-o-prihvacanju-II.-Izmjene-Plana-nabave-za-2023..pdf\">Odluka o prihva\u0107anju II. Izmjene Plana nabave za 2023.<\/a><\/li>\n<li><a href=\"https:\/\/czk-cakovec.hr\/wp-content\/uploads\/2024\/01\/Izvod-iz-zapisnika-sa-3.-sjednice-UV-9.11.2023..pdf\">Izvod iz zapisnika sa 3. sjednice UV 9.11.2023.<\/a><\/li>\n<li><a href=\"https:\/\/czk-cakovec.hr\/wp-content\/uploads\/2023\/11\/Odluka-o-usvajanju-Programa-rada-i-razvitka-i-Financijskog-plana-Centra-za-kulturu-za-2024.-i-projekcije-za-2025.-i-2026..pdf\">Odluka o usvajanju Programa rada i razvitka i Financijskog plana Centra za kulturu za 2024. i projekcije za 2025. i 2026.<\/a><\/li>\n<li><a href=\"https:\/\/czk-cakovec.hr\/wp-content\/uploads\/2023\/11\/Izvod-iz-zapisnika-sa-2.-sjednice-Upravnog-vijeca-19.10.2023..pdf\">Izvod iz zapisnika sa 2. sjednice Upravnog vije\u0107a 19.10.2023.<\/a><\/li>\n<li><a href=\"https:\/\/czk-cakovec.hr\/wp-content\/uploads\/2023\/10\/Odluka-o-usvajanju-II.-izmjene-i-dopune-Fianancijskog-plana-CZK-za-2023.-1.pdf\">Odluka o usvajanju II. izmjene i dopune Financijskog plana CZK za 2023.<\/a><\/li>\n<li><a href=\"https:\/\/czk-cakovec.hr\/wp-content\/uploads\/2023\/10\/Odluka-o-korekciji-rezultata-poslovanja-CZK-za-2022.-godinu.pdf\">Odluka o korekciji rezultata poslovanja CZK za 2022. godinu<\/a><\/li>\n<li><a href=\"https:\/\/czk-cakovec.hr\/wp-content\/uploads\/2023\/10\/Izvod-iz-zapisnika-sa-1.-sjednice-Upravnog-vijeca-28.9.2023..pdf\">Izvod iz zapisnika sa 1. sjednice Upravnog vije\u0107a 28.9.2023.<\/a><\/li>\n<li><a href=\"https:\/\/czk-cakovec.hr\/wp-content\/uploads\/2023\/09\/Izvod-iz-zapisnika-29.-sjednice-UV-25.8.2023..pdf\">Izvod iz zapisnika 29. sjednice UV 25.8.2023.<\/a><\/li>\n<li><a href=\"https:\/\/czk-cakovec.hr\/wp-content\/uploads\/2023\/08\/Odluka-o-dozvoli-obavljanju-ugostiteljske-djelatnosti-na-Maloj-sceni-V.-Lisjak.pdf\">Odluka o obavljanju ugostiteljske djelatnosti na Maloj sceni V. Lisjak<\/a><\/li>\n<li><a href=\"https:\/\/czk-cakovec.hr\/wp-content\/uploads\/2023\/08\/Izvod-iz-zapisnika-28.-sjednice-UV-12.7.2023..pdf\">Izvod iz zapisnika 28. sjednice UV 12.7.2023.<\/a><\/li>\n<li><a href=\"https:\/\/czk-cakovec.hr\/wp-content\/uploads\/2023\/07\/Odluka-o-usvajanju-Financijskog-izvjestaja-za-razdoblje-1.1.-30.6.2023..pdf\">Odluka o usvajanju Financijskog izvje\u0161taja za razdoblje 1.1.-30.6.2023.<\/a><\/li>\n<li><a href=\"https:\/\/czk-cakovec.hr\/wp-content\/uploads\/2023\/07\/Izvod-iz-zapisnika-27.-sjednice-UV-2.6.2023..pdf\">Izvod iz zapisnika 27. sjednice UV 2.6.2023.<\/a><\/li>\n<li><a href=\"https:\/\/czk-cakovec.hr\/wp-content\/uploads\/2023\/07\/Odlukla-o-usvajanju-I.-izmjena-Financijskog-plana.pdf\">Odluka o usvajanju I. izmjena Financijskog plana<\/a><\/li>\n<li><a href=\"https:\/\/czk-cakovec.hr\/wp-content\/uploads\/2023\/07\/Odluka-o-usvajanju-Poslovnika-o-radu-UV.pdf\">Odluka o usvajanju Poslovnika o radu UV<\/a><\/li>\n<li><a href=\"https:\/\/czk-cakovec.hr\/wp-content\/uploads\/2023\/07\/Prethodno-misljenje-1.pdf\">Prethodno mi\u0161ljenje<\/a><\/li>\n<li><a href=\"https:\/\/czk-cakovec.hr\/wp-content\/uploads\/2023\/06\/Izvod-iz-zapisnika-26.-sjednice-UV-24.4.2023..pdf\">Izvod iz zapisnika 26. sjednice UV 24.4.2023.<\/a><\/li>\n<li><a href=\"https:\/\/czk-cakovec.hr\/wp-content\/uploads\/2023\/07\/Odluka-o-nacinu-raspolaganja-imovinom.pdf\">Odluka o na\u010dinu raspolaganja imovinom<\/a><\/li>\n<li><a href=\"https:\/\/czk-cakovec.hr\/wp-content\/uploads\/2023\/04\/Izvod-iz-zapisnika-25.-sjednice-UV-27.3.2023..pdf\">Izvod iz zapisnika 25. sjednice UV 27.3.2023.<\/a><\/li>\n<li><a href=\"https:\/\/czk-cakovec.hr\/wp-content\/uploads\/2023\/07\/Odluka-o-usvajanju-Izvjestaja-o-izvrsenju-programa-CZK-za-2022..pdf\">Odluka o usvajanju Izvje\u0161taja o izvr\u0161enju programa CZK za 2022.<\/a><\/li>\n<li><a href=\"https:\/\/czk-cakovec.hr\/wp-content\/uploads\/2023\/07\/Odluka-o-raspodjeli-rezultata-poslovanja-za-2022..pdf\">Odluka o raspodjeli rezultata poslovanja za 2022.<\/a><\/li>\n<li><a href=\"https:\/\/czk-cakovec.hr\/wp-content\/uploads\/2023\/07\/Odluka-o-prihacanju-I.-Izmjena-i-dopuna-Plana-nabave.pdf\">Odluka o prihva\u0107anju I. Izmjena i dopuna Plana nabave<\/a><\/li>\n<li><a href=\"https:\/\/czk-cakovec.hr\/wp-content\/uploads\/2023\/03\/Izvod-iz-zapisnika-24.-sjednice-UV-24.2.2023..pdf\">Izvod iz zapisnika 24. sjednice UV 24.2.2023.<\/a><\/li>\n<li><a href=\"https:\/\/czk-cakovec.hr\/wp-content\/uploads\/2023\/02\/Izvod-iz-zapisnika-23.-sjednice-UV-20.1.2023..pdf\">Izvod iz zapisnika 23. sjednice UV 20.1.2023.<\/a><\/li>\n<li><a href=\"https:\/\/czk-cakovec.hr\/wp-content\/uploads\/2023\/07\/Odluka-o-prihvacanju-Izvjesca-i-rang-liste.pdf\">Odluka o prihva\u0107anju Izvje\u0161\u0107a i rang liste<\/a><\/li>\n<li><a href=\"https:\/\/czk-cakovec.hr\/wp-content\/uploads\/2023\/07\/Prethodno-misljenje-2.pdf\">Prethodno mi\u0161ljenje<\/a><\/li>\n<\/ul>\n<h3>2022. godina<\/h3>\n<ul>\n<li><a href=\"https:\/\/czk-cakovec.hr\/wp-content\/uploads\/2023\/01\/Izvod-iz-zapisnika-22.-sjednice-UV-29.12.2022..pdf\">Izvod iz zapisnika 22. sjednice UV 29.12.2022.<\/a><\/li>\n<li><a href=\"https:\/\/czk-cakovec.hr\/wp-content\/uploads\/2022\/12\/Izvod-iz-zapisnika-21.-sjednice-UV-12.12.2022..pdf\">Izvod iz zapisnika 21. sjednice UV 12.12.2022.<\/a><\/li>\n<li><a href=\"https:\/\/czk-cakovec.hr\/wp-content\/uploads\/2022\/12\/Izvod-iz-zapisnika-20.-sjednice-UV-24.11.2022..pdf\">Izvod iz zapisnika 20. sjednice UV 24.11.2022.<\/a><\/li>\n<li><a href=\"https:\/\/czk-cakovec.hr\/wp-content\/uploads\/2022\/12\/Izvod-iz-zapisnika-19.-sjednice-UV-17.11.2022..pdf\">Izvod iz zapisnika 19. sjednice UV 17.11.2022.<\/a><\/li>\n<li><a href=\"https:\/\/czk-cakovec.hr\/wp-content\/uploads\/2022\/11\/Izvod-iz-zapisnika-18.-sjednice-UV-10.10.2022..pdf\">Izvod iz zapisnika 18. sjednice UV 10.10.2022.<\/a><\/li>\n<li><a href=\"https:\/\/czk-cakovec.hr\/wp-content\/uploads\/2022\/11\/Izvod-iz-zapisnika-17.-sjednice-UV-9.11.2022..pdf\">Izvod iz zapisnika 17. sjednice UV 9.11.2022.<\/a><\/li>\n<li><a href=\"https:\/\/czk-cakovec.hr\/wp-content\/uploads\/2022\/11\/Izvod-iz-zapisnika-16.-sjednice-UV-31.10.2022..pdf\">Izvod iz zapisnika 16. sjednice UV 31.10.2022.<\/a><\/li>\n<li><a href=\"https:\/\/czk-cakovec.hr\/wp-content\/uploads\/2022\/11\/Izvod-iz-zapisnika-15.-sjednice-UV-21.10.2022..pdf\">Izvod iz zapisnika 15. sjednice UV 21.10.2022.<\/a><\/li>\n<li><a href=\"https:\/\/czk-cakovec.hr\/wp-content\/uploads\/2022\/10\/Izvod-iz-zapisnika-14.-sjednice-UV-16.9.2022..pdf\">Izvod iz zapisnika 14. sjednice UV 16.9.2022.<\/a><\/li>\n<li><a href=\"https:\/\/czk-cakovec.hr\/wp-content\/uploads\/2022\/09\/Izvod-iz-zapisnika-13.-sjednice-UV-31.8.2022..pdf\">Izvod iz zapisnika 13. sjednice UV 31.8.2022.<\/a><\/li>\n<li><a href=\"https:\/\/czk-cakovec.hr\/wp-content\/uploads\/2022\/09\/Izvod-iz-zapisnika-12.-sjednice-UV-20.7.2022..pdf\">Izvod iz zapisnika 12. sjednice UV 20.7.2022.<\/a><\/li>\n<li><a href=\"https:\/\/czk-cakovec.hr\/wp-content\/uploads\/2022\/09\/Izvod-iz-zapisnika-11.-sjednice-UV-30.6.2022..pdf\"><span class=\"media-list-title\">Izvod iz zapisnika 11. sjednice UV 30.6.2022.<\/span><\/a><\/li>\n<li><a href=\"https:\/\/czk-cakovec.hr\/wp-content\/uploads\/2022\/09\/Izvod-iz-zapisnika-10.-sjednice-UV-21.6.2022..pdf\">Izvod iz zapisnika 10. sjednice UV 21.6.2022.<\/a><\/li>\n<li><a href=\"https:\/\/czk-cakovec.hr\/wp-content\/uploads\/2022\/09\/Izvod-iz-zapisnika-9.-sjednice-UV-15.6.2022..pdf\">Izvod iz zapisnika 9. sjednice UV 15.6.2022.<\/a><\/li>\n<li><a href=\"https:\/\/czk-cakovec.hr\/wp-content\/uploads\/2022\/09\/Izvod-iz-zapisnika-8.-sjednice-UV-25.5.2022.pdf\">Izvod iz zapisnika 8. sjednice UV 25.5.2022.<\/a><\/li>\n<li><a href=\"https:\/\/czk-cakovec.hr\/wp-content\/uploads\/2022\/09\/Izvod-iz-zapisnika-7.-sjednice-UV-22.4.2022..pdf\">Izvod iz zapisnika 7. sjednice UV 22.4.2022.<\/a><\/li>\n<li><a href=\"https:\/\/czk-cakovec.hr\/wp-content\/uploads\/2022\/09\/Izvod-iz-zapisnika-6.-sjednice-UV-18.3.2022..pdf\">Izvod iz zapisnika 6. sjednice UV 18.3.2022.<\/a><\/li>\n<li><a href=\"https:\/\/czk-cakovec.hr\/wp-content\/uploads\/2022\/09\/Izvod-iz-zapisnika-5.-sjednice-UV-14.2.22..pdf\"><span class=\"media-list-title\">Izvod iz zapisnika 5. sjednice UV 14.2.2022.<\/span><\/a><\/li>\n<\/ul>\n<\/div>\n<h3>2021. godina<\/h3>\n<ul>\n<li><a href=\"https:\/\/czk-cakovec.hr\/wp-content\/uploads\/2022\/09\/Izvod-iz-zapisnika-38.-sjednice-UV-27.4.2021..pdf\">Izvod iz zapisnika 38. sjednice UV 27.4.2021.<\/a><\/li>\n<li><a href=\"https:\/\/czk-cakovec.hr\/wp-content\/uploads\/2022\/09\/Izvod-iz-zapisnika-37.-sjednice-UV-26.3.2021..pdf\">Izvod iz zapisnika 37. sjednice UV 26.3.2021.<\/a><\/li>\n<li><a href=\"https:\/\/czk-cakovec.hr\/wp-content\/uploads\/2022\/09\/Izvod-iz-zapisnika-36.-sjednice-UV-24.2.2021..pdf\">Izvod iz zapisnika 36. sjednice UV 24.2.2021.<\/a><\/li>\n<li><a href=\"https:\/\/czk-cakovec.hr\/wp-content\/uploads\/2022\/09\/Izvod-iz-zapisnika-35.-sjednice-UV-28.1.2021..pdf\">Izvod iz zapisnika 35. sjednice UV 28.1.2021.<\/a><\/li>\n<li><a href=\"https:\/\/czk-cakovec.hr\/wp-content\/uploads\/2022\/09\/Izvod-iz-zapisnika-4.-sjednice-UV-21.12.2021..pdf\">Izvod iz zapisnika 4. sjednice UV 21.12.2021.<\/a><\/li>\n<li><a href=\"https:\/\/czk-cakovec.hr\/wp-content\/uploads\/2022\/09\/Izvod-iz-zapisnika-3.-sjednice-UV-12.11.2021..pdf\">Izvod iz zapisnika 3. sjednice UV 12.11.2021.<\/a><\/li>\n<li><a href=\"https:\/\/czk-cakovec.hr\/wp-content\/uploads\/2022\/09\/Izvod-iz-zapisnika-2.-sjednice-UV-26.-10.2021..pdf\">Izvod iz zapisnika 2. sjednice UV 26. 10.2021.<\/a><\/li>\n<li><a href=\"https:\/\/czk-cakovec.hr\/wp-content\/uploads\/2022\/09\/Izvod-iz-zapisnika-1.-sjednice-UV-9.9.2021..pdf\">Izvod iz zapisnika 1. sjednice UV 9.9.2021.<\/a><\/li>\n<\/ul>\n<h3>2020. godina<\/h3>\n<ul>\n<li><a href=\"https:\/\/czk-cakovec.hr\/wp-content\/uploads\/2022\/09\/Izvod-iz-zapisnika-34.-sjednice-UV-27.11.2020..pdf\">Izvod iz zapisnika 34. sjednice UV 27.11.2020.<\/a><\/li>\n<li><a href=\"https:\/\/czk-cakovec.hr\/wp-content\/uploads\/2022\/09\/Izvod-iz-zapisnika-33.-sjednice-UV-27.10.2020..pdf\">Izvod iz zapisnika 33. sjednice UV 27.10.2020.<\/a><\/li>\n<li><a href=\"https:\/\/czk-cakovec.hr\/wp-content\/uploads\/2022\/09\/Izvod-iz-zapisnika-32.-sjednice-UV-28.9.2020..pdf\">Izvod iz zapisnika 32. sjednice UV 28.9.2020.<\/a><\/li>\n<li><a href=\"https:\/\/czk-cakovec.hr\/wp-content\/uploads\/2022\/09\/Izvod-iz-zapisnika-31.-sjednice-UV-31.8.2020..pdf\">Izvod iz zapisnika 31. sjednice UV 31.8.2020.<\/a><\/li>\n<li><a href=\"https:\/\/czk-cakovec.hr\/wp-content\/uploads\/2022\/09\/Izvod-iz-zapisnika-30.-sjednice-UV-9.7.2020..pdf\">Izvod iz zapisnika 30. sjednice UV 9.7.2020.<\/a><\/li>\n<li><a href=\"https:\/\/czk-cakovec.hr\/wp-content\/uploads\/2022\/09\/Izvod-iz-zapisnika-29.-sjednice-UV-29.4.2020..pdf\">Izvod iz zapisnika 29. sjednice UV 29.4.2020.<\/a><\/li>\n<li><a href=\"https:\/\/czk-cakovec.hr\/wp-content\/uploads\/2022\/09\/Izvod-iz-zapisnika-28.-sjednice-UV-21.2.2020..pdf\">Izvod iz zapisnika 28. sjednice UV 21.2.2020.<\/a><\/li>\n<li><a href=\"https:\/\/czk-cakovec.hr\/wp-content\/uploads\/2022\/09\/Izvod-iz-zapisnika-27.-sjednice-UV-20.2.2020..pdf\">Izvod iz zapisnika 27. sjednice UV 20.2.2020.<\/a><\/li>\n<li><a href=\"https:\/\/czk-cakovec.hr\/wp-content\/uploads\/2022\/09\/Izvod-iz-zapisnika-26.-sjednice-UV-24.1.2020..pdf\">Izvod iz zapisnika 26. sjednice UV 24.1.2020.<\/a><\/li>\n<\/ul>\n<h3>2019. godina<\/h3>\n<ul>\n<li><a href=\"https:\/\/czk-cakovec.hr\/wp-content\/uploads\/2022\/09\/Izvod-iz-zapisnika-25.-sjednice-UV-19.12.2019..pdf\"><span class=\"media-list-title\">Izvod iz zapisnika 25. sjednice UV 19.12.2019.<\/span><\/a><\/li>\n<li><a href=\"https:\/\/czk-cakovec.hr\/wp-content\/uploads\/2022\/09\/Izvod-iz-zapisnika-24.-sjednice-UV-22.11.2019..pdf\"><span class=\"media-list-title\">Izvod iz zapisnika 24. sjednice UV 22.11.2019.<\/span><\/a><\/li>\n<li><a href=\"https:\/\/czk-cakovec.hr\/wp-content\/uploads\/2022\/09\/Izvod-iz-zapisnika-23.-sjednice-UV-30.10.2019..pdf\"><span class=\"media-list-title\">Izvod iz zapisnika 23. sjednice UV 30.10.2019.<\/span><\/a><\/li>\n<li><a href=\"https:\/\/czk-cakovec.hr\/wp-content\/uploads\/2022\/09\/Izvod-iz-zapisnika-22.-sjednice-UV-26.9.2019..pdf\"><span class=\"media-list-title\">Izvod iz zapisnika 22. sjednice UV 26.9.2019.<\/span><\/a><\/li>\n<li><a href=\"https:\/\/czk-cakovec.hr\/wp-content\/uploads\/2022\/09\/Izvod-iz-zapisnika-21.-sjednice-UV-29.8.2019..pdf\"><span class=\"media-list-title\">Izvod iz zapisnika 21. sjednice UV 29.8.2019.<\/span><\/a><\/li>\n<li><a href=\"https:\/\/czk-cakovec.hr\/wp-content\/uploads\/2022\/09\/Izvod-iz-zapisnika-20.-sjednice-UV-18.6.2019..pdf\"><span class=\"media-list-title\">Izvod iz zapisnika 20. sjednice UV 18.6.2019.<\/span><\/a><\/li>\n<li><a href=\"https:\/\/czk-cakovec.hr\/wp-content\/uploads\/2022\/09\/Izvod-iz-zapisnika-19.-sjednice-UV-28.5.2019..pdf\"><span class=\"media-list-title\">Izvod iz zapisnika 19. sjednice UV 28.5.2019.<\/span><\/a><\/li>\n<li><a href=\"https:\/\/czk-cakovec.hr\/wp-content\/uploads\/2022\/09\/Izvod-iz-zapisnika-18.-sjednice-UV-29.4.2019..pdf\"><span class=\"media-list-title\">Izvod iz zapisnika 18. sjednice UV 29.4.2019.<\/span><\/a><\/li>\n<li><a href=\"https:\/\/czk-cakovec.hr\/wp-content\/uploads\/2022\/09\/Izvod-iz-zapisnika-17.-sjednice-UV-26.3.2019..pdf\"><span class=\"media-list-title\">Izvod iz zapisnika 17. sjednice UV 26.3.2019.<\/span><\/a><\/li>\n<li><a href=\"https:\/\/czk-cakovec.hr\/wp-content\/uploads\/2022\/09\/Izvod-iz-zapisnika-16.-sjednice-UV-26.2.2019..pdf\">Izvod iz zapisnika 16. sjednice UV 26.2.2019.<\/a><\/li>\n<li><a href=\"https:\/\/czk-cakovec.hr\/wp-content\/uploads\/2022\/09\/Izvod-iz-zapisnika-15.-sjednice-UV-22.1.2019..pdf\">Izvod iz zapisnika 15. sjednice UV 22.1.2019.<\/a><\/li>\n<\/ul>\n<h3>2018. godina<\/h3>\n<ul>\n<li class=\"filename new\"><a href=\"https:\/\/czk-cakovec.hr\/wp-content\/uploads\/2022\/09\/Izvod-iz-zapisnika-14.-sjednice-UV-19.12.2018..pdf\"><span class=\"media-list-title\">Izvod iz zapisnika 14. sjednice UV 19.12.2018.<\/span><\/a><\/li>\n<li><a href=\"https:\/\/czk-cakovec.hr\/wp-content\/uploads\/2022\/09\/Izvod-iz-zapisnika-13.-sjednice-UV-30.11.2018..pdf\">Izvod iz zapisnika 13. sjednice UV 30.11.2018.<\/a><\/li>\n<li><a href=\"https:\/\/czk-cakovec.hr\/wp-content\/uploads\/2022\/09\/Izvod-iz-zapisnika-12.-sjednice-UV-25.10.2018..pdf\"><span class=\"media-list-title\">Izvod iz zapisnika 12. sjednice UV 25.10.2018.<\/span><\/a><\/li>\n<li><a href=\"https:\/\/czk-cakovec.hr\/wp-content\/uploads\/2022\/09\/Izvod-iz-zapisnika-11.-sjednice-UV-26.9.2018..pdf\"><span class=\"media-list-title\">Izvod iz zapisnika 11. sjednice UV 26.9.2018.<\/span><\/a><\/li>\n<li><a href=\"https:\/\/czk-cakovec.hr\/wp-content\/uploads\/2022\/09\/Izvod-iz-zapisnika-10.-sjednice-UV-21.8.2018..pdf\"><span class=\"media-list-title\">Izvod iz zapisnika 10. sjednice UV 21.8.2018.<\/span><\/a><\/li>\n<li><a href=\"https:\/\/czk-cakovec.hr\/wp-content\/uploads\/2022\/09\/Izvod-iz-zapisnika-9.-sjednice-UV-20.6.2018..pdf\"><span class=\"media-list-title\">Izvod iz zapisnika 9. sjednice UV 20.6.2018.<\/span><\/a><\/li>\n<li><a href=\"https:\/\/czk-cakovec.hr\/wp-content\/uploads\/2022\/09\/Izvod-iz-zapisnika-8.-sjednice-UV-23.5.2018..pdf\"><span class=\"media-list-title\">Izvod iz zapisnika 8. sjednice UV 23.5.2018.<\/span><\/a><\/li>\n<li><a href=\"https:\/\/czk-cakovec.hr\/wp-content\/uploads\/2022\/09\/Izvod-iz-zapisnika-7.-sjednice-UV-25.4.2018..pdf\"><span class=\"media-list-title\">Izvod iz zapisnika 7. sjednice UV 25.4.2018.<\/span><\/a><\/li>\n<li><a href=\"https:\/\/czk-cakovec.hr\/wp-content\/uploads\/2022\/09\/Izvod-iz-zapisnika-6.-sjednice-UV-28.3.2018..pdf\"><span class=\"media-list-title\">Izvod iz zapisnika 6. sjednice UV 28.3.2018.<\/span><\/a><\/li>\n<li><a href=\"https:\/\/czk-cakovec.hr\/wp-content\/uploads\/2022\/09\/Izvod-iz-zapisnika-5.-sjednice-UV-21.2.2018..pdf\"><span class=\"media-list-title\">Izvod iz zapisnika 5. sjednice UV 21.2.2018.<\/span><\/a><\/li>\n<li><a href=\"https:\/\/czk-cakovec.hr\/wp-content\/uploads\/2022\/09\/Izvod-iz-zapisnika-4.-sjednice-UV-25.1.2018..pdf\"><span class=\"media-list-title\">Izvod iz zapisnika 4. sjednice UV 25.1.2018.<\/span><\/a><\/li>\n<\/ul>\n<h3>2017. godina<\/h3>\n<ul>\n<li><a href=\"https:\/\/czk-cakovec.hr\/wp-content\/uploads\/2022\/09\/Izvod-iz-zapisnika-40.-sjednice-UV-31.8.2017..pdf\"><span class=\"media-list-title\">Izvod iz zapisnika 40. sjednice UV 31.8.2017.<\/span><\/a><\/li>\n<li><a href=\"https:\/\/czk-cakovec.hr\/wp-content\/uploads\/2022\/09\/Izvod-iz-zapisnika-39.-sjednice-UV-25.5.2017..pdf\"><span class=\"media-list-title\">Izvod iz zapisnika 39. sjednice UV 25.5.2017.<\/span><\/a><\/li>\n<li><a href=\"https:\/\/czk-cakovec.hr\/wp-content\/uploads\/2022\/09\/Izvod-iz-zapisnika-38.-sjednice-UV-27.4.2017..pdf\"><span class=\"media-list-title\">Izvod iz zapisnika 38. sjednice UV 27.4.2017.<\/span><\/a><\/li>\n<li><a href=\"https:\/\/czk-cakovec.hr\/wp-content\/uploads\/2022\/09\/Izvod-iz-zapisnika-37.-sjednice-UV-22.3.2017..pdf\"><span class=\"media-list-title\">Izvod iz zapisnika 37. sjednice UV 22.3.2017.<\/span><\/a><\/li>\n<li><a href=\"https:\/\/czk-cakovec.hr\/wp-content\/uploads\/2022\/09\/Izvod-iz-zapisnika-36.-sjednice-UV-14.2.2017..pdf\"><span class=\"media-list-title\">Izvod iz zapisnika 36. sjednice UV 14.2.2017.<\/span><\/a><\/li>\n<li><a href=\"https:\/\/czk-cakovec.hr\/wp-content\/uploads\/2022\/09\/Izvod-iz-zapisnika-35.-sjednice-UV-24.1.2017..pdf\"><span class=\"media-list-title\">Izvod iz zapisnika 35. sjednice UV 24.1.2017.<\/span><\/a><\/li>\n<li><a href=\"https:\/\/czk-cakovec.hr\/wp-content\/uploads\/2022\/09\/Izvod-iz-zapisnika-3.-sjednice-UV-20.12.2017..pdf\"><span class=\"media-list-title\">Izvod iz zapisnika 3. sjednice UV 20.12.2017.<\/span><\/a><\/li>\n<li><a href=\"https:\/\/czk-cakovec.hr\/wp-content\/uploads\/2022\/09\/Izvod-iz-zapisnika-2.-sjednice-UV-29.11.2017..pdf\"><span class=\"media-list-title\">Izvod iz zapisnika 2. sjednice UV 29.11.2017.<\/span><\/a><\/li>\n<li><a href=\"https:\/\/czk-cakovec.hr\/wp-content\/uploads\/2022\/09\/Izvod-iz-zapisnika-1.-sjednice-UV-25.10.2017..pdf\"><span class=\"media-list-title\">Izvod iz zapisnika 1. sjednice UV 25.10.2017.<\/span><\/a><\/li>\n<\/ul>\n<h3>2016. godina<\/h3>\n<ul>\n<li><a href=\"https:\/\/czk-cakovec.hr\/wp-content\/uploads\/2022\/09\/Izvod-iz-zapisnika-34.-sjednice-UV-21.12.2016..pdf\">Izvod iz zapisnika 34. sjednice UV 21.12.2016.<\/a><\/li>\n<li><a href=\"https:\/\/czk-cakovec.hr\/wp-content\/uploads\/2022\/09\/Izvod-iz-zapisnika-33.-sjednice-UV-23.11.2016..pdf\">Izvod iz zapisnika 33. sjednice UV 23.11.2016.<\/a><\/li>\n<li><a href=\"https:\/\/czk-cakovec.hr\/wp-content\/uploads\/2022\/09\/Izvod-iz-zapisnika-32.-sjednice-UV-25.10.2016..pdf\">Izvod iz zapisnika 32. sjednice UV 25.10.2016.<\/a><\/li>\n<li><a href=\"https:\/\/czk-cakovec.hr\/wp-content\/uploads\/2022\/09\/Izvod-iz-zapisnika-31.-sjednice-UV-13.9.2016..pdf\">Izvod iz zapisnika 31. sjednice UV 13.9.2016.<\/a><\/li>\n<li class=\"filename new\"><a href=\"https:\/\/czk-cakovec.hr\/wp-content\/uploads\/2022\/09\/Izvod-iz-zapisnika-30.-sjednice-UV-24.6.2016..pdf\"><span class=\"media-list-title\">Izvod iz zapisnika 30. sjednice UV 24.6.2016.<\/span><\/a><\/li>\n<li><a href=\"https:\/\/czk-cakovec.hr\/wp-content\/uploads\/2022\/09\/Izvod-iz-zapisnika-29.-sjednice-UV-31.5.2016..pdf\">Izvod iz zapisnika 29. sjednice UV 31.5.2016.<\/a><\/li>\n<li><a href=\"https:\/\/czk-cakovec.hr\/wp-content\/uploads\/2022\/09\/Izvod-iz-zapisnika-28.-sjednice-UV-29.4.2016..pdf\">Izvod iz zapisnika 28. sjednice UV 29.4.2016.<\/a><\/li>\n<li><a href=\"https:\/\/czk-cakovec.hr\/wp-content\/uploads\/2022\/09\/Izvod-iz-zapisnika-27.-sjednice-UV-18.3.2016..pdf\">Izvod iz zapisnika 27. sjednice UV 18.3.2016.<\/a><\/li>\n<li class=\"filename new\"><a href=\"https:\/\/czk-cakovec.hr\/wp-content\/uploads\/2022\/09\/Izvod-iz-zapisnika-26.-sjednice-UV-12.2.2016..pdf\"><span class=\"media-list-title\">Izvod iz zapisnika 26. sjednice UV 12.2.2016.<\/span><\/a><\/li>\n<li><a href=\"https:\/\/czk-cakovec.hr\/wp-content\/uploads\/2022\/09\/Izvod-iz-zapisnika-25.-sjednice-UV-25.1.2016..pdf\">Izvod iz zapisnika 25. sjednice UV 25.1.2016.<\/a><\/li>\n<\/ul>\n<p><!-- \/wp:paragraph --><\/p>\n","protected":false},"excerpt":{"rendered":"<p>\u010clanovi Upravnog vije\u0107a Sandra Breka &#8211; Ov\u010dar, prof. &#8211; predsjednica Neven Taradi, dipl. ing. &#8211; zamjenik predsjednice Marina Dr\u017eani\u0107, bacc. oec. Marko \u017derjav, prof. Tasjenka \u017dnidar, mag.prim.educ. ______________________________________________________________________ 2024. godina Odluka o usvajanju I. izmjene i dopune Plana nabave za 2024. Prethodno mi\u0161ljenje o dono\u0161enju Pravilnika o unutarnjem ustrojstvu, na\u010dinu rada i sistematizaciji radnih mjesta [&hellip;]<\/p>\n","protected":false},"author":1,"featured_media":0,"parent":0,"menu_order":0,"comment_status":"closed","ping_status":"closed","template":"","meta":[],"_links":{"self":[{"href":"https:\/\/czk-cakovec.hr\/stara\/wp-json\/wp\/v2\/pages\/15346"}],"collection":[{"href":"https:\/\/czk-cakovec.hr\/stara\/wp-json\/wp\/v2\/pages"}],"about":[{"href":"https:\/\/czk-cakovec.hr\/stara\/wp-json\/wp\/v2\/types\/page"}],"author":[{"embeddable":true,"href":"https:\/\/czk-cakovec.hr\/stara\/wp-json\/wp\/v2\/users\/1"}],"replies":[{"embeddable":true,"href":"https:\/\/czk-cakovec.hr\/stara\/wp-json\/wp\/v2\/comments?post=15346"}],"version-history":[{"count":92,"href":"https:\/\/czk-cakovec.hr\/stara\/wp-json\/wp\/v2\/pages\/15346\/revisions"}],"predecessor-version":[{"id":43124,"href":"https:\/\/czk-cakovec.hr\/stara\/wp-json\/wp\/v2\/pages\/15346\/revisions\/43124"}],"wp:attachment":[{"href":"https:\/\/czk-cakovec.hr\/stara\/wp-json\/wp\/v2\/media?parent=15346"}],"curies":[{"name":"wp","href":"https:\/\/api.w.org\/{rel}","templated":true}]}}