{"id":20,"date":"2011-10-13T07:02:23","date_gmt":"2011-10-13T07:02:23","guid":{"rendered":"http:\/\/czk-cakovec.hr\/?page_id=18"},"modified":"2024-08-19T09:38:20","modified_gmt":"2024-08-19T07:38:20","slug":"kontakt","status":"publish","type":"page","link":"https:\/\/czk-cakovec.hr\/stara\/kontakt\/","title":{"rendered":"Kontakt"},"content":{"rendered":"<p><a href=\"https:\/\/czk-cakovec.hr\/wp-content\/uploads\/2021\/11\/czk_logo_2021.png\"><img loading=\"lazy\" class=\"alignnone wp-image-33891 size-medium\" src=\"https:\/\/czk-cakovec.hr\/wp-content\/uploads\/2021\/11\/czk_logo_2021-300x53.png\" alt=\"\" width=\"300\" height=\"53\" srcset=\"https:\/\/czk-cakovec.hr\/stara\/wp-content\/uploads\/2021\/11\/czk_logo_2021-300x53.png 300w, https:\/\/czk-cakovec.hr\/stara\/wp-content\/uploads\/2021\/11\/czk_logo_2021-400x71.png 400w, https:\/\/czk-cakovec.hr\/stara\/wp-content\/uploads\/2021\/11\/czk_logo_2021.png 500w\" sizes=\"(max-width: 300px) 100vw, 300px\" \/><\/a><\/p>\n<p><strong>CENTAR ZA KULTURU \u010cAKOVEC<\/strong><\/p>\n<h4><strong>Trg Republike 3,\u00a040000 \u010cakovec, Hrvatska<\/strong><\/h4>\n<p><strong>OIB: 90436584362<\/strong><\/p>\n<ul>\n<li><strong>UPITI I INFORMACIJE:<\/strong><\/li>\n<\/ul>\n<p><span style=\"font-family: 'Georgia',serif; color: #333333;\">Za sva pitanja i informacije vezane uz programe molimo da se obratite marketingu\u00a0 Centra za kulturu na tel. 040 311-488 (od ponedjeljka do petka od 7.00 \u2013 15.00 sati) \/ na e-mail <a href=\"mailto:info@czk-cakovec.hr\">marketing@czk-cakovec.hr<\/a>\u00a0ili na <a href=\"mailto:blagajna@czk-cakovec.hr\">blagajna@czk-cakovec.hr<\/a><\/span><\/p>\n<p><strong>Centrala:<\/strong><br \/>\ntel. 040 \/ 311-488<\/p>\n<p><a href=\"mailto:info@czk-cakovec.hr\">info@czk-cakovec.hr<\/a><\/p>\n<p><strong>Blagajna:<\/strong><br \/>\ntel. 040 323-100<br \/>\n\u017deljko File\u0161<\/p>\n<p><a href=\"mailto:blagajna@czk-cakovec.hr\">blagajna@czk-cakovec.hr<\/a><\/p>\n<p><strong>Ravnateljica:<\/strong><br \/>\nHelga Lajtman<\/p>\n<p><a href=\"mailto:ravnatelj@czk-cakovec.hr\">ravnatelj@czk-cakovec.hr<\/a><\/p>\n<p>tel. 040 311 487<\/p>\n<p><strong>Voditelji kulturnih djelatnosti:<\/strong><\/p>\n<p><strong>Tribina \u00ab\u010cakovec \u010detvrtkom\u00bb i Kazali\u0161na dru\u017eina \u00abPinklec\u00bb<\/strong><br \/>\nRomano Bogdan<\/p>\n<p><a href=\"mailto:theatrepinklec@gmail.com\">theatrepinklec@gmail.com<\/a><\/p>\n<p>te. 040 323 102<\/p>\n<p><strong>Film i izlo\u017ebe:<\/strong><br \/>\nMarina Kukoli\u0107<br \/>\ntel. 312-771<\/p>\n<p><a href=\"mailto:marina.kukolic@gmail.com\">marina.kukolic@gmail.com<\/a><\/p>\n<p><strong>Organizator kulturnih djelatnosti<\/strong><\/p>\n<p><strong>Koordinator EU projekta<\/strong><\/p>\n<ul>\n<li><strong>BACK TO THE LOCAL CINEMA \/ MOJE MALO KINO<\/strong><\/li>\n<\/ul>\n<p>Helga Lajtman<\/p>\n<p>tel. 040 311 487<\/p>\n<p><a href=\"mailto:helga.knezevic@gmail.com\">helga.knezevic@gmail.com<\/a><\/p>\n<p><strong>Voditelj glazbene djelatnosti:<\/strong><\/p>\n<p>Tamara Korunek Lesar<\/p>\n<p>tel. 040 \/ 312 771\u00a0 <strong>\/\u00a0<\/strong> 040 \/ 323 103<\/p>\n<p><a href=\"mailto:Tamara.korunek1@gmail.com\">tamara.korunek1@gmail.com<\/a><\/p>\n<p><b>Voditelj Dramskog studija Dada Kazali\u0161ne dru\u017eine Pinklec, glumac<\/b><\/p>\n<p><b><\/b>Davor Dokleja<\/p>\n<p><a href=\"mailto:kdpinklec@gmail.com\">kdpinklec@gmail.com<\/a><\/p>\n<p><strong>Organizator prodaje programa Kazali\u0161ne dru\u017eine &#8220;Pinklec&#8221;<\/strong><\/p>\n<p>Tasjenka \u017dnidar<\/p>\n<p>tel: 040 314 775<\/p>\n<p><a href=\"mailto:pinklecpropaganda@gmail.com\">pinklecpropaganda@gmail.com<\/a><\/p>\n<p><strong>Koordinator amaterskog kulturnog stvarala\u0161tva<\/strong><\/p>\n<p>Kristina \u0160tebih<\/p>\n<p>tel. 040 311 488<\/p>\n<p><a href=\"mailto:kristinastebih@gmail.com\">kristinastebih@gmail.com<\/a><\/p>\n<p><strong>Marketing:<\/strong><\/p>\n<p>tel. 040 323 101<\/p>\n<p>Lana Androi\u0107 \u0160ari\u0107 \u2013 voditeljica<\/p>\n<p><a href=\"mailto:info@czk-cakovec.hr\">marketing@czk-cakovec.hr<\/a><\/p>\n<p>Ljiljana Mu\u010di\u0107<\/p>\n<p><a href=\"mailto:info@czk-cakovec.hr\">info@czk-cakovec.hr<\/a><\/p>\n<p><strong>Tehni\u010dka slu\u017eba:<\/strong><\/p>\n<p>Neven Taradi \u2013 voditelj<\/p>\n<p><a href=\"mailto:tehnika@czk-cakovec.hr\">tehnika@czk-cakovec.hr<\/a><\/p>\n<p>Emil Laki\u0107<\/p>\n<p>Mario Zelenbaba<\/p>\n<p>Mario Dvanaj\u0161\u010dak<\/p>\n<p>Zvonko Toti\u0107<\/p>\n<p>Tomica Gojnik<\/p>\n<p>Marija Cvrtila<\/p>\n<p>Snje\u017eana Kr\u010dmar<\/p>\n<p>Snje\u017eana Srnec<\/p>\n<p>Romana Novak<\/p>\n<p><strong>Ra\u010dunovodstvo:<\/strong><\/p>\n<p>Petra Furdi \u0160afari\u0107 \u2013 voditeljica<\/p>\n<p>Marta Gori\u010danec Lajtman<\/p>\n<p>Nevenka Kodba \/ Ru\u017ea Obadi\u0107<\/p>\n<p><a href=\"mailto:racunovodstvo@czk-cakovec.hr\">racunovodstvo@czk-cakovec.hr<\/a><\/p>\n","protected":false},"excerpt":{"rendered":"<p>CENTAR ZA KULTURU \u010cAKOVEC Trg Republike 3,\u00a040000 \u010cakovec, Hrvatska OIB: 90436584362 UPITI I INFORMACIJE: Za sva pitanja i informacije vezane uz programe molimo da se obratite marketingu\u00a0 Centra za kulturu na tel. 040 311-488 (od ponedjeljka do petka od 7.00 \u2013 15.00 sati) \/ na e-mail marketing@czk-cakovec.hr\u00a0ili na blagajna@czk-cakovec.hr Centrala: tel. 040 \/ 311-488 info@czk-cakovec.hr [&hellip;]<\/p>\n","protected":false},"author":1,"featured_media":0,"parent":0,"menu_order":0,"comment_status":"closed","ping_status":"closed","template":"","meta":[],"_links":{"self":[{"href":"https:\/\/czk-cakovec.hr\/stara\/wp-json\/wp\/v2\/pages\/20"}],"collection":[{"href":"https:\/\/czk-cakovec.hr\/stara\/wp-json\/wp\/v2\/pages"}],"about":[{"href":"https:\/\/czk-cakovec.hr\/stara\/wp-json\/wp\/v2\/types\/page"}],"author":[{"embeddable":true,"href":"https:\/\/czk-cakovec.hr\/stara\/wp-json\/wp\/v2\/users\/1"}],"replies":[{"embeddable":true,"href":"https:\/\/czk-cakovec.hr\/stara\/wp-json\/wp\/v2\/comments?post=20"}],"version-history":[{"count":37,"href":"https:\/\/czk-cakovec.hr\/stara\/wp-json\/wp\/v2\/pages\/20\/revisions"}],"predecessor-version":[{"id":43594,"href":"https:\/\/czk-cakovec.hr\/stara\/wp-json\/wp\/v2\/pages\/20\/revisions\/43594"}],"wp:attachment":[{"href":"https:\/\/czk-cakovec.hr\/stara\/wp-json\/wp\/v2\/media?parent=20"}],"curies":[{"name":"wp","href":"https:\/\/api.w.org\/{rel}","templated":true}]}}