{"id":256,"date":"2011-11-03T19:51:27","date_gmt":"2011-11-03T18:51:27","guid":{"rendered":"http:\/\/czk-cakovec.hr\/?page_id=256"},"modified":"2022-11-17T15:11:31","modified_gmt":"2022-11-17T14:11:31","slug":"najam-prostora","status":"publish","type":"page","link":"https:\/\/czk-cakovec.hr\/stara\/najam-prostora\/","title":{"rendered":"Najam prostora"},"content":{"rendered":"<p><a href=\"https:\/\/czk-cakovec.hr\/wp-content\/uploads\/2021\/11\/czk_logo_2021.png\"><img loading=\"lazy\" class=\"alignnone wp-image-33891 size-medium\" src=\"https:\/\/czk-cakovec.hr\/wp-content\/uploads\/2021\/11\/czk_logo_2021-300x53.png\" alt=\"\" width=\"300\" height=\"53\" srcset=\"https:\/\/czk-cakovec.hr\/stara\/wp-content\/uploads\/2021\/11\/czk_logo_2021-300x53.png 300w, https:\/\/czk-cakovec.hr\/stara\/wp-content\/uploads\/2021\/11\/czk_logo_2021-400x71.png 400w, https:\/\/czk-cakovec.hr\/stara\/wp-content\/uploads\/2021\/11\/czk_logo_2021.png 500w\" sizes=\"(max-width: 300px) 100vw, 300px\" \/><\/a><\/p>\r\n<p><strong>Dvorana<\/strong><\/p>\r\n<p>Multimedijalna dvorana Centra za kulturu prima 546\u00a0posjetitelja (445\u00a0parter, 101 balkon).<br \/>Dvorana posjeduje pozornicu (\u0161irina 11m, dubina 15 m, visina 6 m), a amfiteatarski raspored sjedala svim sudionicima pru\u017ea nesmetano pra\u0107enje programa\/doga\u0111anja.<\/p>\r\n<p><a href=\"https:\/\/czk-cakovec.hr\/wp-content\/uploads\/2022\/05\/dvorana-czk-svibanj-2022.jpg\"><img loading=\"lazy\" class=\"alignnone wp-image-35666 size-full\" src=\"https:\/\/czk-cakovec.hr\/wp-content\/uploads\/2022\/05\/dvorana-czk-svibanj-2022.jpg\" alt=\"\" width=\"800\" height=\"600\" srcset=\"https:\/\/czk-cakovec.hr\/stara\/wp-content\/uploads\/2022\/05\/dvorana-czk-svibanj-2022.jpg 800w, https:\/\/czk-cakovec.hr\/stara\/wp-content\/uploads\/2022\/05\/dvorana-czk-svibanj-2022-300x225.jpg 300w, https:\/\/czk-cakovec.hr\/stara\/wp-content\/uploads\/2022\/05\/dvorana-czk-svibanj-2022-768x576.jpg 768w, https:\/\/czk-cakovec.hr\/stara\/wp-content\/uploads\/2022\/05\/dvorana-czk-svibanj-2022-600x450.jpg 600w, https:\/\/czk-cakovec.hr\/stara\/wp-content\/uploads\/2022\/05\/dvorana-czk-svibanj-2022-400x300.jpg 400w\" sizes=\"(max-width: 800px) 100vw, 800px\" \/><\/a><\/p>\r\n<p>&nbsp;<\/p>\r\n<p><strong>Mala scena Vinko Lisjak<\/strong><\/p>\r\n<p>Mala scena Vinko Lisjak je prostor u kojem se mogu odr\u017eavati koncerti, knji\u017eevne\/stand-up ve\u010deri, promocije knjiga, savjetovanja, tiskovne konferencije. Prima 150 posjetitelja.<br \/>Mogu\u0107nost organizacije ugostiteljske usluge.<\/p>\r\n<p><strong>Predvorje i Galerija Centra<\/strong><\/p>\r\n<p><a href=\"https:\/\/czk-cakovec.hr\/wp-content\/uploads\/2022\/05\/galerija-centra-2022.jpg\"><img loading=\"lazy\" class=\"alignnone wp-image-35668 size-full\" src=\"https:\/\/czk-cakovec.hr\/wp-content\/uploads\/2022\/05\/galerija-centra-2022.jpg\" alt=\"\" width=\"798\" height=\"226\" srcset=\"https:\/\/czk-cakovec.hr\/stara\/wp-content\/uploads\/2022\/05\/galerija-centra-2022.jpg 798w, https:\/\/czk-cakovec.hr\/stara\/wp-content\/uploads\/2022\/05\/galerija-centra-2022-300x85.jpg 300w, https:\/\/czk-cakovec.hr\/stara\/wp-content\/uploads\/2022\/05\/galerija-centra-2022-768x218.jpg 768w, https:\/\/czk-cakovec.hr\/stara\/wp-content\/uploads\/2022\/05\/galerija-centra-2022-600x170.jpg 600w, https:\/\/czk-cakovec.hr\/stara\/wp-content\/uploads\/2022\/05\/galerija-centra-2022-400x113.jpg 400w\" sizes=\"(max-width: 798px) 100vw, 798px\" \/><\/a><\/p>\r\n<p>Pogodni su za izlo\u017ebe, tiskovne konferencije, promocije&#8230;<\/p>\r\n<p>Mogu\u0107nost organizacije ugostiteljske usluge u predvorju.<\/p>\r\n<p>&nbsp;<\/p>\r\n\r\n<figure class=\"wp-block-image\"><\/figure>\r\n\r\n\r\n\r\n<p><strong>Za najam prostora obratite se na tel. 040\/ 311-488 ili e- mail <a href=\"mailto:czk-cakovec@ck.htnet.hr\">ravnatelj@czk-cakovec.hr<\/a><\/strong><\/p>\r\n<p>&nbsp;<\/p>\r\n<p>&nbsp;<\/p>\r\n","protected":false},"excerpt":{"rendered":"<p>Dvorana Multimedijalna dvorana Centra za kulturu prima 546\u00a0posjetitelja (445\u00a0parter, 101 balkon).Dvorana posjeduje pozornicu (\u0161irina 11m, dubina 15 m, visina 6 m), a amfiteatarski raspored sjedala svim sudionicima pru\u017ea nesmetano pra\u0107enje programa\/doga\u0111anja. &nbsp; Mala scena Vinko Lisjak Mala scena Vinko Lisjak je prostor u kojem se mogu odr\u017eavati koncerti, knji\u017eevne\/stand-up ve\u010deri, promocije knjiga, savjetovanja, tiskovne konferencije. [&hellip;]<\/p>\n","protected":false},"author":1,"featured_media":11462,"parent":0,"menu_order":0,"comment_status":"closed","ping_status":"closed","template":"","meta":[],"_links":{"self":[{"href":"https:\/\/czk-cakovec.hr\/stara\/wp-json\/wp\/v2\/pages\/256"}],"collection":[{"href":"https:\/\/czk-cakovec.hr\/stara\/wp-json\/wp\/v2\/pages"}],"about":[{"href":"https:\/\/czk-cakovec.hr\/stara\/wp-json\/wp\/v2\/types\/page"}],"author":[{"embeddable":true,"href":"https:\/\/czk-cakovec.hr\/stara\/wp-json\/wp\/v2\/users\/1"}],"replies":[{"embeddable":true,"href":"https:\/\/czk-cakovec.hr\/stara\/wp-json\/wp\/v2\/comments?post=256"}],"version-history":[{"count":24,"href":"https:\/\/czk-cakovec.hr\/stara\/wp-json\/wp\/v2\/pages\/256\/revisions"}],"predecessor-version":[{"id":37370,"href":"https:\/\/czk-cakovec.hr\/stara\/wp-json\/wp\/v2\/pages\/256\/revisions\/37370"}],"wp:featuredmedia":[{"embeddable":true,"href":"https:\/\/czk-cakovec.hr\/stara\/wp-json\/wp\/v2\/media\/11462"}],"wp:attachment":[{"href":"https:\/\/czk-cakovec.hr\/stara\/wp-json\/wp\/v2\/media?parent=256"}],"curies":[{"name":"wp","href":"https:\/\/api.w.org\/{rel}","templated":true}]}}