{"id":262,"date":"2011-11-03T19:53:56","date_gmt":"2011-11-03T18:53:56","guid":{"rendered":"http:\/\/czk-cakovec.hr\/?page_id=262"},"modified":"2024-09-10T07:51:14","modified_gmt":"2024-09-10T05:51:14","slug":"blagajna","status":"publish","type":"page","link":"https:\/\/czk-cakovec.hr\/stara\/blagajna\/","title":{"rendered":"Blagajna"},"content":{"rendered":"<ul>\n<li><strong>Telefon: 040 323 100<\/strong><\/li>\n<\/ul>\n<p><a href=\"mailto:blagajna@czk-cakovec.hr\">blagajna@czk-cakovec.hr<\/a><strong>\u00a0<\/strong><\/p>\n<ul>\n<li><strong>RADNO VRIJEME BLAGAJNE\u00a0\u00a0<\/strong><\/li>\n<li><strong>ponedjeljak \/ 10.00 &#8211; 12.00 i 17.00 &#8211;\u00a0 20.00 sati<\/strong><\/li>\n<li><strong>utorak\u00a0 \/ BLAGAJNA NE RADI<\/strong><\/li>\n<li><strong>srijeda \/ 10.00 &#8211; 12.00 i 18.00 &#8211;\u00a0 20.00 sati<\/strong><\/li>\n<li><strong>\u010detvrtak \/ 10.00 &#8211; 12.00 i 18.00 &#8211;\u00a0 20.00 sati<\/strong><\/li>\n<li><strong>petak \/ 10.00 &#8211; 12.00 i 17.00 &#8211;\u00a0 20.00 sati<\/strong><\/li>\n<li><strong>subota \/ 15.00 &#8211;\u00a0 20.00 sati<\/strong><\/li>\n<li><strong>nedjelja \/ 15.00 &#8211; 20.00 sati<\/strong><\/li>\n<li>Blagdanom blagajna prije podne ne radi<\/li>\n<\/ul>\n<p><strong>Rezervacije NE primamo !<\/strong><\/p>\n<ul>\n<li><strong>ONLINE prodaja ulaznica\u00a0<\/strong><strong>za redovne programe Centra za kulturu \u010cakovec.<\/strong><\/li>\n<li><strong>Molimo da na vrijeme nabavite svoje ulaznice<\/strong> kako bi izbjegli nepotrebne gu\u017eve na blagajni \u010dija je posljedica ka\u0161njenje programa.<\/li>\n<li><strong>Ulaznice su uvijek dostupne najkasnije tjedan dana prije odr\u017eavanja programa i ONLINE.<\/strong><\/li>\n<li><strong>Molimo da ne kasnite <\/strong>&#8211; nakon po\u010detka programa vi\u0161e ne\u0107e biti mogu\u0107e u\u0107i u dvoranu niti vratiti kupljene ulaznice.<\/li>\n<li>U slu\u010daju sprije\u010denosti dolaska, kupljene ulaznice mo\u017eete vratiti na blagajnu Centra najkasnije do po\u010detka programa.<\/li>\n<li>Ukoliko do\u0111e do otkazivanja ili izmjene programa ulaznice se mogu vratiti uz povrat novca.<\/li>\n<li><strong>Povrat ulaznica za otkazani program<\/strong> mogu\u0107e je izvr\u0161iti u roku 30 dana od otkazivanja programa na blagajni Centra.<\/li>\n<li>Povrat novca za online kupljene ulaznice vr\u0161i se putem aplikacije.<\/li>\n<\/ul>\n<p><strong>Sve o na\u0161im programima na <a href=\"http:\/\/www.czk-cakovec.hr\">www.czk-cakovec.hr<\/a><\/strong><\/p>\n<p><a href=\"https:\/\/czk-cakovec.hr\/wp-content\/uploads\/2021\/11\/czk_logo_2021.png\"><img loading=\"lazy\" class=\"alignnone wp-image-33891 size-medium\" src=\"https:\/\/czk-cakovec.hr\/wp-content\/uploads\/2021\/11\/czk_logo_2021-300x53.png\" alt=\"\" width=\"300\" height=\"53\" srcset=\"https:\/\/czk-cakovec.hr\/stara\/wp-content\/uploads\/2021\/11\/czk_logo_2021-300x53.png 300w, https:\/\/czk-cakovec.hr\/stara\/wp-content\/uploads\/2021\/11\/czk_logo_2021-400x71.png 400w, https:\/\/czk-cakovec.hr\/stara\/wp-content\/uploads\/2021\/11\/czk_logo_2021.png 500w\" sizes=\"(max-width: 300px) 100vw, 300px\" \/><\/a><\/p>\n<p>&nbsp;<\/p>\n<p><strong><u>CIJENE ULAZNICA\u00a0<\/u><\/strong><\/p>\n<ul>\n<li><strong>TRIBINA \u010cAKOVEC \u010cETVRTKOM: <\/strong><\/li>\n<\/ul>\n<p><strong>Kazali\u0161te <\/strong><\/p>\n<p>12,00 \u20ac<\/p>\n<p>10.00 \u20ac \/ u\u010denici (10 i vi\u0161e), studenti, umirovljenici, organizirani posjet (10 i vi\u0161e)<\/p>\n<p><strong>Film<\/strong><\/p>\n<p>5,00 \u20ac \/\u00a0 \u00a0premijera s gostima<\/p>\n<p>4,00 \u20ac \/\u00a0 projekcija bez gostiju<\/p>\n<p>3,00 \u20ac \/ u\u010denici (10 i vi\u0161e), studenti, umirovljenici, organizirani posjet (10 i vi\u0161e)<\/p>\n<ul>\n<li><strong>AMATERI<\/strong><\/li>\n<\/ul>\n<p>5,00 \u20ac<\/p>\n<p>nema popusta<\/p>\n<ul>\n<li><strong>KONCERTI<\/strong><\/li>\n<\/ul>\n<p>Tribina \u010c\u010c<\/p>\n<p>8,00 \u2013 12,00 \u20ac<\/p>\n<p>Koncerti u dvorani Zrinski \/ Scheier<\/p>\n<p>5,00 \u00a0\u20ac<\/p>\n<p>Mala scena \u201eVinko Lisjak\u201c<\/p>\n<p>5,00 \u20ac<\/p>\n<p>Programi u suradnji s Ministarstvom kulture i medija<\/p>\n<p>5,00 \u20ac<\/p>\n<p>Posebni programi \/ Novogodi\u0161nji, balet, koncerti vrlo poznatih umjetnika \/<\/p>\n<p>cijena \u0107e se formirati prema visini tro\u0161kova programa<\/p>\n<ul>\n<li><strong>KAZALI\u0160NA TRIBINA ZA DJECU I MLADE \u201eCUKOREK\u201c<\/strong><\/li>\n<\/ul>\n<p>4,00 \u20ac<\/p>\n<p>Obiteljska ulaznica 12,00 \u20ac\u00a0 \/ 4 ulaznice \/\u00a0 svaka sljede\u0107a pridodana obiteljskoj 3,00 \u20ac<\/p>\n<ul>\n<li><strong>ASSITEJ \/ SUSRET PROFESIONALNIH KAZALI\u0160TA ZA DJECU I MLADE<\/strong><\/li>\n<\/ul>\n<p>4,00 \u20ac<\/p>\n<ul>\n<li><strong>FILMSKI PROGRAM<\/strong><\/li>\n<\/ul>\n<p>REDOVNE CIJENE<\/p>\n<p><u>2 D filmovi<\/u><\/p>\n<p>animirani \u00a0\u00a0\u00a0\u00a0\u00a0\u00a0\u00a0\u00a0\u00a0\u00a0\u00a0\u00a0\u00a0\u00a0\u00a0\u00a0\u00a0\u00a0\u00a0 4,00 \u20ac<\/p>\n<p>igrani film \u00a0\u00a0\u00a0\u00a0\u00a0\u00a0\u00a0\u00a0\u00a0\u00a0\u00a0\u00a0\u00a0\u00a0\u00a0\u00a0\u00a0 4,00 \u20ac<\/p>\n<p>pretpremijere\u00a0\u00a0 \u00a0\u00a0\u00a0\u00a0\u00a0\u00a0\u00a0\u00a0\u00a0\u00a0\u00a0 5,00 \u20ac<\/p>\n<p><u>3 D filmovi<\/u><\/p>\n<p>animirani \u00a0\u00a0\u00a0\u00a0\u00a0\u00a0\u00a0\u00a0\u00a0\u00a0\u00a0\u00a0\u00a0\u00a0\u00a0\u00a0\u00a0\u00a0\u00a0 4,00 \u20ac<\/p>\n<p>igrani film \u00a0\u00a0\u00a0\u00a0\u00a0\u00a0\u00a0\u00a0\u00a0\u00a0\u00a0\u00a0\u00a0\u00a0\u00a0\u00a0\u00a0 4,50 \u20ac<\/p>\n<p>pretpremijere\u00a0\u00a0\u00a0\u00a0\u00a0\u00a0\u00a0\u00a0\u00a0\u00a0\u00a0\u00a0\u00a0 5,50 \u20ac<\/p>\n<p><strong>Dje\u010dja filmska tribina<\/strong><\/p>\n<p>4,00 \u20ac<\/p>\n<p>Obiteljska ulaznica 12,00 \u20ac \/ 4 ulaznice \/\u00a0 svaka sljede\u0107a pridodana obiteljskoj 3,00 \u20ac<\/p>\n<p><strong>IZVANREDNE CIJENE<\/strong><\/p>\n<p>Organizirane projekcije za vrti\u0107e i \u0161kole \/ 2D \u00a0\u00a0\u00a0\u00a0\u00a0\u00a0\u00a0\u00a0\u00a0\u00a0 3,00 \u20ac<\/p>\n<p>Organizirane projekcije za vrti\u0107e i \u0161kole \/ 3D \u00a0\u00a0\u00a0\u00a0\u00a0\u00a0\u00a0\u00a0\u00a0\u00a0 3,50 \u20ac<\/p>\n<p>Studentske kartice \/ 2D\u00a0\u00a0\u00a0\u00a0\u00a0\u00a0\u00a0\u00a0\u00a0\u00a0\u00a0\u00a0\u00a0\u00a0\u00a0\u00a0\u00a0\u00a0\u00a0\u00a0\u00a0\u00a0\u00a0\u00a0\u00a0\u00a0\u00a0\u00a0\u00a0\u00a0\u00a0\u00a0\u00a0\u00a0\u00a0\u00a0\u00a0\u00a0\u00a0\u00a0\u00a0\u00a0\u00a0\u00a0 3,00 \u20ac<\/p>\n<p>Studentske kartice \/ 3D\u00a0\u00a0\u00a0\u00a0\u00a0\u00a0\u00a0\u00a0\u00a0\u00a0\u00a0\u00a0\u00a0\u00a0\u00a0\u00a0\u00a0\u00a0\u00a0\u00a0\u00a0\u00a0\u00a0\u00a0\u00a0\u00a0\u00a0\u00a0\u00a0\u00a0\u00a0\u00a0\u00a0\u00a0\u00a0\u00a0\u00a0\u00a0\u00a0\u00a0\u00a0\u00a0\u00a0\u00a0 4,00 \u20ac<\/p>\n<p>Umirovljenici \/ sve projekcije\u00a0 \u00a0 \u00a0 \u00a0 \u00a0 \u00a0 \u00a0 \u00a0 \u00a0 \u00a0 \u00a0 \u00a0 \u00a0 \u00a0 \u00a0 \u00a0 \u00a0 \u00a0 3,00 \u20ac<\/p>\n<p>Ro\u0111endan \/ besplatna ulaznica za slavljenika (uz identifikacijski dokument)<\/p>\n<p>Branitelji (uz identifikacijski dokument)\u00a0 \u00a0 \u00a0 \u00a0 \u00a0 \u00a0 \u00a0 \u00a0 \u00a0 \u00a0 3,00 \u20ac<\/p>\n<p>Invalidi (uz identifikacijski dokument)\u00a0\u00a0\u00a0\u00a0\u00a0\u00a0\u00a0\u00a0\u00a0\u00a0\u00a0\u00a0\u00a0\u00a0\u00a0\u00a0\u00a0\u00a0\u00a0\u00a0 besplatno<\/p>\n<p><strong>\u00a0<\/strong><strong>Moje malo kino<\/strong><\/p>\n<p><strong>3,00 \u20ac<\/strong><\/p>\n<p><strong>Revija filmova za djecu<\/strong><\/p>\n<p><strong>3,00 \u20ac\u00a0<\/strong><\/p>\n<p><strong>IZMJENA PROGRAMA<\/strong><\/p>\n<p><strong>Centar za kulturu zadr\u017eava pravo izmjene programa<\/strong> zbog neplaniranih novonastalih okolnosti. U slu\u010daju izmjene ili odgode programa ulaznice se mogu vratiti na blagajnu Centra.<\/p>\n<p><a href=\"http:\/\/czk-cakovec.hr\/wp-content\/uploads\/2011\/11\/DVORANA-CZK.jpg\"><img loading=\"lazy\" class=\"alignnone wp-image-11462 size-full\" src=\"https:\/\/czk-cakovec.hr\/wp-content\/uploads\/2011\/11\/DVORANA-CZK.jpg\" alt=\"DVORANA CZK\" width=\"499\" height=\"299\" srcset=\"https:\/\/czk-cakovec.hr\/stara\/wp-content\/uploads\/2011\/11\/DVORANA-CZK.jpg 499w, https:\/\/czk-cakovec.hr\/stara\/wp-content\/uploads\/2011\/11\/DVORANA-CZK-300x180.jpg 300w, https:\/\/czk-cakovec.hr\/stara\/wp-content\/uploads\/2011\/11\/DVORANA-CZK-400x240.jpg 400w\" sizes=\"(max-width: 499px) 100vw, 499px\" \/><\/a><\/p>\n<ul>\n<li><strong>DVORANA CENTRA ZA KULTURU \u010cAKOVEC &#8211; PLAN SJEDALA<\/strong><\/li>\n<\/ul>\n<p><a href=\"https:\/\/czk-cakovec.hr\/wp-content\/uploads\/2023\/01\/PLAN-SJEDALA-ZA-TISAK.jpg\"><img loading=\"lazy\" class=\"alignnone wp-image-39209\" src=\"https:\/\/czk-cakovec.hr\/wp-content\/uploads\/2023\/01\/PLAN-SJEDALA-ZA-TISAK.jpg\" alt=\"\" width=\"800\" height=\"568\" srcset=\"https:\/\/czk-cakovec.hr\/stara\/wp-content\/uploads\/2023\/01\/PLAN-SJEDALA-ZA-TISAK.jpg 1800w, https:\/\/czk-cakovec.hr\/stara\/wp-content\/uploads\/2023\/01\/PLAN-SJEDALA-ZA-TISAK-300x213.jpg 300w, https:\/\/czk-cakovec.hr\/stara\/wp-content\/uploads\/2023\/01\/PLAN-SJEDALA-ZA-TISAK-1024x726.jpg 1024w, https:\/\/czk-cakovec.hr\/stara\/wp-content\/uploads\/2023\/01\/PLAN-SJEDALA-ZA-TISAK-768x545.jpg 768w, https:\/\/czk-cakovec.hr\/stara\/wp-content\/uploads\/2023\/01\/PLAN-SJEDALA-ZA-TISAK-1536x1090.jpg 1536w, https:\/\/czk-cakovec.hr\/stara\/wp-content\/uploads\/2023\/01\/PLAN-SJEDALA-ZA-TISAK-1269x900.jpg 1269w, https:\/\/czk-cakovec.hr\/stara\/wp-content\/uploads\/2023\/01\/PLAN-SJEDALA-ZA-TISAK-1000x709.jpg 1000w, https:\/\/czk-cakovec.hr\/stara\/wp-content\/uploads\/2023\/01\/PLAN-SJEDALA-ZA-TISAK-800x568.jpg 800w, https:\/\/czk-cakovec.hr\/stara\/wp-content\/uploads\/2023\/01\/PLAN-SJEDALA-ZA-TISAK-600x426.jpg 600w, https:\/\/czk-cakovec.hr\/stara\/wp-content\/uploads\/2023\/01\/PLAN-SJEDALA-ZA-TISAK-400x284.jpg 400w\" sizes=\"(max-width: 800px) 100vw, 800px\" \/><\/a><\/p>\n<p>&nbsp;<\/p>\n","protected":false},"excerpt":{"rendered":"<p>Telefon: 040 323 100 blagajna@czk-cakovec.hr\u00a0 RADNO VRIJEME BLAGAJNE\u00a0\u00a0 ponedjeljak \/ 10.00 &#8211; 12.00 i 17.00 &#8211;\u00a0 20.00 sati utorak\u00a0 \/ BLAGAJNA NE RADI srijeda \/ 10.00 &#8211; 12.00 i 18.00 &#8211;\u00a0 20.00 sati \u010detvrtak \/ 10.00 &#8211; 12.00 i 18.00 &#8211;\u00a0 20.00 sati petak \/ 10.00 &#8211; 12.00 i 17.00 &#8211;\u00a0 20.00 sati subota \/ [&hellip;]<\/p>\n","protected":false},"author":1,"featured_media":11465,"parent":0,"menu_order":0,"comment_status":"closed","ping_status":"closed","template":"","meta":[],"_links":{"self":[{"href":"https:\/\/czk-cakovec.hr\/stara\/wp-json\/wp\/v2\/pages\/262"}],"collection":[{"href":"https:\/\/czk-cakovec.hr\/stara\/wp-json\/wp\/v2\/pages"}],"about":[{"href":"https:\/\/czk-cakovec.hr\/stara\/wp-json\/wp\/v2\/types\/page"}],"author":[{"embeddable":true,"href":"https:\/\/czk-cakovec.hr\/stara\/wp-json\/wp\/v2\/users\/1"}],"replies":[{"embeddable":true,"href":"https:\/\/czk-cakovec.hr\/stara\/wp-json\/wp\/v2\/comments?post=262"}],"version-history":[{"count":87,"href":"https:\/\/czk-cakovec.hr\/stara\/wp-json\/wp\/v2\/pages\/262\/revisions"}],"predecessor-version":[{"id":43730,"href":"https:\/\/czk-cakovec.hr\/stara\/wp-json\/wp\/v2\/pages\/262\/revisions\/43730"}],"wp:featuredmedia":[{"embeddable":true,"href":"https:\/\/czk-cakovec.hr\/stara\/wp-json\/wp\/v2\/media\/11465"}],"wp:attachment":[{"href":"https:\/\/czk-cakovec.hr\/stara\/wp-json\/wp\/v2\/media?parent=262"}],"curies":[{"name":"wp","href":"https:\/\/api.w.org\/{rel}","templated":true}]}}