{"id":270,"date":"2011-11-03T19:58:48","date_gmt":"2011-11-03T18:58:48","guid":{"rendered":"http:\/\/czk-cakovec.hr\/?page_id=270"},"modified":"2024-06-04T11:46:25","modified_gmt":"2024-06-04T09:46:25","slug":"impresum","status":"publish","type":"page","link":"https:\/\/czk-cakovec.hr\/stara\/impresum\/","title":{"rendered":"Impresum"},"content":{"rendered":"<p><a href=\"https:\/\/czk-cakovec.hr\/wp-content\/uploads\/2021\/11\/czk_logo_2021.png\"><img loading=\"lazy\" class=\"alignnone size-full wp-image-33891\" src=\"https:\/\/czk-cakovec.hr\/wp-content\/uploads\/2021\/11\/czk_logo_2021.png\" alt=\"\" width=\"500\" height=\"89\" srcset=\"https:\/\/czk-cakovec.hr\/stara\/wp-content\/uploads\/2021\/11\/czk_logo_2021.png 500w, https:\/\/czk-cakovec.hr\/stara\/wp-content\/uploads\/2021\/11\/czk_logo_2021-300x53.png 300w, https:\/\/czk-cakovec.hr\/stara\/wp-content\/uploads\/2021\/11\/czk_logo_2021-400x71.png 400w\" sizes=\"(max-width: 500px) 100vw, 500px\" \/><\/a><\/p>\n<p><strong>SLU\u017dBENE STRANICE CENTRA ZA KULTURU \u010cAKOVEC<\/strong><\/p>\n<p style=\"line-height: 18.0pt;\"><strong><span style=\"font-family: 'Georgia',serif; color: #333333;\">Vodi\u010d kroz djelatnosti i najave programa<\/span><\/strong><\/p>\n<p style=\"line-height: 18.0pt; orphans: auto; text-align: start; widows: 1; -webkit-text-stroke-width: 0px; word-spacing: 0px;\"><strong><span style=\"font-family: 'Georgia',serif; color: #333333;\">Adresa:<\/span><\/strong><span style=\"font-family: 'Georgia',serif; color: #333333;\">\u00a0<a href=\"http:\/\/www.czk-cakovec.hr\/czk\/http.\/\/www.czk-cakovec.hr\">http.\/\/www.czk-cakovec.hr<\/a><\/span><\/p>\n<p style=\"line-height: 18.0pt; orphans: auto; text-align: start; widows: 1; -webkit-text-stroke-width: 0px; word-spacing: 0px;\"><strong><span style=\"font-family: 'Georgia',serif; color: #333333;\">Izdava\u010d:<\/span><\/strong><span style=\"font-family: 'Georgia',serif; color: #333333;\"><br \/>\nCentar za kulturu \u010cakovec, Trg Republike 3, 40 000 \u010cakovec<\/span><\/p>\n<p style=\"line-height: 18.0pt; orphans: auto; text-align: start; widows: 1; -webkit-text-stroke-width: 0px; word-spacing: 0px;\"><strong><span style=\"font-family: 'Georgia',serif; color: #333333;\">OIB: 90436584362<\/span><\/strong><span style=\"font-family: 'Georgia',serif; color: #333333;\"><br \/>\nTel. centrala: \u00a0040 311 \u2013 488<\/span><\/p>\n<p>e-mail:\u00a0<a href=\"mailto:info@czk-cakovec.hr\">info@czk-cakovec.hr<\/a><\/p>\n<ul>\n<li style=\"line-height: 18.0pt; orphans: auto; text-align: start; widows: 1; -webkit-text-stroke-width: 0px; word-spacing: 0px;\"><strong>Blagajna: 040 323 100 \u00a0\u00a0<\/strong><\/li>\n<\/ul>\n<p style=\"line-height: 18.0pt;\">e-mail: <a href=\"mailto:blagajna@czk-cakovec.hr\">blagajna@czk-cakovec.hr<\/a><\/p>\n<p style=\"line-height: 18.0pt;\"><strong><span style=\"font-family: 'Georgia',serif; color: #333333;\">Za izdava\u010da:<\/span><\/strong><span style=\"font-family: 'Georgia',serif; color: #333333;\"><br \/>\nHelga Lajtman, ravnateljica<\/span><\/p>\n<p><a href=\"mailto:ravnatelj@czk-cakovec.hr\">ravnatelj@czk-cakovec.hr<\/a><\/p>\n<p>Zamjenica ravnateljice: <span style=\"font-family: 'Georgia',serif; color: #333333;\">Petra Furdi \u0160afari\u0107, voditeljica ra\u010dunovodstva<\/span><\/p>\n<p style=\"line-height: 18.0pt; orphans: auto; text-align: start; widows: 1; -webkit-text-stroke-width: 0px; word-spacing: 0px;\"><strong><span style=\"font-family: 'Georgia',serif; color: #333333;\">Uredni\u0161tvo:<\/span><\/strong><span style=\"font-family: 'Georgia',serif; color: #333333;\"><br \/>\nvoditelji djelatnosti CZK<\/span><\/p>\n<p><strong>Administracija:<\/strong><\/p>\n<p>Lana Androi\u0107 \u0160ari\u0107<\/p>\n<p><a href=\"mailto:marketing@czk-cakovec.hr\">marketing@czk-cakovec.hr<\/a><\/p>\n<p>Ljiljana Mu\u010di\u0107<\/p>\n<p><a href=\"mailto:info@czk-cakovec.hr\">info@czk-cakovec.hr<\/a><\/p>\n<p><strong>Naziv tvrtke:\u00a0<\/strong>CENTAR ZA KULTURU \u010cAKOVEC<\/p>\n<p><strong>Skra\u0107eni naziv:<\/strong> CZK \u010cAKOVEC<\/p>\n<p><strong>S<\/strong><strong>jedi\u0161te tvrtke:\u00a0<\/strong>40 000 \u010cakovec, Trg Republike\u00a03<\/p>\n<p><strong>Sud kod kojega je tvrtka upisana u Sudski registar:\u00a0<\/strong>TRGOVA\u010cKI SUD U VARA\u017dDINU<\/p>\n<p><strong>Broj pod kojim je tvrtka upisana u Sudski registar:\u00a0<\/strong>070001827<\/p>\n<p>IBAN: HR6323600001101743181 \/ Zagreba\u010dka banka<\/p>\n<p><strong>Ravnateljica: <\/strong>Helga Lajtman<\/p>\n<p><strong>Pravni oblik:\u00a0<\/strong>Ustanova<\/p>\n","protected":false},"excerpt":{"rendered":"<p>SLU\u017dBENE STRANICE CENTRA ZA KULTURU \u010cAKOVEC Vodi\u010d kroz djelatnosti i najave programa Adresa:\u00a0http.\/\/www.czk-cakovec.hr Izdava\u010d: Centar za kulturu \u010cakovec, Trg Republike 3, 40 000 \u010cakovec OIB: 90436584362 Tel. centrala: \u00a0040 311 \u2013 488 e-mail:\u00a0info@czk-cakovec.hr Blagajna: 040 323 100 \u00a0\u00a0 e-mail: blagajna@czk-cakovec.hr Za izdava\u010da: Helga Lajtman, ravnateljica ravnatelj@czk-cakovec.hr Zamjenica ravnateljice: Petra Furdi \u0160afari\u0107, voditeljica ra\u010dunovodstva Uredni\u0161tvo: voditelji [&hellip;]<\/p>\n","protected":false},"author":1,"featured_media":0,"parent":0,"menu_order":0,"comment_status":"closed","ping_status":"closed","template":"","meta":[],"_links":{"self":[{"href":"https:\/\/czk-cakovec.hr\/stara\/wp-json\/wp\/v2\/pages\/270"}],"collection":[{"href":"https:\/\/czk-cakovec.hr\/stara\/wp-json\/wp\/v2\/pages"}],"about":[{"href":"https:\/\/czk-cakovec.hr\/stara\/wp-json\/wp\/v2\/types\/page"}],"author":[{"embeddable":true,"href":"https:\/\/czk-cakovec.hr\/stara\/wp-json\/wp\/v2\/users\/1"}],"replies":[{"embeddable":true,"href":"https:\/\/czk-cakovec.hr\/stara\/wp-json\/wp\/v2\/comments?post=270"}],"version-history":[{"count":19,"href":"https:\/\/czk-cakovec.hr\/stara\/wp-json\/wp\/v2\/pages\/270\/revisions"}],"predecessor-version":[{"id":43121,"href":"https:\/\/czk-cakovec.hr\/stara\/wp-json\/wp\/v2\/pages\/270\/revisions\/43121"}],"wp:attachment":[{"href":"https:\/\/czk-cakovec.hr\/stara\/wp-json\/wp\/v2\/media?parent=270"}],"curies":[{"name":"wp","href":"https:\/\/api.w.org\/{rel}","templated":true}]}}