{"id":7957,"date":"2011-11-03T19:55:30","date_gmt":"2011-11-03T18:55:30","guid":{"rendered":"http:\/\/czk-cakovec.hr\/?page_id=265"},"modified":"2023-11-02T07:39:38","modified_gmt":"2023-11-02T06:39:38","slug":"kucni-red","status":"publish","type":"page","link":"https:\/\/czk-cakovec.hr\/stara\/kucni-red\/","title":{"rendered":"Ku\u0107ni red"},"content":{"rendered":"<p><a href=\"https:\/\/czk-cakovec.hr\/wp-content\/uploads\/2021\/11\/czk_logo_2021.png\"><img loading=\"lazy\" class=\"alignnone wp-image-33891 size-medium\" src=\"https:\/\/czk-cakovec.hr\/wp-content\/uploads\/2021\/11\/czk_logo_2021-300x53.png\" alt=\"\" width=\"300\" height=\"53\" srcset=\"https:\/\/czk-cakovec.hr\/stara\/wp-content\/uploads\/2021\/11\/czk_logo_2021-300x53.png 300w, https:\/\/czk-cakovec.hr\/stara\/wp-content\/uploads\/2021\/11\/czk_logo_2021-400x71.png 400w, https:\/\/czk-cakovec.hr\/stara\/wp-content\/uploads\/2021\/11\/czk_logo_2021.png 500w\" sizes=\"(max-width: 300px) 100vw, 300px\" \/><\/a><\/p>\n<p>&nbsp;<\/p>\n<ul>\n<li><strong>RADNO VRIJEME BLAGAJNE\u00a0\u00a0<\/strong><\/li>\n<li><strong>ponedjeljak \/\u00a0 10.00 &#8211; 12.00 i 17.00 &#8211;\u00a0 20.00 sati<\/strong><\/li>\n<li><strong>utorak\u00a0 \/ BLAGAJNA NE RADI<\/strong><\/li>\n<li><strong>srijeda \/ 10.00 &#8211; 12.00 i 18.00 &#8211; 20.00 sati<\/strong><\/li>\n<li><strong>\u010detvrtak 10.00 &#8211; 12.00 i 18.00 &#8211; 20.00 sati<\/strong><\/li>\n<li><strong>petak \/ 10.00 &#8211; 12.00 i 17.00 -20.00 sati<\/strong><\/li>\n<li><strong>subota \/ 15.00 \u2013 20.00 sati<\/strong><\/li>\n<li><strong>nedjelja \/ 15.00 &#8211; 20.00 sati<\/strong><\/li>\n<li><strong>ili prilago\u0111eno programu<\/strong> (1 sat prije po\u010detka programa).<\/li>\n<li>Blagdanom blagajna prije podne ne radi<\/li>\n<\/ul>\n<ul>\n<li>Kako \u0107ete se \u010desto na\u0107i u ve\u0107oj grupi na\u0161ih posjetitelja obratite pa\u017enju na sljede\u0107e:<\/li>\n<li><strong>Molimo da na vrijeme nabavite svoje ulaznice<\/strong> kako bi izbjegli nepotrebne gu\u017eve na blagajni \u010dija je posljedica ka\u0161njenje programa.<\/li>\n<li><strong>Ulaznice <\/strong>su uvijek dostupne najkasnije\u00a0 tjedan dana prije odr\u017eavanja programa i <strong>ONLINE<\/strong> za redovne programe Centra za kulturu.<\/li>\n<li><strong>Molimo da ne kasnite <\/strong>&#8211; nakon po\u010detka predstave vi\u0161e ne\u0107e biti mogu\u0107e u\u0107i u dvoranu niti vratiti kupljene ulaznice.<\/li>\n<li><strong>U slu\u010daju sprije\u010denosti dolaska<\/strong>, kupljene ulaznice mo\u017eete vratiti na blagajnu Centra najkasnije do po\u010detka programa.<\/li>\n<li><strong>Povrat ulaznica za otkazani program<\/strong> mogu\u0107e je izvr\u0161iti u roku 30 dana od otkazivanja programa na blagajni Centra.<\/li>\n<li>Povrat novca za online kupljene ulaznice vr\u0161i se putem aplikacije.<\/li>\n<li><strong>Molimo roditelje da djecu ne dovode na programe neprimjerene njihovom uzrastu.<\/strong><\/li>\n<li><strong>Rezervacije NE primamo !<\/strong><\/li>\n<\/ul>\n<p><strong>Blagajna Centra za kulturu \u010cakovec<\/strong><\/p>\n<p>Kontakt: 040 323 100<\/p>\n<p><a href=\"mailto:blagajna@czk-cakovec.hr\">blagajna@czk-cakovec.hr<\/a><\/p>\n<p>&nbsp;<\/p>\n<p><strong>\u00a0<\/strong><strong>IZMJENA PROGRAMA<\/strong><\/p>\n<p><strong>Centar za kulturu zadr\u017eava pravo izmjene programa<\/strong> zbog neplaniranih novonastalih okolnosti. U slu\u010daju izmjene ili odgode programa ulaznice se mogu vratiti na blagajnu Centra.<\/p>\n<p>&nbsp;<\/p>\n","protected":false},"excerpt":{"rendered":"<p>&nbsp; RADNO VRIJEME BLAGAJNE\u00a0\u00a0 ponedjeljak \/\u00a0 10.00 &#8211; 12.00 i 17.00 &#8211;\u00a0 20.00 sati utorak\u00a0 \/ BLAGAJNA NE RADI srijeda \/ 10.00 &#8211; 12.00 i 18.00 &#8211; 20.00 sati \u010detvrtak 10.00 &#8211; 12.00 i 18.00 &#8211; 20.00 sati petak \/ 10.00 &#8211; 12.00 i 17.00 -20.00 sati subota \/ 15.00 \u2013 20.00 sati nedjelja \/ [&hellip;]<\/p>\n","protected":false},"author":1,"featured_media":0,"parent":0,"menu_order":0,"comment_status":"closed","ping_status":"closed","template":"","meta":[],"_links":{"self":[{"href":"https:\/\/czk-cakovec.hr\/stara\/wp-json\/wp\/v2\/pages\/7957"}],"collection":[{"href":"https:\/\/czk-cakovec.hr\/stara\/wp-json\/wp\/v2\/pages"}],"about":[{"href":"https:\/\/czk-cakovec.hr\/stara\/wp-json\/wp\/v2\/types\/page"}],"author":[{"embeddable":true,"href":"https:\/\/czk-cakovec.hr\/stara\/wp-json\/wp\/v2\/users\/1"}],"replies":[{"embeddable":true,"href":"https:\/\/czk-cakovec.hr\/stara\/wp-json\/wp\/v2\/comments?post=7957"}],"version-history":[{"count":61,"href":"https:\/\/czk-cakovec.hr\/stara\/wp-json\/wp\/v2\/pages\/7957\/revisions"}],"predecessor-version":[{"id":41472,"href":"https:\/\/czk-cakovec.hr\/stara\/wp-json\/wp\/v2\/pages\/7957\/revisions\/41472"}],"wp:attachment":[{"href":"https:\/\/czk-cakovec.hr\/stara\/wp-json\/wp\/v2\/media?parent=7957"}],"curies":[{"name":"wp","href":"https:\/\/api.w.org\/{rel}","templated":true}]}}